{"id":49587,"date":"2025-02-19T16:58:33","date_gmt":"2025-02-19T22:58:33","guid":{"rendered":"https:\/\/iselamendez.mx\/farmacia\/?post_type=product&#038;p=49587"},"modified":"2026-04-01T03:23:28","modified_gmt":"2026-04-01T09:23:28","slug":"zo-skin-health-acne-control-60ml","status":"publish","type":"product","link":"https:\/\/iselamendez.mx\/farmacia\/tienda\/funcion\/tratamiento\/acne\/zo-skin-health-acne-control-60ml\/","title":{"rendered":"ZO Skin Health Acne Control 60ml"},"content":{"rendered":"<h3><strong>ZO Skin Health Acne Control 60ml<\/strong><\/h3>\n<p>&nbsp;<\/p>\n<p>F\u00f3rmula de m\u00e1xima resistencia para combatir el acn\u00e9 y el exceso de grasa en el rostro, neutralizando las bacterias y previniendo futuros brotes.<\/p>\n<p>&nbsp;<\/p>\n<h4 class=\"fusion-responsive-typography-calculated\" data-fontsize=\"23\" data-lineheight=\"27.6px\"><strong>Beneficios:<\/strong><\/h4>\n<p>* Ayuda a neutralizar las bacterias que causan acn\u00e9\/brotes<\/p>\n<h4 class=\"fusion-responsive-typography-calculated\" data-fontsize=\"23\" data-lineheight=\"27.6px\"><strong>Ingredientes Principales:<\/strong><\/h4>\n<p>* Per\u00f3xido de benzoilo micronizado al 10%: tratamiento y prevenci\u00f3n del acn\u00e9<\/p>\n<p>* Glicerina: Repone y restaura la hidrataci\u00f3n<\/p>\n<p>* Extracto de t\u00e9 verde,extracto de corteza de pino, extracto de t\u00e9 rojo, extracto de semilla de uva: antioxidantes en pro de la salud de la piel del rostro<\/p>\n<h4 class=\"fusion-responsive-typography-calculated\" data-fontsize=\"23\" data-lineheight=\"27.6px\"><strong>Tipo de piel:<\/strong><\/h4>\n<p>Piel grasa + acn\u00e9<\/p>\n<h4 class=\"fusion-responsive-typography-calculated\" data-fontsize=\"23\" data-lineheight=\"27.6px\"><strong>Instrucciones de Uso:<\/strong><\/h4>\n<p>Aplique el producto con moderaci\u00f3n en una o dos \u00e1reas peque\u00f1as afectadas durante los primeros 3 d\u00edas. Si no se produce ninguna molestia, siga las instrucciones que se indican a continuaci\u00f3n. * Limpiar bien la piel antes de aplicar este producto. * Cubra toda el \u00e1rea afectada con una capa delgada de 1 a 3 veces al d\u00eda o como indique su m\u00e9dico o especialista al cuidadi de la piel. * Debido a que puede ocurrir resequedad de la piel, comience con una aplicaci\u00f3n diaria, luego aumente gradualmente a 2 o 3 veces al d\u00eda si es necesario o seg\u00fan las indicaciones de su m\u00e9dico o especialista al cuidado de la piel. * Si se produce resequedad o descamaci\u00f3n molesta, reduzca la aplicaci\u00f3n a una vez al d\u00eda o cada dos d\u00edas. * Si sale al aire libre, aplique protector solar despu\u00e9s de usar este producto y retoque cada 3 o 4 horas. Si se desarrolla irritaci\u00f3n o sensibilidad, suspenda el uso de ambos productos y consulte a un m\u00e9dico. S\u00f3lo para uso externo. No utilice este producto si su puel es muy sensible o no es tolerante al per\u00f3xido de benzoilo. Cuando utilice este producto: * Es m\u00e1s probable que ocurra irritaci\u00f3n y sequedad de la piel si usa otro medicamento t\u00f3pico para el acn\u00e9 al mismo tiempo. Si se produce irritaci\u00f3n, use solo un medicamento t\u00f3pico para el acn\u00e9 a la vez. * Evite la exposici\u00f3n solar innecesaria y use protector solar. * Evite el contacto con los ojos, los labios y la boca. * Evite el contacto con el cabello y las telas te\u00f1idas, que pueden ser decoloradas por este producto Puede ocurrir irritaci\u00f3n de la piel, caracterizada por enrojecimiento, ardor, picaz\u00f3n, descamaci\u00f3n o posiblemente hinchaz\u00f3n. La irritaci\u00f3n se puede reducir usando el producto con menos frecuencia o en una concentraci\u00f3n m\u00e1s baja. Si la irritaci\u00f3n se vuelve severa, suspenda su uso y consulte a su m\u00e9dico o especialista al cuidado de la piel. Mantener fuera del alcance de los ni\u00f1os. Si se ingiere, obtenga ayuda m\u00e9dica o comun\u00edquese con un centro de control de envenenamiento de inmediato.<\/p>\n","protected":false},"excerpt":{"rendered":"<p>ZO Skin Health Acne Control 60ml &nbsp; F\u00f3rmula de m\u00e1xima resistencia para combatir el acn\u00e9 y el exceso de grasa en el rostro, neutralizando las bacterias y previniendo futuros brotes. &nbsp; Beneficios: * Ayuda a neutralizar las bacterias que causan [&hellip;]<\/p>\n","protected":false},"featured_media":49566,"comment_status":"open","ping_status":"closed","template":"","meta":[],"product_brand":[479],"product_cat":[153,486,79,155,136],"product_tag":[],"class_list":{"0":"post-49587","1":"product","2":"type-product","3":"status-publish","4":"has-post-thumbnail","6":"product_brand-zo-skin-health","7":"product_cat-acne","8":"product_cat-promociones-2026","9":"product_cat-rostro","10":"product_cat-seboreguladores","11":"product_cat-zo-skin-health","13":"first","14":"outofstock","15":"shipping-taxable","16":"purchasable","17":"product-type-simple"},"aioseo_notices":[],"_links":{"self":[{"href":"https:\/\/iselamendez.mx\/farmacia\/wp-json\/wp\/v2\/product\/49587","targetHints":{"allow":["GET"]}}],"collection":[{"href":"https:\/\/iselamendez.mx\/farmacia\/wp-json\/wp\/v2\/product"}],"about":[{"href":"https:\/\/iselamendez.mx\/farmacia\/wp-json\/wp\/v2\/types\/product"}],"replies":[{"embeddable":true,"href":"https:\/\/iselamendez.mx\/farmacia\/wp-json\/wp\/v2\/comments?post=49587"}],"wp:featuredmedia":[{"embeddable":true,"href":"https:\/\/iselamendez.mx\/farmacia\/wp-json\/wp\/v2\/media\/49566"}],"wp:attachment":[{"href":"https:\/\/iselamendez.mx\/farmacia\/wp-json\/wp\/v2\/media?parent=49587"}],"wp:term":[{"taxonomy":"product_brand","embeddable":true,"href":"https:\/\/iselamendez.mx\/farmacia\/wp-json\/wp\/v2\/product_brand?post=49587"},{"taxonomy":"product_cat","embeddable":true,"href":"https:\/\/iselamendez.mx\/farmacia\/wp-json\/wp\/v2\/product_cat?post=49587"},{"taxonomy":"product_tag","embeddable":true,"href":"https:\/\/iselamendez.mx\/farmacia\/wp-json\/wp\/v2\/product_tag?post=49587"}],"curies":[{"name":"wp","href":"https:\/\/api.w.org\/{rel}","templated":true}]}}