{"id":50474,"date":"2025-03-10T11:27:25","date_gmt":"2025-03-10T17:27:25","guid":{"rendered":"https:\/\/iselamendez.mx\/farmacia\/?post_type=product&#038;p=50474"},"modified":"2026-04-21T23:06:00","modified_gmt":"2026-04-22T05:06:00","slug":"sensilis-the-cool-rescue-bruma-hidra-calmante-150ml","status":"publish","type":"product","link":"https:\/\/iselamendez.mx\/farmacia\/tienda\/funcion\/tratamiento\/hidratacion\/sensilis-the-cool-rescue-bruma-hidra-calmante-150ml\/","title":{"rendered":"Sensilis The Cool Rescue Bruma Hidra-Calmante 150ml"},"content":{"rendered":"<h2>Sensilis The Cool Rescue Bruma Hidra-Calmante 150ml<\/h2>\n<div class=\"prose order-7 mb-4 mt-4 px-2 text-xs font-light text-black md:px-0 md:text-sm\">\n<p>T\u00f3nico en formato bruma con efecto calmante e hidratante, que ayuda a refrescar incluso las pieles m\u00e1s sensibles de forma instant\u00e1nea.<\/p>\n<\/div>\n<div class=\"prose order-12 mb-4 mt-10 px-2 text-sm font-light text-black marker:text-black md:px-0\">\n<p>Beneficios:<\/p>\n<ul>\n<li><strong>+20% hidrataci\u00f3n<\/strong>\u00a0en un mes<\/li>\n<li><strong>-17% TEWL\u00a0<\/strong>en un mes<\/li>\n<li><strong>Acci\u00f3n calmante<\/strong>\u00a0inmediata<\/li>\n<li class=\"flex min-h-[33px] items-center gap-2\"><span class=\"text-xs font-light capitalize\">Dermatol\u00f3gicamente y oftalmol\u00f3gicamente <strong>testado en pieles sensibles<\/strong><\/span><\/li>\n<li class=\"flex min-h-[33px] items-center gap-2\"><span class=\"text-xs font-light capitalize\">Testado en 5 metales pesados<\/span><\/li>\n<li class=\"flex min-h-[33px] items-center gap-2\"><strong><span class=\"text-xs font-light capitalize\">No comedog\u00e9nico<\/span><\/strong><\/li>\n<li class=\"flex min-h-[33px] items-center gap-2\"><strong><span class=\"text-xs font-light capitalize\">Hipoalerg\u00e9nico<\/span><\/strong><\/li>\n<\/ul>\n<div class=\"overflow-hidden \">\n<h4 class=\"text-xs font-medium\"><strong>\u00bfEs para ti?<\/strong><\/h4>\n<\/div>\n<div class=\"overflow-hidden \">\n<div class=\"text-3xl font-light md:text-5xl lg:max-w-6xl [&amp;_img]:-mt-[3px] [&amp;_img]:inline-flex [&amp;_img]:h-[52px] [&amp;_img]:w-auto [&amp;_img]:rounded-[45px] [&amp;_img]:object-cover [&amp;_img]:object-center\">\n<p>Es ideal para pieles sensibles, reactivas, irritadas o con tendencia a las rojeces que busquen una acci\u00f3n calmante inmediata. Tambi\u00e9n se recomienda su uso tras someterse a un procedimiento m\u00e9dico-est\u00e9tico.<\/p>\n<\/div>\n<h5 class=\"font-light\"><strong>[Beneficios principales]<\/strong><\/h5>\n<div>\n<p>Tonifica<\/p>\n<p>Hidrata<\/p>\n<h5>Acci\u00f3n calmante inmediata<\/h5>\n<p><strong>\u00bfComo aplicar The Cool Rescue?<\/strong><\/p>\n<p>Pulverizar directamente sobre el rostro aproximadamente a 10-15 cms de distancia con su difusor.<br \/>\nPuede utilizarse como bruma refrescante durante el d\u00eda o como t\u00f3nico formando parte de la rutina diaria de cuidado facial. En pieles muy sensibles o reactivas, reaplicar durante el d\u00eda a demanda<\/p>\n<\/div>\n<\/div>\n<\/div>\n","protected":false},"excerpt":{"rendered":"<p>Sensilis The Cool Rescue Bruma Hidra-Calmante 150ml T\u00f3nico en formato bruma con efecto calmante e hidratante, que ayuda a refrescar incluso las pieles m\u00e1s sensibles de forma instant\u00e1nea. Beneficios: +20% hidrataci\u00f3n\u00a0en un mes -17% TEWL\u00a0en un mes Acci\u00f3n calmante\u00a0inmediata Dermatol\u00f3gicamente [&hellip;]<\/p>\n","protected":false},"featured_media":50552,"comment_status":"open","ping_status":"closed","template":"","meta":[],"product_brand":[386],"product_cat":[373,210,157,519,340,213,113,486,79,590,305],"product_tag":[],"class_list":{"0":"post-50474","1":"product","2":"type-product","3":"status-publish","4":"has-post-thumbnail","6":"product_brand-sensilis","7":"product_cat-bruma","8":"product_cat-hidratante","9":"product_cat-hidratacion","10":"product_cat-invierno","11":"product_cat-piel-alergica","12":"product_cat-piel-rojeces","13":"product_cat-piel-sensible","14":"product_cat-promociones-2026","15":"product_cat-rostro","16":"product_cat-semana-santa","17":"product_cat-sensilis","19":"first","20":"outofstock","21":"shipping-taxable","22":"purchasable","23":"product-type-simple"},"aioseo_notices":[],"_links":{"self":[{"href":"https:\/\/iselamendez.mx\/farmacia\/wp-json\/wp\/v2\/product\/50474","targetHints":{"allow":["GET"]}}],"collection":[{"href":"https:\/\/iselamendez.mx\/farmacia\/wp-json\/wp\/v2\/product"}],"about":[{"href":"https:\/\/iselamendez.mx\/farmacia\/wp-json\/wp\/v2\/types\/product"}],"replies":[{"embeddable":true,"href":"https:\/\/iselamendez.mx\/farmacia\/wp-json\/wp\/v2\/comments?post=50474"}],"wp:featuredmedia":[{"embeddable":true,"href":"https:\/\/iselamendez.mx\/farmacia\/wp-json\/wp\/v2\/media\/50552"}],"wp:attachment":[{"href":"https:\/\/iselamendez.mx\/farmacia\/wp-json\/wp\/v2\/media?parent=50474"}],"wp:term":[{"taxonomy":"product_brand","embeddable":true,"href":"https:\/\/iselamendez.mx\/farmacia\/wp-json\/wp\/v2\/product_brand?post=50474"},{"taxonomy":"product_cat","embeddable":true,"href":"https:\/\/iselamendez.mx\/farmacia\/wp-json\/wp\/v2\/product_cat?post=50474"},{"taxonomy":"product_tag","embeddable":true,"href":"https:\/\/iselamendez.mx\/farmacia\/wp-json\/wp\/v2\/product_tag?post=50474"}],"curies":[{"name":"wp","href":"https:\/\/api.w.org\/{rel}","templated":true}]}}