{"id":50486,"date":"2025-03-10T12:42:40","date_gmt":"2025-03-10T18:42:40","guid":{"rendered":"https:\/\/iselamendez.mx\/farmacia\/?post_type=product&#038;p=50486"},"modified":"2026-04-21T23:06:00","modified_gmt":"2026-04-22T05:06:00","slug":"svr-sun-secure-fluide-photo-age-spf-50-40ml","status":"publish","type":"product","link":"https:\/\/iselamendez.mx\/farmacia\/tienda\/funcion\/tratamiento\/anti-edad\/svr-sun-secure-fluide-photo-age-spf-50-40ml\/","title":{"rendered":"SVR Sun Secure Fluide Photo-Age SPF 50+ 40ml"},"content":{"rendered":"<h2><strong>SVR Sun Secure Fluide Photo-Age SPF 50+ 40ml<\/strong><\/h2>\n<p>&nbsp;<\/p>\n<p>UN SECURE FLUIDE PHOTO-AGE SPF50+ combina una protecci\u00f3n dermatol\u00f3gica de amplio espectro y UVA* reforzada con ingredientes antienvejecimiento para suavizar las finas l\u00edneas y las arrugas, corregir las manchas oscuras y reafirmar la piel. Sin Perfume.<\/p>\n<p><strong>FORMULADO PARA<\/strong><br \/>\nTodas las pieles sensibles y las pieles hipersensibles al sol. Rostro. Eficacia probada bajo control dermatol\u00f3gico sin comprometer las cualidades sensoriales del cuidado de la piel. No comedog\u00e9nico.<\/p>\n<p><strong>ADULTOS<\/strong><br \/>\nApto para mujeres embarazadas y en per\u00edodo de lactancia.<br \/>\n<strong>MUY RESISTENTE AL AGUA<\/strong><br \/>\nResistente al sudor, resistente al roce.<\/p>\n<p><strong>COMBINACI\u00d3N DE FILTROS SUN SECURE<\/strong><br \/>\nSe necesitaron a\u00f1os de investigaci\u00f3n para crear la combinaci\u00f3n de filtros ideal que brinde una protecci\u00f3n solar muy alta y un mayor respeto por la piel sensible y el medio ambiente marino. Las f\u00f3rmulas de SVR no contienen filtros sospechosos de ser disruptores endocrinos o irritantes, ni filtros que sean perjudiciales para los ecosistemas marinos. SIN PERFUME Para fomentar el uso diario.<\/p>\n<p>&nbsp;<\/p>\n<p><strong style=\"color: #000000; font-size: 17px;\">CONSEJOS DE USO<\/strong><\/p>\n<div class=\"has-more cursor-pointer accordions__item-title__wrapper accordion-shared-12 is-expanded\" data-check-class=\"\" data-uniq=\"986\" data-toggle-target=\"#a-986&amp;this\" data-toggle-classname=\"is-expanded\" data-remove-target=\".accordion-shared-12:not([data-uniq='986'])\" data-remove-classname=\"is-expanded\">\n<div class=\"accordions__item-title-icon__wrapper\"><strong>APLICAR GENEROSAMENTE POR LA MA\u00d1ANA<\/strong><\/div>\n<\/div>\n<div id=\"a-986\" class=\"content accordion-shared-12 is-expanded\" data-check-class=\"\" data-uniq=\"986\">\n<div class=\"accordions__item-content\">\n<div class=\"pt-4 [&amp;_*]:lg:text-[18px]\">\n<div class=\"prose-responsive max-w-full \">\n<p>Exti\u00e9ndelo uniformemente en todas las \u00e1reas del rostro .<\/p>\n<p><strong>REAPLICAR CON FRECUENCIA<\/strong><br \/>\nAntes de cada exposici\u00f3n al sol y durante una exposici\u00f3n prolongada.<\/p>\n<p>Aplica generosa y uniformemente antes de la exposici\u00f3n para garantizar una buena cobertura de la superficie expuesta. Reducir esta cantidad disminuye significativamente el nivel de protecci\u00f3n. Un producto de protecci\u00f3n solar nunca proporciona una protecci\u00f3n completa. Reaplica con frecuencia para mantener la protecci\u00f3n, especialmente despu\u00e9s de transpirar, nadar o secarte con la toalla. Evita la exposici\u00f3n al sol durante las hora de mayor radiaci\u00f3n solar (entre las 12 y las 16 horas); en caso contrario, usa ropa protectora. Las quemaduras solares son peligrosas, sobre todo para los ni\u00f1os. Utiliza productos de protecci\u00f3n solar adecuados para tu tipo de piel. El uso de este producto no debe favorecer la exposici\u00f3n prolongada al sol. Demasiado sol es peligroso. No expongas a los beb\u00e9s ni a los ni\u00f1os peque\u00f1os a la luz solar directa. Utiliza siempre ropa protectora para tu beb\u00e9 y aplica protecci\u00f3n solar solo en las zonas expuestas.<\/p>\n<\/div>\n<\/div>\n<\/div>\n<\/div>\n<p>&nbsp;<\/p>\n<h5 class=\"font-medium text-[32px] lg:text-[36px] mb-4\"><strong>RESULTADOS<\/strong><\/h5>\n<h5 class=\"text-h5 mb-2\"><strong>DESPU\u00c9S DE 28 D\u00cdAS<\/strong><\/h5>\n<p class=\"lg:text-[18px] text-big\">\u2022 25% Reducci\u00f3n de arrugas visibles y l\u00edneas finas<sup>3<\/sup><\/p>\n<p class=\"lg:text-[18px] text-big\">\u2022 11% Reducci\u00f3n de las marcas de pigmentaci\u00f3n<sup>4<\/sup><\/p>\n<p class=\"lg:text-[18px] text-big\">\u2022 77% La piel est\u00e1 visiblemente tersa<sup>5<\/sup><\/p>\n<h5 class=\"text-h5 mb-2\"><strong>IDEAL PARA EL USO DIARIO<\/strong><\/h5>\n<p class=\"lg:text-[18px] text-big\">\u2022 100% El producto es f\u00e1cil de usar a diario<sup>5<\/sup><\/p>\n<p class=\"lg:text-[18px] text-big\">\u2022 94% El producto es una buena base de maquillaje<sup>5<\/sup><\/p>\n<p class=\"lg:text-[18px] text-big\">3- Autoevaluaci\u00f3n, 31 voluntarios, aplicaci\u00f3n diaria durante 56 d\u00edas, % de satisfacci\u00f3n.<\/p>\n<p class=\"lg:text-[18px] text-big\">4- Puntuaci\u00f3n en 31 voluntarios, aplicaci\u00f3n diaria durante 56 d\u00edas, % de cambio.<\/p>\n<p class=\"lg:text-[18px] text-big\">5- Pruebas comedog\u00e9nicas en 20 voluntarios, aplicaci\u00f3n diaria durante 28 d\u00edas, % de satisfacci\u00f3n.<\/p>\n","protected":false},"excerpt":{"rendered":"<p>SVR Sun Secure Fluide Photo-Age SPF 50+ 40ml &nbsp; UN SECURE FLUIDE PHOTO-AGE SPF50+ combina una protecci\u00f3n dermatol\u00f3gica de amplio espectro y UVA* reforzada con ingredientes antienvejecimiento para suavizar las finas l\u00edneas y las arrugas, corregir las manchas oscuras y [&hellip;]<\/p>\n","protected":false},"featured_media":50550,"comment_status":"open","ping_status":"closed","template":"","meta":[],"product_brand":[474],"product_cat":[152,161,486,83,79,590,32],"product_tag":[],"class_list":{"0":"post-50486","1":"product","2":"type-product","3":"status-publish","4":"has-post-thumbnail","6":"product_brand-svr","7":"product_cat-anti-edad","8":"product_cat-crema-facial-tipo-de-producto","9":"product_cat-promociones-2026","10":"product_cat-protector-solar","11":"product_cat-rostro","12":"product_cat-semana-santa","13":"product_cat-svr","15":"first","16":"instock","17":"shipping-taxable","18":"purchasable","19":"product-type-simple"},"aioseo_notices":[],"_links":{"self":[{"href":"https:\/\/iselamendez.mx\/farmacia\/wp-json\/wp\/v2\/product\/50486","targetHints":{"allow":["GET"]}}],"collection":[{"href":"https:\/\/iselamendez.mx\/farmacia\/wp-json\/wp\/v2\/product"}],"about":[{"href":"https:\/\/iselamendez.mx\/farmacia\/wp-json\/wp\/v2\/types\/product"}],"replies":[{"embeddable":true,"href":"https:\/\/iselamendez.mx\/farmacia\/wp-json\/wp\/v2\/comments?post=50486"}],"wp:featuredmedia":[{"embeddable":true,"href":"https:\/\/iselamendez.mx\/farmacia\/wp-json\/wp\/v2\/media\/50550"}],"wp:attachment":[{"href":"https:\/\/iselamendez.mx\/farmacia\/wp-json\/wp\/v2\/media?parent=50486"}],"wp:term":[{"taxonomy":"product_brand","embeddable":true,"href":"https:\/\/iselamendez.mx\/farmacia\/wp-json\/wp\/v2\/product_brand?post=50486"},{"taxonomy":"product_cat","embeddable":true,"href":"https:\/\/iselamendez.mx\/farmacia\/wp-json\/wp\/v2\/product_cat?post=50486"},{"taxonomy":"product_tag","embeddable":true,"href":"https:\/\/iselamendez.mx\/farmacia\/wp-json\/wp\/v2\/product_tag?post=50486"}],"curies":[{"name":"wp","href":"https:\/\/api.w.org\/{rel}","templated":true}]}}