{"id":50656,"date":"2025-03-12T17:23:20","date_gmt":"2025-03-12T23:23:20","guid":{"rendered":"https:\/\/iselamendez.mx\/farmacia\/?post_type=product&#038;p=50656"},"modified":"2026-04-01T03:23:34","modified_gmt":"2026-04-01T09:23:34","slug":"esthederm-intensive-retinol-eye-lifting-balm-15ml","status":"publish","type":"product","link":"https:\/\/iselamendez.mx\/farmacia\/tienda\/funcion\/tratamiento\/ojeras\/esthederm-intensive-retinol-eye-lifting-balm-15ml\/","title":{"rendered":"Esthederm Intensive Retinol Eye Lifting Balm 15ml"},"content":{"rendered":"<h3><strong>Esthederm Intensive Retinol Eye Lifting Balm 15ml<\/strong><\/h3>\n<p>Este contorno de ojos con efecto lifting posee el poder antiarrugas del retinol y una alta tolerancia para tratar la delicada piel del contorno de ojos. Reduce visiblemente las l\u00edneas de expresi\u00f3n, reafirma la piel y aten\u00faa las bolsas.<\/p>\n<p>Rejuvenece tu mirada con la tecnolog\u00eda avanzada Eye Retinol Complex, formulada con Pro-Retinol, que estimula la renovaci\u00f3n celular y la s\u00edntesis de col\u00e1geno y elastina para alisar visiblemente las arrugas y reafirmar la piel. Su combinaci\u00f3n de p\u00e9ptidos biomim\u00e9ticos reduce las ojeras, mientras que la cafe\u00edna combate los signos de fatiga. Con una acci\u00f3n suave y prolongada, esta f\u00f3rmula es ideal para el contorno de ojos sensible, garantizando una triple acci\u00f3n: anti-arrugas, anti-ojeras y anti-fatiga.<\/p>\n<p>En s\u00f3lo 2 meses, las arrugas profundas disminuyen un 15%. \u00a1M\u00e1xima eficacia, alta tolerancia!<\/p>\n<h4>Eficacia probada<\/h4>\n<p>ESTO ES LO QUE OPINAN LAS MUJERES QUE LO HAN PROBADO<\/p>\n<ul>\n<li>Reducci\u00f3n de la textura irregular. Piel un 100% m\u00e1s lisa (3)<\/li>\n<li>Recuperaci\u00f3n del 96% de luminosidad y vitalidad (4)<\/li>\n<li>Contorno de ojos con un 93% menos de sensaci\u00f3n de cansancio (4)<\/li>\n<li>El 93% de las bolsas disminuyen (4)<\/li>\n<li>Piel un 93% m\u00e1s firme y tonificada (4)<\/li>\n<li>El contorno de los ojos se ve un 93% m\u00e1s fresco y joven (4)<\/li>\n<\/ul>\n<div class=\"small\">\n<h6>(1) Prueba instrumental, 32 mujeres, 2 usos al d\u00eda, durante 56 d\u00edas.<br \/>\n(2) Valoraci\u00f3n cl\u00ednica, 32 mujeres, 2 usos al d\u00eda, durante 56 d\u00edas.<br \/>\n(3) Prueba de uso bajo control dermatol\u00f3gico, 32 mujeres, 2 usos al d\u00eda, durante 28 d\u00edas, % de satisfacci\u00f3n.<br \/>\n(4) Prueba de uso bajo control dermatol\u00f3gico, 32 mujeres, 2 usos al d\u00eda, durante 56 d\u00edas, % de satisfacci\u00f3n.<\/h6>\n<\/div>\n<h3>\u00bfC\u00f3mo aplicar el contorno de ojos como una experta?<\/h3>\n<p>La zona de los ojos es la primera en mostrar cansancio y signos de envejecimiento. Uno de los productos m\u00e1s efectivos para tratarla es el Contorno de Ojos Intensivo Retinol pero, tan importante es el producto como la forma en la que lo aplicamos.<\/p>\n<p>&nbsp;<\/p>\n","protected":false},"excerpt":{"rendered":"<p>Esthederm Intensive Retinol Eye Lifting Balm 15ml Este contorno de ojos con efecto lifting posee el poder antiarrugas del retinol y una alta tolerancia para tratar la delicada piel del contorno de ojos. Reduce visiblemente las l\u00edneas de expresi\u00f3n, reafirma [&hellip;]<\/p>\n","protected":false},"featured_media":50747,"comment_status":"open","ping_status":"closed","template":"","meta":[],"product_brand":[418],"product_cat":[73,162,159,201,486,214],"product_tag":[],"class_list":{"0":"post-50656","1":"product","2":"type-product","3":"status-publish","4":"has-post-thumbnail","6":"product_brand-esthederm","7":"product_cat-contorno-de-ojos","8":"product_cat-crema-contorno-de-ojos-tipo-de-producto","9":"product_cat-ojeras","10":"product_cat-esthederm","11":"product_cat-promociones-2026","12":"product_cat-retinol","14":"first","15":"instock","16":"shipping-taxable","17":"purchasable","18":"product-type-simple"},"aioseo_notices":[],"_links":{"self":[{"href":"https:\/\/iselamendez.mx\/farmacia\/wp-json\/wp\/v2\/product\/50656","targetHints":{"allow":["GET"]}}],"collection":[{"href":"https:\/\/iselamendez.mx\/farmacia\/wp-json\/wp\/v2\/product"}],"about":[{"href":"https:\/\/iselamendez.mx\/farmacia\/wp-json\/wp\/v2\/types\/product"}],"replies":[{"embeddable":true,"href":"https:\/\/iselamendez.mx\/farmacia\/wp-json\/wp\/v2\/comments?post=50656"}],"wp:featuredmedia":[{"embeddable":true,"href":"https:\/\/iselamendez.mx\/farmacia\/wp-json\/wp\/v2\/media\/50747"}],"wp:attachment":[{"href":"https:\/\/iselamendez.mx\/farmacia\/wp-json\/wp\/v2\/media?parent=50656"}],"wp:term":[{"taxonomy":"product_brand","embeddable":true,"href":"https:\/\/iselamendez.mx\/farmacia\/wp-json\/wp\/v2\/product_brand?post=50656"},{"taxonomy":"product_cat","embeddable":true,"href":"https:\/\/iselamendez.mx\/farmacia\/wp-json\/wp\/v2\/product_cat?post=50656"},{"taxonomy":"product_tag","embeddable":true,"href":"https:\/\/iselamendez.mx\/farmacia\/wp-json\/wp\/v2\/product_tag?post=50656"}],"curies":[{"name":"wp","href":"https:\/\/api.w.org\/{rel}","templated":true}]}}