{"id":50933,"date":"2025-03-18T17:13:16","date_gmt":"2025-03-18T23:13:16","guid":{"rendered":"https:\/\/iselamendez.mx\/farmacia\/?post_type=product&#038;p=50933"},"modified":"2026-04-21T23:06:01","modified_gmt":"2026-04-22T05:06:01","slug":"nanogen-shampoo-luxe-for-women-240ml","status":"publish","type":"product","link":"https:\/\/iselamendez.mx\/farmacia\/tienda\/zona-del-cuerpo\/cabeza\/nanogen-shampoo-luxe-for-women-240ml\/","title":{"rendered":"Nanogen Shampoo Luxe para Mujer 240ml"},"content":{"rendered":"<div id=\"ficha_producto_sup\">\n<div class=\"ficha_producto_col1\">\n<div class=\"gmx_tienda\">\n<div class=\"ficha_producto_resumen\">\n<h2><strong>Nanogen Shampoo Luxe For Women 240ml<\/strong><\/h2>\n<p>&nbsp;<\/p>\n<p>El champ\u00fa y acondicionador 7 en 1 para mujeres Nanogen, contiene una potente f\u00f3rmula hidratante y llena de nutrientes para tu pelo. Mantiene tu cabello y cuero cabelludo en condiciones \u00f3ptimas para un cabello m\u00e1s denso y saludable.<\/p>\n<p>El champ\u00fa y acondicionador\u00a07-IN-1 de Nanogen te da en un solo paso, los beneficios de varias soluciones capilares para mujeres.<\/p>\n<ul>\n<li>Neutro<\/li>\n<li>Libre de Parabenos<\/li>\n<li>Libre de SLS \/ SLES<\/li>\n<li>Sin Silicona<\/li>\n<li>Para usuarios de Minoxidil<\/li>\n<\/ul>\n<ol>\n<li><strong>Limpia:\u00a0<\/strong>La f\u00f3rmula contiene elementos tensoactivos que se adhieren a las part\u00edculas de aceite y suciedad y las eliminan del cabello para limpiar en profundidad el cuero cabelludo.<\/li>\n<li><strong>Hidratantes<\/strong>: con potentes hidratantes de glicerina y pantenol, 7-IN-1 proporciona una hidrataci\u00f3n incre\u00edble sin apelmazar el cabello, lo que lo hace perfecto para texturas de cabello m\u00e1s finas.<\/li>\n<li><strong>Densidad:<\/strong>\u00a0Formulado con elementos \u00fanicos para el crecimiento del cabello, funciona para desde los fol\u00edculos pilosos, favoreciendo el crecimiento natural del cabello.<\/li>\n<li><strong>Fortalecimiento<\/strong>: el gran cabello a menudo significa un cabello fuerte y resistente que resiste la rotura. Por eso hemos incluido la queratina en nuestra f\u00f3rmula 7-IN-1. Esto ayuda a fortalecer el cabello al penetrar la cut\u00edcula y fortalecer la queratina natural del cabello desde dentro.<\/li>\n<li><strong>Reequilibrios<\/strong>: formulados con beta glucano prebi\u00f3tico, que nutre y reequilibra el microbioma natural del cuero cabelludo. Adem\u00e1s el \u00e1cido salic\u00edlico exfolia activamente el cuero cabelludo para ayudar a prevenir la picaz\u00f3n y las escamas, adem\u00e1s de descomponer el sebo y la suciedad que puede obstruir los poros.<\/li>\n<li><strong>Combate la contaminaci\u00f3n<\/strong>: 7-IN-1 utiliza el extracto de t\u00e9 verde como un poderoso antioxidante para neutralizar los radicales libres, minimizando as\u00ed el da\u00f1o al cabello y al cuero cabelludo.<\/li>\n<li><strong>Optimizaci\u00f3n para las fibras<\/strong>: Nanogen 7-IN-1 contiene pol\u00edmeros de resina que funcionan creando una base perfecta para nuestras Fibras capilares de queratina. Estos pol\u00edmeros hacen que las hebras del cabello est\u00e9n fuertemente cargadas positivamente, por lo tanto, fortalecen el enlace electrost\u00e1tico con nuestras fibras.<\/li>\n<\/ol>\n<\/div>\n<\/div>\n<\/div>\n<\/div>\n<div id=\"ficha_producto_inf\">\n<div class=\"ficha_producto_txt\">\n<div id=\"dcr_confianza\"><\/div>\n<\/div>\n<\/div>\n","protected":false},"excerpt":{"rendered":"<p>Nanogen Shampoo Luxe For Women 240ml &nbsp; El champ\u00fa y acondicionador 7 en 1 para mujeres Nanogen, contiene una potente f\u00f3rmula hidratante y llena de nutrientes para tu pelo. Mantiene tu cabello y cuero cabelludo en condiciones \u00f3ptimas para un [&hellip;]<\/p>\n","protected":false},"featured_media":50939,"comment_status":"open","ping_status":"closed","template":"","meta":[],"product_brand":[449],"product_cat":[112,209,320,590,68],"product_tag":[],"class_list":{"0":"post-50933","1":"product","2":"type-product","3":"status-publish","4":"has-post-thumbnail","6":"product_brand-nanogen","7":"product_cat-cabeza","8":"product_cat-cuidado-capilar","9":"product_cat-nanogen","10":"product_cat-semana-santa","11":"product_cat-shampoo","13":"first","14":"instock","15":"shipping-taxable","16":"purchasable","17":"product-type-simple"},"aioseo_notices":[],"_links":{"self":[{"href":"https:\/\/iselamendez.mx\/farmacia\/wp-json\/wp\/v2\/product\/50933","targetHints":{"allow":["GET"]}}],"collection":[{"href":"https:\/\/iselamendez.mx\/farmacia\/wp-json\/wp\/v2\/product"}],"about":[{"href":"https:\/\/iselamendez.mx\/farmacia\/wp-json\/wp\/v2\/types\/product"}],"replies":[{"embeddable":true,"href":"https:\/\/iselamendez.mx\/farmacia\/wp-json\/wp\/v2\/comments?post=50933"}],"wp:featuredmedia":[{"embeddable":true,"href":"https:\/\/iselamendez.mx\/farmacia\/wp-json\/wp\/v2\/media\/50939"}],"wp:attachment":[{"href":"https:\/\/iselamendez.mx\/farmacia\/wp-json\/wp\/v2\/media?parent=50933"}],"wp:term":[{"taxonomy":"product_brand","embeddable":true,"href":"https:\/\/iselamendez.mx\/farmacia\/wp-json\/wp\/v2\/product_brand?post=50933"},{"taxonomy":"product_cat","embeddable":true,"href":"https:\/\/iselamendez.mx\/farmacia\/wp-json\/wp\/v2\/product_cat?post=50933"},{"taxonomy":"product_tag","embeddable":true,"href":"https:\/\/iselamendez.mx\/farmacia\/wp-json\/wp\/v2\/product_tag?post=50933"}],"curies":[{"name":"wp","href":"https:\/\/api.w.org\/{rel}","templated":true}]}}