{"id":51206,"date":"2025-03-24T17:41:18","date_gmt":"2025-03-24T23:41:18","guid":{"rendered":"https:\/\/iselamendez.mx\/farmacia\/?post_type=product&#038;p=51206"},"modified":"2026-04-21T23:06:02","modified_gmt":"2026-04-22T05:06:02","slug":"is-clinical-hydra-cool-serum-30ml","status":"publish","type":"product","link":"https:\/\/iselamendez.mx\/farmacia\/tienda\/funcion\/tratamiento\/anti-edad\/is-clinical-hydra-cool-serum-30ml\/","title":{"rendered":"Is Clinical Hydra Cool Serum 30ml"},"content":{"rendered":"<h1 class=\"product-meta__title heading h3\">Hydra-Cool Serum<\/h1>\n<p>HYDRA-COOL SERUM est\u00e1 formulado para rejuvenecer, hidratar y aliviar visiblemente la piel. Este suero refrescante, poderoso y penetrante combina antioxidantes superiores con bot\u00e1nicos y bio-nutrientes esenciales.<\/p>\n<p>El HYDRA-COOL SERUM est\u00e1 dise\u00f1ado para todos los tipos de piel y para todas las edades, y es lo suficientemente suave incluso para la piel m\u00e1s sensible.<\/p>\n<p><strong>Ingredientes principales:\u00a0<\/strong>Vitamina B5, Extracto de Hongos, \u00c1cido Hialur\u00f3nico, Centella Asi\u00e1tica<\/p>\n<div class=\"product-meta__price-list-container\" role=\"region\" aria-live=\"polite\">\n<div class=\"price-list\" data-product-price-list=\"\"><\/div>\n<\/div>\n","protected":false},"excerpt":{"rendered":"<p>Hydra-Cool Serum HYDRA-COOL SERUM est\u00e1 formulado para rejuvenecer, hidratar y aliviar visiblemente la piel. Este suero refrescante, poderoso y penetrante combina antioxidantes superiores con bot\u00e1nicos y bio-nutrientes esenciales. El HYDRA-COOL SERUM est\u00e1 dise\u00f1ado para todos los tipos de piel y [&hellip;]<\/p>\n","protected":false},"featured_media":51649,"comment_status":"open","ping_status":"closed","template":"","meta":[],"product_brand":[435],"product_cat":[152,157,519,138,113,79,69],"product_tag":[],"class_list":{"0":"post-51206","1":"product","2":"type-product","3":"status-publish","4":"has-post-thumbnail","6":"product_brand-is-clinical","7":"product_cat-anti-edad","8":"product_cat-hidratacion","9":"product_cat-invierno","10":"product_cat-is-clinical","11":"product_cat-piel-sensible","12":"product_cat-rostro","13":"product_cat-suero","15":"first","16":"outofstock","17":"shipping-taxable","18":"purchasable","19":"product-type-simple"},"aioseo_notices":[],"_links":{"self":[{"href":"https:\/\/iselamendez.mx\/farmacia\/wp-json\/wp\/v2\/product\/51206","targetHints":{"allow":["GET"]}}],"collection":[{"href":"https:\/\/iselamendez.mx\/farmacia\/wp-json\/wp\/v2\/product"}],"about":[{"href":"https:\/\/iselamendez.mx\/farmacia\/wp-json\/wp\/v2\/types\/product"}],"replies":[{"embeddable":true,"href":"https:\/\/iselamendez.mx\/farmacia\/wp-json\/wp\/v2\/comments?post=51206"}],"wp:featuredmedia":[{"embeddable":true,"href":"https:\/\/iselamendez.mx\/farmacia\/wp-json\/wp\/v2\/media\/51649"}],"wp:attachment":[{"href":"https:\/\/iselamendez.mx\/farmacia\/wp-json\/wp\/v2\/media?parent=51206"}],"wp:term":[{"taxonomy":"product_brand","embeddable":true,"href":"https:\/\/iselamendez.mx\/farmacia\/wp-json\/wp\/v2\/product_brand?post=51206"},{"taxonomy":"product_cat","embeddable":true,"href":"https:\/\/iselamendez.mx\/farmacia\/wp-json\/wp\/v2\/product_cat?post=51206"},{"taxonomy":"product_tag","embeddable":true,"href":"https:\/\/iselamendez.mx\/farmacia\/wp-json\/wp\/v2\/product_tag?post=51206"}],"curies":[{"name":"wp","href":"https:\/\/api.w.org\/{rel}","templated":true}]}}