{"id":52466,"date":"2025-04-11T10:39:29","date_gmt":"2025-04-11T16:39:29","guid":{"rendered":"https:\/\/iselamendez.mx\/farmacia\/?post_type=product&#038;p=52466"},"modified":"2026-04-01T03:23:36","modified_gmt":"2026-04-01T09:23:36","slug":"medik8-liquid-peptides-advanced-mp-30-ml","status":"publish","type":"product","link":"https:\/\/iselamendez.mx\/farmacia\/tienda\/funcion\/tratamiento\/anti-edad\/medik8-liquid-peptides-advanced-mp-30-ml\/","title":{"rendered":"Medik8 Liquid Peptides Advanced MP 30 Ml."},"content":{"rendered":"<p class=\"\" data-start=\"229\" data-end=\"447\"><span class=\"relative -mx-px my-[-0.2rem] rounded px-px py-[0.2rem] transition-colors duration-100 ease-in-out\"><strong data-start=\"0\" data-end=\"91\" data-is-only-node=\"\"><a href=\"https:\/\/www.facebook.com\/clinicaIselaMendez\" target=\"_new\" rel=\"noopener noreferrer\" data-start=\"2\" data-end=\"89\" data-is-only-node=\"\">Medik8 Liquid Peptides Advanced MP 30 ml<\/a><\/strong> es un suero facial de \u00faltima generaci\u00f3n dise\u00f1ado para combatir los signos avanzados del envejecimiento.<\/span> <span class=\"relative -mx-px my-[-0.2rem] rounded px-px py-[0.2rem] transition-colors duration-100 ease-in-out\">Su f\u00f3rmula contiene un 30% de complejo multip\u00e9ptido, incluyendo 13 p\u00e9ptidos antiedad, como Matrixyl 3000\u2122 y p\u00e9ptidos de cobre encapsulados, que trabajan en sinergia para suavizar l\u00edneas finas y arrugas, mientras restauran la textura juvenil de la piel.<\/span> <span class=\"relative -mx-px my-[-0.2rem] rounded px-px py-[0.2rem] transition-colors duration-100 ease-in-out\">Adem\u00e1s, est\u00e1 potenciado con \u00e1cido hialur\u00f3nico de pr\u00f3xima generaci\u00f3n que combina micro-filler hialur\u00f3nico con tres diferentes tipos de \u00e1cido hialur\u00f3nico de m\u00faltiples pesos para hidratar y volumizar la piel desde dentro.<\/span> <span class=\"relative -mx-px my-[-0.2rem] rounded px-px py-[0.2rem] transition-colors duration-100 ease-in-out\">Este suero es ideal para quienes buscan resultados visibles y duraderos sin recurrir a procedimientos invasivos.<\/span>\u200b<\/p>\n<p class=\"\" data-start=\"229\" data-end=\"447\"><strong data-start=\"449\" data-end=\"464\">Beneficios:<\/strong><\/p>\n<ul data-start=\"465\" data-end=\"954\">\n<li class=\"\" data-start=\"465\" data-end=\"552\">\n<p class=\"\" data-start=\"467\" data-end=\"552\"><span class=\"relative -mx-px my-[-0.2rem] rounded px-px py-[0.2rem] transition-colors duration-100 ease-in-out\">Reducci\u00f3n r\u00e1pida de l\u00edneas de expresi\u00f3n en 10 minutos.<\/span>\u200b<\/p>\n<\/li>\n<li class=\"\" data-start=\"553\" data-end=\"655\">\n<p class=\"\" data-start=\"555\" data-end=\"655\">Disminuci\u00f3n visible de arrugas profundas en 8 semanas.\u200b<\/p>\n<\/li>\n<li class=\"\" data-start=\"656\" data-end=\"750\">\n<p class=\"\" data-start=\"658\" data-end=\"750\">Mejora de la firmeza y elasticidad de la piel.\u200b<\/p>\n<\/li>\n<li class=\"\" data-start=\"751\" data-end=\"857\">\n<p class=\"\" data-start=\"753\" data-end=\"857\">Hidrataci\u00f3n profunda y restauraci\u00f3n de la barrera cut\u00e1nea.\u200b<\/p>\n<\/li>\n<li class=\"\" data-start=\"858\" data-end=\"954\">\n<p class=\"\" data-start=\"860\" data-end=\"954\">Complemento ideal para tratamientos inyectables.\u200b<\/p>\n<\/li>\n<\/ul>\n<p class=\"\" data-start=\"956\" data-end=\"973\"><strong data-start=\"956\" data-end=\"973\">Ingredientes:<\/strong><\/p>\n<ul data-start=\"974\" data-end=\"1325\">\n<li class=\"\" data-start=\"974\" data-end=\"1061\">\n<p class=\"\" data-start=\"976\" data-end=\"1061\"><span class=\"relative -mx-px my-[-0.2rem] rounded px-px py-[0.2rem] transition-colors duration-100 ease-in-out\">30% Complejo Multip\u00e9ptido: 13 p\u00e9ptidos antiedad, incluyendo Matrixyl 3000\u2122 y p\u00e9ptidos de cobre encapsulados.<\/span>\u200b<\/p>\n<\/li>\n<li class=\"\" data-start=\"1062\" data-end=\"1149\">\n<p class=\"\" data-start=\"1064\" data-end=\"1149\"><span class=\"relative -mx-px my-[-0.2rem] rounded px-px py-[0.2rem] transition-colors duration-100 ease-in-out\">\u00c1cido Hialur\u00f3nico de pr\u00f3xima generaci\u00f3n: combinaci\u00f3n de micro-filler hialur\u00f3nico con tres tipos de \u00e1cido hialur\u00f3nico de m\u00faltiples pesos.<\/span>\u200b<\/p>\n<\/li>\n<li class=\"\" data-start=\"1150\" data-end=\"1237\">\n<p class=\"\" data-start=\"1152\" data-end=\"1237\"><span class=\"relative -mx-px my-[-0.2rem] rounded px-px py-[0.2rem] transition-colors duration-100 ease-in-out\">Glicerina: humectante natural que mantiene la piel hidratada.<\/span>\u200b<\/p>\n<\/li>\n<li class=\"\" data-start=\"1238\" data-end=\"1325\">\n<p class=\"\" data-start=\"1240\" data-end=\"1325\"><span class=\"relative -mx-px my-[-0.2rem] rounded px-px py-[0.2rem] transition-colors duration-100 ease-in-out\">Pantenol (Provitamina B5): mejora la hidrataci\u00f3n y elasticidad de la piel.<\/span>\u200b<\/p>\n<\/li>\n<\/ul>\n<p class=\"\" data-start=\"1327\" data-end=\"1341\"><strong data-start=\"1327\" data-end=\"1341\">C\u00f3mo usar:<\/strong><\/p>\n<ol data-start=\"1342\" data-end=\"1697\">\n<li class=\"\" data-start=\"1342\" data-end=\"1430\">\n<p class=\"\" data-start=\"1345\" data-end=\"1430\"><span class=\"relative -mx-px my-[-0.2rem] rounded px-px py-[0.2rem] transition-colors duration-100 ease-in-out\">Aplicar por la ma\u00f1ana y noche sobre la piel limpia.<\/span>\u200b<\/p>\n<\/li>\n<li class=\"\" data-start=\"1431\" data-end=\"1519\">\n<p class=\"\" data-start=\"1434\" data-end=\"1519\"><span class=\"relative -mx-px my-[-0.2rem] rounded px-px py-[0.2rem] transition-colors duration-100 ease-in-out\">Dispensar 1-2 dosis de <strong data-start=\"23\" data-end=\"108\"><a href=\"https:\/\/www.facebook.com\/clinicaIselaMendez\" target=\"_new\" rel=\"noopener noreferrer\" data-start=\"25\" data-end=\"106\" data-is-only-node=\"\">Medik8 Liquid Peptides Advanced MP<\/a><\/strong> en la palma de la mano.<\/span>\u200b<span class=\"ms-1 inline-flex max-w-full items-center relative top-[-0.094rem] animate-[show_150ms_ease-in]\"><a class=\"flex h-6 overflow-hidden rounded-xl px-2.5 text-[0.5625em] font-medium !text-token-text-secondary !bg-[#F4F4F4] dark:!bg-[#303030] transition-colors duration-150 ease-in-out\" href=\"https:\/\/www.medik8.com\/products\/liquid-peptides-advanced-mp?srsltid=AfmBOoraz4czHorfHSbJAf5U81qBeCcIXBW38NL7JtjwMZtkgiu6V30p&amp;utm_source=chatgpt.com\" target=\"_blank\" rel=\"noopener\"><span class=\"relative start-0 bottom-0 flex h-full w-full items-center\"><span class=\"flex h-4 w-full items-center justify-between overflow-hidden\"><span class=\"max-w-full grow truncate overflow-hidden text-center\">Medik8<\/span><\/span><\/span><\/a><\/span><\/p>\n<\/li>\n<li class=\"\" data-start=\"1520\" data-end=\"1608\">\n<p class=\"\" data-start=\"1523\" data-end=\"1608\"><span class=\"relative -mx-px my-[-0.2rem] rounded px-px py-[0.2rem] transition-colors duration-100 ease-in-out\">Masajear suavemente sobre rostro, cuello y escote.<\/span>\u200b<\/p>\n<\/li>\n<li class=\"\" data-start=\"1609\" data-end=\"1697\">\n<p class=\"\" data-start=\"1612\" data-end=\"1697\"><span class=\"relative -mx-px my-[-0.2rem] rounded px-px py-[0.2rem] transition-colors duration-100 ease-in-out\">Dejar absorber antes de aplicar la crema hidratante habitual.<\/span>\u200b<\/p>\n<\/li>\n<\/ol>\n<p class=\"\" data-start=\"1699\" data-end=\"2052\">\u00a1Transforma tu piel con <strong data-start=\"1748\" data-end=\"1839\"><a class=\"\" href=\"https:\/\/www.facebook.com\/clinicaIselaMendez\" target=\"_new\" rel=\"noopener\" data-start=\"1750\" data-end=\"1837\">Medik8 Liquid Peptides Advanced MP 30 ml<\/a><\/strong>! Adqui\u00e9relo ahora en <a class=\"\" href=\"https:\/\/iselamendez.mx\/farmacia\/programa-de-lealtad-boutique-isela-mendez\" target=\"_new\" rel=\"noopener\" data-start=\"1861\" data-end=\"1950\">Isela M\u00e9ndez<\/a> y experimenta una piel m\u00e1s firme, suave y rejuvenecida.\u200b<\/p>\n<p class=\"\" data-start=\"2054\" data-end=\"2644\"><strong data-start=\"2054\" data-end=\"2069\">Conclusi\u00f3n:<\/strong> <strong data-start=\"2070\" data-end=\"2161\"><a class=\"\" href=\"https:\/\/www.facebook.com\/clinicaIselaMendez\" target=\"_new\" rel=\"noopener\" data-start=\"2072\" data-end=\"2159\">Medik8 Liquid Peptides Advanced MP 30 ml<\/a><\/strong> es el suero antiedad definitivo para quienes buscan resultados visibles y duraderos. Su avanzada f\u00f3rmula con p\u00e9ptidos y \u00e1cido hialur\u00f3nico ofrece una soluci\u00f3n eficaz para reducir l\u00edneas de expresi\u00f3n y arrugas profundas, mejorando la firmeza y elasticidad de la piel. Disponible en <a class=\"\" href=\"https:\/\/iselamendez.mx\/farmacia\/programa-de-lealtad-boutique-isela-mendez\" target=\"_new\" rel=\"noopener\" data-start=\"2442\" data-end=\"2531\">Isela M\u00e9ndez<\/a>, es una inversi\u00f3n en tu rutina de cuidado facial que vale la pena.\u200b<\/p>\n","protected":false},"excerpt":{"rendered":"<p>Medik8 Liquid Peptides Advanced MP 30 ml es un suero facial de \u00faltima generaci\u00f3n dise\u00f1ado para combatir los signos avanzados del envejecimiento. Su f\u00f3rmula contiene un 30% de complejo multip\u00e9ptido, incluyendo 13 p\u00e9ptidos antiedad, como Matrixyl 3000\u2122 y p\u00e9ptidos de [&hellip;]<\/p>\n","protected":false},"featured_media":52468,"comment_status":"open","ping_status":"closed","template":"","meta":[],"product_brand":[381],"product_cat":[152,81,157,519,299,486,79,69],"product_tag":[],"class_list":{"0":"post-52466","1":"product","2":"type-product","3":"status-publish","4":"has-post-thumbnail","6":"product_brand-medik8","7":"product_cat-anti-edad","8":"product_cat-cuello-y-escote","9":"product_cat-hidratacion","10":"product_cat-invierno","11":"product_cat-medik8","12":"product_cat-promociones-2026","13":"product_cat-rostro","14":"product_cat-suero","16":"first","17":"instock","18":"shipping-taxable","19":"purchasable","20":"product-type-simple"},"aioseo_notices":[],"_links":{"self":[{"href":"https:\/\/iselamendez.mx\/farmacia\/wp-json\/wp\/v2\/product\/52466","targetHints":{"allow":["GET"]}}],"collection":[{"href":"https:\/\/iselamendez.mx\/farmacia\/wp-json\/wp\/v2\/product"}],"about":[{"href":"https:\/\/iselamendez.mx\/farmacia\/wp-json\/wp\/v2\/types\/product"}],"replies":[{"embeddable":true,"href":"https:\/\/iselamendez.mx\/farmacia\/wp-json\/wp\/v2\/comments?post=52466"}],"wp:featuredmedia":[{"embeddable":true,"href":"https:\/\/iselamendez.mx\/farmacia\/wp-json\/wp\/v2\/media\/52468"}],"wp:attachment":[{"href":"https:\/\/iselamendez.mx\/farmacia\/wp-json\/wp\/v2\/media?parent=52466"}],"wp:term":[{"taxonomy":"product_brand","embeddable":true,"href":"https:\/\/iselamendez.mx\/farmacia\/wp-json\/wp\/v2\/product_brand?post=52466"},{"taxonomy":"product_cat","embeddable":true,"href":"https:\/\/iselamendez.mx\/farmacia\/wp-json\/wp\/v2\/product_cat?post=52466"},{"taxonomy":"product_tag","embeddable":true,"href":"https:\/\/iselamendez.mx\/farmacia\/wp-json\/wp\/v2\/product_tag?post=52466"}],"curies":[{"name":"wp","href":"https:\/\/api.w.org\/{rel}","templated":true}]}}