{"id":52691,"date":"2025-04-15T14:49:41","date_gmt":"2025-04-15T20:49:41","guid":{"rendered":"https:\/\/iselamendez.mx\/farmacia\/tienda\/sin%20categor\u00eda\/parabotica-neodensive-contorno-de-ojos-15-ml\/"},"modified":"2026-04-01T03:23:37","modified_gmt":"2026-04-01T09:23:37","slug":"parabotica-neodensive-contorno-de-ojos-15-ml","status":"publish","type":"product","link":"https:\/\/iselamendez.mx\/farmacia\/tienda\/funcion\/tratamiento\/anti-edad\/parabotica-neodensive-contorno-de-ojos-15-ml\/","title":{"rendered":"Parabotica Neodensive Contorno de Ojos 15 ml"},"content":{"rendered":"<h3><strong>Parabotica Neodensive Contorno de Ojos 15 ml<\/strong><\/h3>\n<p>&nbsp;<\/p>\n<p><strong>Descripci\u00f3n<\/strong><br \/>\nHidrata, rellena las arrugas y restaura los signos de juventud en la zona del contorno de ojos. Efecto tensor contra las arrugas de expresi\u00f3n y efecto drenante que corrige las bolsas y aten\u00faa las ojeras.<\/p>\n<p>Todo tipo de piel, incluso sensible.<\/p>\n<p>&nbsp;<\/p>\n<p><strong>Ingredientes<\/strong><br \/>\nExtracto de plancton marino: Efecto tensor inmediato<br \/>\nActivos drenantes: Disminuyen la permeabilidad capilar y aumenta la circulaci\u00f3n linf\u00e1tica. Mejora la firmeza y la elasticidad.<br \/>\nComplejo rejuvenecedor: Evita que se produzca la angiog\u00e9nesis<\/p>\n<p>&nbsp;<\/p>\n<p><strong>Modo de Uso<\/strong><br \/>\nAplicar a diario, ma\u00f1ana y noche, sobre la piel limpia y seca del contorno de ojos efectuando peque\u00f1os toques hasta su completa absorci\u00f3n.<br \/>\nUso externo.<\/p>\n<div><strong>\u00bfSab\u00edas que el contorno de ojos es la zona m\u00e1s sensible del rostro?<\/strong><\/div>\n<p>Su piel es muy fina, poco protegida, expuesta a muchas agresiones por la naturaleza y muestra los primeros signos de envejecimiento, por eso requiere un cuidado especial.<\/p>\n<p><u>Caracter\u00edsticas de la zona:<\/u><\/p>\n<ul>\n<li>Cuatro veces m\u00e1s fina que la piel del resto del cuerpo.<\/li>\n<li>Las gl\u00e1ndulas seb\u00e1ceas de esta zona s\u00f3lo se encuentran en peque\u00f1as cantidades: menor protecci\u00f3n contra el estr\u00e9s.<\/li>\n<li>Dado que soporta 10.000 pesta\u00f1eos al d\u00eda, el\u00a0contorno del ojo es la primera zona que sufre el cansancio y los s\u00edntomas de envejecimiento: ojeras, bolsas y peque\u00f1as arrugas.<\/li>\n<\/ul>\n<p>Todos estos factores contribuyen a la sensibilidad de la zona, sobre todo cuando se enfrenta a un\u00a0maquillaje irritante o a productos cosm\u00e9ticos no adecuados.<\/p>\n","protected":false},"excerpt":{"rendered":"<p>Salud es belleza.<\/p>\n","protected":false},"featured_media":52812,"comment_status":"closed","ping_status":"closed","template":"","meta":[],"product_brand":[384],"product_cat":[152,73,162,160,210,519,385,113,590],"product_tag":[383],"class_list":{"0":"post-52691","1":"product","2":"type-product","3":"status-publish","4":"has-post-thumbnail","6":"product_brand-parabotica","7":"product_cat-anti-edad","8":"product_cat-contorno-de-ojos","9":"product_cat-crema-contorno-de-ojos-tipo-de-producto","10":"product_cat-efecto-lifting","11":"product_cat-hidratante","12":"product_cat-invierno","13":"product_cat-parabotica","14":"product_cat-piel-sensible","15":"product_cat-semana-santa","16":"product_tag-parabotica","18":"first","19":"instock","20":"shipping-taxable","21":"purchasable","22":"product-type-simple"},"aioseo_notices":[],"_links":{"self":[{"href":"https:\/\/iselamendez.mx\/farmacia\/wp-json\/wp\/v2\/product\/52691","targetHints":{"allow":["GET"]}}],"collection":[{"href":"https:\/\/iselamendez.mx\/farmacia\/wp-json\/wp\/v2\/product"}],"about":[{"href":"https:\/\/iselamendez.mx\/farmacia\/wp-json\/wp\/v2\/types\/product"}],"replies":[{"embeddable":true,"href":"https:\/\/iselamendez.mx\/farmacia\/wp-json\/wp\/v2\/comments?post=52691"}],"wp:featuredmedia":[{"embeddable":true,"href":"https:\/\/iselamendez.mx\/farmacia\/wp-json\/wp\/v2\/media\/52812"}],"wp:attachment":[{"href":"https:\/\/iselamendez.mx\/farmacia\/wp-json\/wp\/v2\/media?parent=52691"}],"wp:term":[{"taxonomy":"product_brand","embeddable":true,"href":"https:\/\/iselamendez.mx\/farmacia\/wp-json\/wp\/v2\/product_brand?post=52691"},{"taxonomy":"product_cat","embeddable":true,"href":"https:\/\/iselamendez.mx\/farmacia\/wp-json\/wp\/v2\/product_cat?post=52691"},{"taxonomy":"product_tag","embeddable":true,"href":"https:\/\/iselamendez.mx\/farmacia\/wp-json\/wp\/v2\/product_tag?post=52691"}],"curies":[{"name":"wp","href":"https:\/\/api.w.org\/{rel}","templated":true}]}}