{"id":52693,"date":"2025-04-15T14:49:42","date_gmt":"2025-04-15T20:49:42","guid":{"rendered":"https:\/\/iselamendez.mx\/farmacia\/tienda\/sin%20categor\u00eda\/parabotica-xeroskin-locion-10-400-ml\/"},"modified":"2026-04-13T10:31:34","modified_gmt":"2026-04-13T16:31:34","slug":"parabotica-xeroskin-locion-10-400-ml","status":"publish","type":"product","link":"https:\/\/iselamendez.mx\/farmacia\/tienda\/funcion\/tratamiento\/hidratacion\/parabotica-xeroskin-locion-10-400-ml\/","title":{"rendered":"Parabotica Xeroskin Locion 10% 400 ml"},"content":{"rendered":"<div class=\"productoDescripcion\">\n<h3 class=\"tituloProductoDescripcion\"><strong>Parabotica Xeroskin Locion 10% 400 ml<\/strong><\/h3>\n<div class=\"tituloProductoDescripcion\"><strong>Descripci\u00f3n<\/strong><\/div>\n<div class=\"contenidoProductoDatos\">F\u00f3rmula especialmente desarrollada para el cuidado de pieles muy secas. Aumenta la hidrataci\u00f3n cut\u00e1nea, alivia la tirantez y protege la piel frente a factores externos, al mejorar eficazmente la funci\u00f3n barrera gracias a su alta concentraci\u00f3n en Urea (10%). Su f\u00f3rmula, con Polidocanol y Alanto\u00edna, disminuye la sensaci\u00f3n de picor y favorece la desaparici\u00f3n de los estados irritativos. El Lactato s\u00f3dico y Aceite de Oliva contribuyen a restaurar los niveles naturales de hidrataci\u00f3n. Enriquecida con Manteca de karit\u00e9 y ceramidas, que suavizan y reestructuran la piel.<\/div>\n<\/div>\n<div class=\"productoIngredientes\">\n<div data-toggle=\"collapse\" data-target=\"#productoIngredientes\" aria-expanded=\"true\"><\/div>\n<div class=\"tituloProductoCollapse\" data-toggle=\"collapse\" data-target=\"#productoIngredientes\" aria-expanded=\"true\"><strong>Ingredientes<\/strong><\/div>\n<div id=\"productoIngredientes\" class=\"contenidoProductoDatos collapse show\">\n<ul>\n<li>Urea 10%<\/li>\n<\/ul>\n<p>Componente natural del manto hidrolip\u00eddico. Aumenta la hidrataci\u00f3n cut\u00e1nea gracias a su capacidad de unirse al agua y a la regulaci\u00f3n de la p\u00e9rdida de agua transepid\u00e9rmica (TEWL). Mejora la funci\u00f3n barrera, descongestiona y disminuye la descamaci\u00f3n.<\/p>\n<ul>\n<li>Polidocanol 2%<\/li>\n<\/ul>\n<p>Disminuye la sensaci\u00f3n de prurito asociada a los estados de sequedad extrema y calma la piel.<\/p>\n<ul>\n<li>Lactato s\u00f3dico<\/li>\n<\/ul>\n<p>Act\u00faa como una eficaz barrera contra la p\u00e9rdida de agua y suaviza la piel.<\/p>\n<ul>\n<li>Alanto\u00edna<\/li>\n<\/ul>\n<p>Antirritante. Favorece la epitelizaci\u00f3n de la piel en zonas superficialmente lesionadas.<\/p>\n<ul>\n<li>Aceite de Oliva<\/li>\n<\/ul>\n<p>Restaura los niveles de hidrataci\u00f3n y protege a la piel frente a factores externos.<\/p>\n<ul>\n<li>Manteca de Karit\u00e9<\/li>\n<\/ul>\n<p>Nutre y suaviza la piel.<\/p>\n<ul>\n<li>Concentrado de Ceramidas<\/li>\n<\/ul>\n<p>Imitan la estructura y funci\u00f3n de la barrera lip\u00eddica natural de la piel y restaurando su funci\u00f3n.<\/p>\n<\/div>\n<\/div>\n<div class=\"productoModoUso\">\n<div data-toggle=\"collapse\" data-target=\"#productoModoUso\" aria-expanded=\"true\"><\/div>\n<div class=\"tituloProductoCollapse\" data-toggle=\"collapse\" data-target=\"#productoModoUso\" aria-expanded=\"true\"><strong>Modo de Uso<\/strong><\/div>\n<div id=\"productoModoUso\" class=\"contenidoProductoDatos collapse show\">Aplicar sobre la piel limpia insistiendo en las zonas m\u00e1s secas, efectuando un ligero masaje hasta su completa absorci\u00f3n. Evitar el contacto con los ojos, en caso de contacto accidental enjuagar abundantemente.<\/div>\n<\/div>\n","protected":false},"excerpt":{"rendered":"<p>Salud es belleza.<\/p>\n","protected":false},"featured_media":53025,"comment_status":"closed","ping_status":"closed","template":"","meta":[],"product_brand":[384],"product_cat":[80,210,157,519,84,385,272,79,590],"product_tag":[383],"class_list":{"0":"post-52693","1":"product","2":"type-product","3":"status-publish","4":"has-post-thumbnail","6":"product_brand-parabotica","7":"product_cat-cuerpo","8":"product_cat-hidratante","9":"product_cat-hidratacion","10":"product_cat-invierno","11":"product_cat-locion","12":"product_cat-parabotica","13":"product_cat-piel-seca","14":"product_cat-rostro","15":"product_cat-semana-santa","16":"product_tag-parabotica","18":"first","19":"instock","20":"shipping-taxable","21":"purchasable","22":"product-type-simple"},"aioseo_notices":[],"_links":{"self":[{"href":"https:\/\/iselamendez.mx\/farmacia\/wp-json\/wp\/v2\/product\/52693","targetHints":{"allow":["GET"]}}],"collection":[{"href":"https:\/\/iselamendez.mx\/farmacia\/wp-json\/wp\/v2\/product"}],"about":[{"href":"https:\/\/iselamendez.mx\/farmacia\/wp-json\/wp\/v2\/types\/product"}],"replies":[{"embeddable":true,"href":"https:\/\/iselamendez.mx\/farmacia\/wp-json\/wp\/v2\/comments?post=52693"}],"wp:featuredmedia":[{"embeddable":true,"href":"https:\/\/iselamendez.mx\/farmacia\/wp-json\/wp\/v2\/media\/53025"}],"wp:attachment":[{"href":"https:\/\/iselamendez.mx\/farmacia\/wp-json\/wp\/v2\/media?parent=52693"}],"wp:term":[{"taxonomy":"product_brand","embeddable":true,"href":"https:\/\/iselamendez.mx\/farmacia\/wp-json\/wp\/v2\/product_brand?post=52693"},{"taxonomy":"product_cat","embeddable":true,"href":"https:\/\/iselamendez.mx\/farmacia\/wp-json\/wp\/v2\/product_cat?post=52693"},{"taxonomy":"product_tag","embeddable":true,"href":"https:\/\/iselamendez.mx\/farmacia\/wp-json\/wp\/v2\/product_tag?post=52693"}],"curies":[{"name":"wp","href":"https:\/\/api.w.org\/{rel}","templated":true}]}}