{"id":52694,"date":"2025-04-15T14:49:43","date_gmt":"2025-04-15T20:49:43","guid":{"rendered":"https:\/\/iselamendez.mx\/farmacia\/tienda\/sin%20categor\u00eda\/parabotica-pureskin-serum-anti-imperfecciones-30-ml\/"},"modified":"2026-04-01T03:23:38","modified_gmt":"2026-04-01T09:23:38","slug":"parabotica-pureskin-serum-anti-imperfecciones-30-ml","status":"publish","type":"product","link":"https:\/\/iselamendez.mx\/farmacia\/tienda\/funcion\/tratamiento\/despigmentantes\/parabotica-pureskin-serum-anti-imperfecciones-30-ml\/","title":{"rendered":"Parabotica PureSkin S\u00e9rum Anti-Imperfecciones 30 ml"},"content":{"rendered":"<h3><strong>Parabotica PureSkin S\u00e9rum Anti-Imperfecciones 30 ml<\/strong><\/h3>\n<p><strong>Descripci\u00f3n<\/strong><br \/>\nConcentrado corrector de uso diario que ayuda a prevenir y tratar los signos del acn\u00e9, as\u00ed como a combatir las hiperpigmentaciones.<\/p>\n<p>Su f\u00f3rmula incorpora \u00c1cido azelaico, Arbutina y Niacinamida que act\u00faan sobre las imperfecciones con una acci\u00f3n seborreguladoradora, antiinflamatoria y despigmentante.<\/p>\n<p><strong>Ingredientes<\/strong><br \/>\n\u00c1cido azelaico | Arbutina | Vitamina C | Niacinamida | Plancton Marino<\/p>\n<p><strong>Modo de Uso<\/strong><br \/>\nAplicar sobre la piel limpia y seca del rostro, cuello y escote dos veces al d\u00eda. Evitar el contacto con ojos y mucosas. Uso externo.<\/p>\n","protected":false},"excerpt":{"rendered":"<p>Salud es belleza.<\/p>\n","protected":false},"featured_media":52784,"comment_status":"closed","ping_status":"closed","template":"","meta":[],"product_brand":[384],"product_cat":[154,519,385,153,79,155,69,15],"product_tag":[383],"class_list":{"0":"post-52694","1":"product","2":"type-product","3":"status-publish","4":"has-post-thumbnail","6":"product_brand-parabotica","7":"product_cat-despigmentantes","8":"product_cat-invierno","9":"product_cat-parabotica","10":"product_cat-acne","11":"product_cat-rostro","12":"product_cat-seboreguladores","13":"product_cat-suero","14":"product_cat-uncategorized","15":"product_tag-parabotica","17":"first","18":"instock","19":"shipping-taxable","20":"purchasable","21":"product-type-simple"},"aioseo_notices":[],"_links":{"self":[{"href":"https:\/\/iselamendez.mx\/farmacia\/wp-json\/wp\/v2\/product\/52694","targetHints":{"allow":["GET"]}}],"collection":[{"href":"https:\/\/iselamendez.mx\/farmacia\/wp-json\/wp\/v2\/product"}],"about":[{"href":"https:\/\/iselamendez.mx\/farmacia\/wp-json\/wp\/v2\/types\/product"}],"replies":[{"embeddable":true,"href":"https:\/\/iselamendez.mx\/farmacia\/wp-json\/wp\/v2\/comments?post=52694"}],"wp:featuredmedia":[{"embeddable":true,"href":"https:\/\/iselamendez.mx\/farmacia\/wp-json\/wp\/v2\/media\/52784"}],"wp:attachment":[{"href":"https:\/\/iselamendez.mx\/farmacia\/wp-json\/wp\/v2\/media?parent=52694"}],"wp:term":[{"taxonomy":"product_brand","embeddable":true,"href":"https:\/\/iselamendez.mx\/farmacia\/wp-json\/wp\/v2\/product_brand?post=52694"},{"taxonomy":"product_cat","embeddable":true,"href":"https:\/\/iselamendez.mx\/farmacia\/wp-json\/wp\/v2\/product_cat?post=52694"},{"taxonomy":"product_tag","embeddable":true,"href":"https:\/\/iselamendez.mx\/farmacia\/wp-json\/wp\/v2\/product_tag?post=52694"}],"curies":[{"name":"wp","href":"https:\/\/api.w.org\/{rel}","templated":true}]}}