{"id":52695,"date":"2025-04-15T14:49:44","date_gmt":"2025-04-15T20:49:44","guid":{"rendered":"https:\/\/iselamendez.mx\/farmacia\/tienda\/sin%20categor\u00eda\/parabotica-hydra-sensitive-intensiva-50-ml\/"},"modified":"2026-04-15T10:42:30","modified_gmt":"2026-04-15T16:42:30","slug":"parabotica-hydra-sensitive-intensiva-50-ml","status":"publish","type":"product","link":"https:\/\/iselamendez.mx\/farmacia\/tienda\/funcion\/tratamiento\/hidratacion\/parabotica-hydra-sensitive-intensiva-50-ml\/","title":{"rendered":"Parabotica Hydra Sensitive Intensiva 50 ml"},"content":{"rendered":"<h3><strong>Parabotica Hydra Sensitive Intensiva 50 ml<\/strong><\/h3>\n<p>&nbsp;<\/p>\n<p><strong>Descripci\u00f3n<\/strong><br \/>\nCrema-gel ultra hidratante que aporta elasticidad, frescura y suavidad. Ayuda a reparar y prevenir la sequedad que los agentes externos provocan en nuestra piel. (fr\u00edo, calor, viento, sol, aire acondicionado, etc). Especialmente recomendado para pieles mixtas y con tendencia grasa. Pieles sensibles.<\/p>\n<p><strong>Ingredientes<\/strong><br \/>\n\u00b7 Aquaporinas<br \/>\nExtracto natural rico en p\u00e9ptidos y amino\u00e1cidos que aumentan la hidrataci\u00f3n de la piel.<\/p>\n<p>\u00b7 Ramnosa<br \/>\nMejora el bienestar de la piel.<\/p>\n<p>\u00b7 \u00c1cido hialur\u00f3nico de alto peso molecular<br \/>\nAcci\u00f3n hidratante.<\/p>\n<p>\u00b7 Vitamina E<br \/>\nAcci\u00f3n antioxidante.<\/p>\n<p><strong>Modo de Uso<\/strong><br \/>\nAplicar una o dos veces al d\u00eda ejerciendo un ligero masaje hasta su completa absorci\u00f3n.<\/p>\n","protected":false},"excerpt":{"rendered":"<p>Salud es belleza.<\/p>\n","protected":false},"featured_media":52781,"comment_status":"closed","ping_status":"closed","template":"","meta":[],"product_brand":[384],"product_cat":[203,161,87,210,157,519,385,113,590],"product_tag":[383],"class_list":{"0":"post-52695","1":"product","2":"type-product","3":"status-publish","4":"has-post-thumbnail","6":"product_brand-parabotica","7":"product_cat-antioxidante","8":"product_cat-crema-facial-tipo-de-producto","9":"product_cat-gel","10":"product_cat-hidratante","11":"product_cat-hidratacion","12":"product_cat-invierno","13":"product_cat-parabotica","14":"product_cat-piel-sensible","15":"product_cat-semana-santa","16":"product_tag-parabotica","18":"first","19":"instock","20":"shipping-taxable","21":"purchasable","22":"product-type-simple"},"aioseo_notices":[],"_links":{"self":[{"href":"https:\/\/iselamendez.mx\/farmacia\/wp-json\/wp\/v2\/product\/52695","targetHints":{"allow":["GET"]}}],"collection":[{"href":"https:\/\/iselamendez.mx\/farmacia\/wp-json\/wp\/v2\/product"}],"about":[{"href":"https:\/\/iselamendez.mx\/farmacia\/wp-json\/wp\/v2\/types\/product"}],"replies":[{"embeddable":true,"href":"https:\/\/iselamendez.mx\/farmacia\/wp-json\/wp\/v2\/comments?post=52695"}],"wp:featuredmedia":[{"embeddable":true,"href":"https:\/\/iselamendez.mx\/farmacia\/wp-json\/wp\/v2\/media\/52781"}],"wp:attachment":[{"href":"https:\/\/iselamendez.mx\/farmacia\/wp-json\/wp\/v2\/media?parent=52695"}],"wp:term":[{"taxonomy":"product_brand","embeddable":true,"href":"https:\/\/iselamendez.mx\/farmacia\/wp-json\/wp\/v2\/product_brand?post=52695"},{"taxonomy":"product_cat","embeddable":true,"href":"https:\/\/iselamendez.mx\/farmacia\/wp-json\/wp\/v2\/product_cat?post=52695"},{"taxonomy":"product_tag","embeddable":true,"href":"https:\/\/iselamendez.mx\/farmacia\/wp-json\/wp\/v2\/product_tag?post=52695"}],"curies":[{"name":"wp","href":"https:\/\/api.w.org\/{rel}","templated":true}]}}