{"id":52696,"date":"2025-04-15T14:49:44","date_gmt":"2025-04-15T20:49:44","guid":{"rendered":"https:\/\/iselamendez.mx\/farmacia\/tienda\/sin%20categor\u00eda\/parabotica-d-corrective-serum-manchas-oscuras-30-ml\/"},"modified":"2026-04-15T10:42:31","modified_gmt":"2026-04-15T16:42:31","slug":"parabotica-d-corrective-serum-manchas-oscuras-30-ml","status":"publish","type":"product","link":"https:\/\/iselamendez.mx\/farmacia\/tienda\/funcion\/tratamiento\/despigmentantes\/parabotica-d-corrective-serum-manchas-oscuras-30-ml\/","title":{"rendered":"Parabotica D-Corrective Serum Manchas Oscuras 30 ml"},"content":{"rendered":"<h3><strong>Parabotica D-Corrective Serum Manchas Oscuras 30 ml<\/strong><\/h3>\n<p><strong>Descripci\u00f3n<\/strong><br \/>\n<strong>D-Corrective Serum Manchas Oscuras<\/strong> de Parabotica presenta una acci\u00f3n concentrada que minimiza las manchas y previene su aparici\u00f3n. Incluye una combinaci\u00f3n de activos reguladores de la s\u00edntesis de melanina y con acci\u00f3n clarificante. Textura aterciopelada.<br \/>\n<strong><br \/>\nIngredientes<\/strong><br \/>\n\u00b7 Tetrap\u00e9ptido activo<br \/>\nAcci\u00f3n Melanina-modulador.<\/p>\n<p>\u00b7 \u00c1cido K\u00f3jico vectorizado<br \/>\nInhibe la acci\u00f3n de la tirosina de forma selectiva. Acci\u00f3n despigmentante potente.<\/p>\n<p>\u00b7 Vitamina C<br \/>\nEstimula la s\u00edntesis de col\u00e1geno. Aporta luminosidad. Acci\u00f3n antioxidante.<\/p>\n<p>\u00b7 Lactato s\u00f3dico<br \/>\nCoadyuvante en el proceso de despigmentaci\u00f3n.<\/p>\n<p>\u00b7 \u00c1cido f\u00edtico<br \/>\nAcci\u00f3n anti-manchas.<\/p>\n<p>\u00b7 Papa\u00edna<br \/>\nActivo que realiza una exfoliaci\u00f3n muy suave, consiguiendo una piel renovada y uniforme.<\/p>\n<p><strong>Modo de Uso<\/strong><br \/>\nAplicar por la noche sobre la piel limpia y seca de rostro y cuello, ejerciendo un ligero masaje hasta su completa absorci\u00f3n.<\/p>\n","protected":false},"excerpt":{"rendered":"<p>Salud es belleza.<\/p>\n","protected":false},"featured_media":68448,"comment_status":"closed","ping_status":"closed","template":"","meta":[],"product_brand":[384],"product_cat":[203,154,519,385,79,69],"product_tag":[383],"class_list":{"0":"post-52696","1":"product","2":"type-product","3":"status-publish","4":"has-post-thumbnail","6":"product_brand-parabotica","7":"product_cat-antioxidante","8":"product_cat-despigmentantes","9":"product_cat-invierno","10":"product_cat-parabotica","11":"product_cat-rostro","12":"product_cat-suero","13":"product_tag-parabotica","15":"first","16":"instock","17":"shipping-taxable","18":"purchasable","19":"product-type-simple"},"aioseo_notices":[],"_links":{"self":[{"href":"https:\/\/iselamendez.mx\/farmacia\/wp-json\/wp\/v2\/product\/52696","targetHints":{"allow":["GET"]}}],"collection":[{"href":"https:\/\/iselamendez.mx\/farmacia\/wp-json\/wp\/v2\/product"}],"about":[{"href":"https:\/\/iselamendez.mx\/farmacia\/wp-json\/wp\/v2\/types\/product"}],"replies":[{"embeddable":true,"href":"https:\/\/iselamendez.mx\/farmacia\/wp-json\/wp\/v2\/comments?post=52696"}],"wp:featuredmedia":[{"embeddable":true,"href":"https:\/\/iselamendez.mx\/farmacia\/wp-json\/wp\/v2\/media\/68448"}],"wp:attachment":[{"href":"https:\/\/iselamendez.mx\/farmacia\/wp-json\/wp\/v2\/media?parent=52696"}],"wp:term":[{"taxonomy":"product_brand","embeddable":true,"href":"https:\/\/iselamendez.mx\/farmacia\/wp-json\/wp\/v2\/product_brand?post=52696"},{"taxonomy":"product_cat","embeddable":true,"href":"https:\/\/iselamendez.mx\/farmacia\/wp-json\/wp\/v2\/product_cat?post=52696"},{"taxonomy":"product_tag","embeddable":true,"href":"https:\/\/iselamendez.mx\/farmacia\/wp-json\/wp\/v2\/product_tag?post=52696"}],"curies":[{"name":"wp","href":"https:\/\/api.w.org\/{rel}","templated":true}]}}