{"id":52698,"date":"2025-04-15T14:49:45","date_gmt":"2025-04-15T20:49:45","guid":{"rendered":"https:\/\/iselamendez.mx\/farmacia\/tienda\/sin%20categor\u00eda\/parabotica-neodensive-crema-antiedad-spf50-50-ml\/"},"modified":"2026-04-15T10:42:35","modified_gmt":"2026-04-15T16:42:35","slug":"parabotica-neodensive-crema-antiedad-spf50-50-ml","status":"publish","type":"product","link":"https:\/\/iselamendez.mx\/farmacia\/tienda\/funcion\/tratamiento\/anti-edad\/parabotica-neodensive-crema-antiedad-spf50-50-ml\/","title":{"rendered":"Parabotica Neodensive Crema Redensificante 50 ml"},"content":{"rendered":"<h3><strong>Parabotica Neodensive Crema Redensificante 50 ml<\/strong><\/h3>\n<p><strong>Descripci\u00f3n<\/strong><br \/>\n<strong>NEODENSIVE CREMA REDENSIFICANTE<\/strong> de Parabotica ayuda a disminuir las arrugas y fortalecer la piel, gracias a su f\u00f3rmula innovadora que combina ingredientes activos que contribuyen a reducir los surcos nasogenianos de frente y labios, a trav\u00e9s de la inversi\u00f3n del tri\u00e1ngulo de la belleza. Pieles sensibles.<\/p>\n<p><strong>Ingredientes<\/strong><br \/>\n\u00b7 \u00c1cido hialur\u00f3nico<br \/>\nComponente natural de la piel, cuyo contenido se ve disminuido con el paso de los a\u00f1os. \u00c9ste penetra en la piel, mejorando la apariencia de las arrugas.<\/p>\n<p>\u00b7 Complejo rejuvenecedor (Extracto de Undaria)<br \/>\nActivo que ayuda a disminuir los signos de la edad, interactuando con el col\u00e1geno, elastina y el \u00e1cido hialur\u00f3nico. Ayuda a mejorar gradualmente la apariencia de las arrugas.<\/p>\n<p><strong>Modo de Uso<\/strong><br \/>\nAplicar sobre la piel limpia y seca de rostro, cuello y escote. Ejercer un ligero masaje, enfatizando en los surcos m\u00e1s pronunciados hasta su completa absorci\u00f3n (frente, entrecejo, labios y \u201cpatas de gallo\u201d). Aplicar ma\u00f1ana y noche en pieles secas y extremadamente secas.<\/p>\n","protected":false},"excerpt":{"rendered":"<p>Salud es belleza.<\/p>\n","protected":false},"featured_media":68430,"comment_status":"closed","ping_status":"closed","template":"","meta":[],"product_brand":[384],"product_cat":[152,161,519,385,272,113,79],"product_tag":[383],"class_list":{"0":"post-52698","1":"product","2":"type-product","3":"status-publish","4":"has-post-thumbnail","6":"product_brand-parabotica","7":"product_cat-anti-edad","8":"product_cat-crema-facial-tipo-de-producto","9":"product_cat-invierno","10":"product_cat-parabotica","11":"product_cat-piel-seca","12":"product_cat-piel-sensible","13":"product_cat-rostro","14":"product_tag-parabotica","16":"first","17":"instock","18":"shipping-taxable","19":"purchasable","20":"product-type-simple"},"aioseo_notices":[],"_links":{"self":[{"href":"https:\/\/iselamendez.mx\/farmacia\/wp-json\/wp\/v2\/product\/52698","targetHints":{"allow":["GET"]}}],"collection":[{"href":"https:\/\/iselamendez.mx\/farmacia\/wp-json\/wp\/v2\/product"}],"about":[{"href":"https:\/\/iselamendez.mx\/farmacia\/wp-json\/wp\/v2\/types\/product"}],"replies":[{"embeddable":true,"href":"https:\/\/iselamendez.mx\/farmacia\/wp-json\/wp\/v2\/comments?post=52698"}],"wp:featuredmedia":[{"embeddable":true,"href":"https:\/\/iselamendez.mx\/farmacia\/wp-json\/wp\/v2\/media\/68430"}],"wp:attachment":[{"href":"https:\/\/iselamendez.mx\/farmacia\/wp-json\/wp\/v2\/media?parent=52698"}],"wp:term":[{"taxonomy":"product_brand","embeddable":true,"href":"https:\/\/iselamendez.mx\/farmacia\/wp-json\/wp\/v2\/product_brand?post=52698"},{"taxonomy":"product_cat","embeddable":true,"href":"https:\/\/iselamendez.mx\/farmacia\/wp-json\/wp\/v2\/product_cat?post=52698"},{"taxonomy":"product_tag","embeddable":true,"href":"https:\/\/iselamendez.mx\/farmacia\/wp-json\/wp\/v2\/product_tag?post=52698"}],"curies":[{"name":"wp","href":"https:\/\/api.w.org\/{rel}","templated":true}]}}