{"id":52699,"date":"2025-04-15T14:49:46","date_gmt":"2025-04-15T20:49:46","guid":{"rendered":"https:\/\/iselamendez.mx\/farmacia\/tienda\/sin%20categor\u00eda\/parabotica-pureskin-hidratante-antiimperfecciones-50-ml\/"},"modified":"2026-04-15T10:42:36","modified_gmt":"2026-04-15T16:42:36","slug":"parabotica-pureskin-hidratante-antiimperfecciones-50-ml","status":"publish","type":"product","link":"https:\/\/iselamendez.mx\/farmacia\/tienda\/funcion\/tratamiento\/hidratacion\/parabotica-pureskin-hidratante-antiimperfecciones-50-ml\/","title":{"rendered":"Parabotica PureSkin Hidratante Antiimperfecciones 50 ml"},"content":{"rendered":"<h3><strong>Parabotica PureSkin Hidratante Antiimperfecciones 50 ml<\/strong><\/h3>\n<p><strong>Descripci\u00f3n<\/strong><\/p>\n<p><strong>PURE SKIN HIDRATANTE ANTIIMPERFECIONES<\/strong> de Parabotica es eficaz contra espinillas y puntos negros. Deja la piel hidratada, confortable y suave, sin aportar grasa. Indicado para las pieles grasas y con tendencia acn\u00e9ica. Con textura ligera, refrescante y de r\u00e1pida absorci\u00f3n.<\/p>\n<p><strong>Ingredientes<\/strong><\/p>\n<p>\u00b7 Salic\u00edlico<br \/>\nAgente queratol\u00edtico que desobstruye los poros y contrarresta el exceso de producci\u00f3n de sebo.<\/p>\n<p>\u00b7 Extracto de Epilobium angustifolium<br \/>\nCon acci\u00f3n antimicrobiana y calmante. Controla la microflora cut\u00e1nea y ejerce una acci\u00f3n calmante y anti-rojeces.<\/p>\n<p>\u00b7 Niacinamida<br \/>\nDerivado de la vitamina B3 con elevada eficacia antimicrobiana y reguladora de la excesiva producci\u00f3n de sebo.<\/p>\n<p><strong>Modo de Uso<\/strong><\/p>\n<p>Aplicar sobre la piel limpia y seca ejerciendo un ligero masaje hasta su completa absorci\u00f3n<\/p>\n<p>&nbsp;<\/p>\n<p>Efecto purificante que hidrata tu piel<\/p>\n<ul>\n<li>SIN JAB\u00d3N<\/li>\n<li>OILFREE<\/li>\n<li>SIN PARABENOS<\/li>\n<li>SIN COLORANTES<\/li>\n<li>TESTADO DERMATOL\u00d3GICAMENTE<\/li>\n<\/ul>\n","protected":false},"excerpt":{"rendered":"<p>Salud es belleza.<\/p>\n","protected":false},"featured_media":52770,"comment_status":"closed","ping_status":"closed","template":"","meta":[],"product_brand":[384],"product_cat":[87,157,385,153,79],"product_tag":[383],"class_list":{"0":"post-52699","1":"product","2":"type-product","3":"status-publish","4":"has-post-thumbnail","6":"product_brand-parabotica","7":"product_cat-gel","8":"product_cat-hidratacion","9":"product_cat-parabotica","10":"product_cat-acne","11":"product_cat-rostro","12":"product_tag-parabotica","14":"first","15":"instock","16":"shipping-taxable","17":"purchasable","18":"product-type-simple"},"aioseo_notices":[],"_links":{"self":[{"href":"https:\/\/iselamendez.mx\/farmacia\/wp-json\/wp\/v2\/product\/52699","targetHints":{"allow":["GET"]}}],"collection":[{"href":"https:\/\/iselamendez.mx\/farmacia\/wp-json\/wp\/v2\/product"}],"about":[{"href":"https:\/\/iselamendez.mx\/farmacia\/wp-json\/wp\/v2\/types\/product"}],"replies":[{"embeddable":true,"href":"https:\/\/iselamendez.mx\/farmacia\/wp-json\/wp\/v2\/comments?post=52699"}],"wp:featuredmedia":[{"embeddable":true,"href":"https:\/\/iselamendez.mx\/farmacia\/wp-json\/wp\/v2\/media\/52770"}],"wp:attachment":[{"href":"https:\/\/iselamendez.mx\/farmacia\/wp-json\/wp\/v2\/media?parent=52699"}],"wp:term":[{"taxonomy":"product_brand","embeddable":true,"href":"https:\/\/iselamendez.mx\/farmacia\/wp-json\/wp\/v2\/product_brand?post=52699"},{"taxonomy":"product_cat","embeddable":true,"href":"https:\/\/iselamendez.mx\/farmacia\/wp-json\/wp\/v2\/product_cat?post=52699"},{"taxonomy":"product_tag","embeddable":true,"href":"https:\/\/iselamendez.mx\/farmacia\/wp-json\/wp\/v2\/product_tag?post=52699"}],"curies":[{"name":"wp","href":"https:\/\/api.w.org\/{rel}","templated":true}]}}