{"id":53150,"date":"2025-04-24T16:48:27","date_gmt":"2025-04-24T22:48:27","guid":{"rendered":"https:\/\/iselamendez.mx\/farmacia\/?post_type=product&#038;p=53150"},"modified":"2026-04-13T10:31:40","modified_gmt":"2026-04-13T16:31:40","slug":"parabotica-revitaskin-serum-iluminador-30ml","status":"publish","type":"product","link":"https:\/\/iselamendez.mx\/farmacia\/tienda\/funcion\/tratamiento\/anti-edad\/parabotica-revitaskin-serum-iluminador-30ml\/","title":{"rendered":"Parabotica Revitaskin Serum Iluminador 30ml"},"content":{"rendered":"<p>Parabotica Revitaskin Serum Iluminador 30ml<\/p>\n<p>Ayuda a aclarar manchas, arrugas y l\u00edneas de expresi\u00f3n aportando firmeza y luminosidad. Act\u00faa seg\u00fan las necesidades de tu piel. Para todo tipo de piel.<\/p>\n<div class=\"productoIngredientes\">\n<div class=\"tituloProductoCollapse\" data-toggle=\"collapse\" data-target=\"#productoIngredientes\" aria-expanded=\"true\">Ingredientes<\/div>\n<div id=\"productoIngredientes\" class=\"contenidoProductoDatos collapse show\"><strong>\u00b7<\/strong>\u00a0Vitamina C<br \/>\nAumenta la luminosidad de la piel y mejora su firmeza.<strong>\u00b7<\/strong>\u00a0\u00c1cido hialur\u00f3nico<br \/>\nCapta agua e incrementa su volumen, mejorando la apariencia de las arrugas.<strong>\u00b7<\/strong>\u00a0\u00c1cido glic\u00f3lico<br \/>\nCon acci\u00f3n renovadora que ayuda a estimular la s\u00edntesis de col\u00e1geno, mejorando la textura de la piel y suavizando las arrugas.<\/p>\n<\/div>\n<\/div>\n<div class=\"productoModoUso\">\n<div class=\"tituloProductoCollapse\" data-toggle=\"collapse\" data-target=\"#productoModoUso\" aria-expanded=\"true\">Modo de Uso<\/div>\n<div id=\"productoModoUso\" class=\"contenidoProductoDatos collapse show\">Aplicar sobre la piel limpia ma\u00f1ana y noche en rostro, cuello y escote. Dosificar de 3 a 5 gotas en frente, mejillas y barbilla dando un masaje en forma ascendente de adentro hacia fuera, apl\u00edcalo tambi\u00e9n en cuello y escote hasta su completa absorci\u00f3n.<\/div>\n<div>Un must en tu maquillaje<br \/>\nAntes del maquillaje vuelve a usar una peque\u00f1a gota de REVITASKIN S\u00c9RUM ILUMINADOR de Parabotica sobre tus mejillas y exti\u00e9ndela. Dar\u00e1 un toque glow m\u00e1s acentuado a tus mejillas. \u00a1\u00dasalo como primer del colorete!<\/div>\n<\/div>\n","protected":false},"excerpt":{"rendered":"<p>Parabotica Revitaskin Serum Iluminador 30ml Ayuda a aclarar manchas, arrugas y l\u00edneas de expresi\u00f3n aportando firmeza y luminosidad. Act\u00faa seg\u00fan las necesidades de tu piel. Para todo tipo de piel. Ingredientes \u00b7\u00a0Vitamina C Aumenta la luminosidad de la piel y [&hellip;]<\/p>\n","protected":false},"featured_media":53340,"comment_status":"open","ping_status":"closed","template":"","meta":[],"product_brand":[384],"product_cat":[152,81,154,519,385,79,69],"product_tag":[],"class_list":{"0":"post-53150","1":"product","2":"type-product","3":"status-publish","4":"has-post-thumbnail","6":"product_brand-parabotica","7":"product_cat-anti-edad","8":"product_cat-cuello-y-escote","9":"product_cat-despigmentantes","10":"product_cat-invierno","11":"product_cat-parabotica","12":"product_cat-rostro","13":"product_cat-suero","15":"first","16":"instock","17":"shipping-taxable","18":"purchasable","19":"product-type-simple"},"aioseo_notices":[],"_links":{"self":[{"href":"https:\/\/iselamendez.mx\/farmacia\/wp-json\/wp\/v2\/product\/53150","targetHints":{"allow":["GET"]}}],"collection":[{"href":"https:\/\/iselamendez.mx\/farmacia\/wp-json\/wp\/v2\/product"}],"about":[{"href":"https:\/\/iselamendez.mx\/farmacia\/wp-json\/wp\/v2\/types\/product"}],"replies":[{"embeddable":true,"href":"https:\/\/iselamendez.mx\/farmacia\/wp-json\/wp\/v2\/comments?post=53150"}],"wp:featuredmedia":[{"embeddable":true,"href":"https:\/\/iselamendez.mx\/farmacia\/wp-json\/wp\/v2\/media\/53340"}],"wp:attachment":[{"href":"https:\/\/iselamendez.mx\/farmacia\/wp-json\/wp\/v2\/media?parent=53150"}],"wp:term":[{"taxonomy":"product_brand","embeddable":true,"href":"https:\/\/iselamendez.mx\/farmacia\/wp-json\/wp\/v2\/product_brand?post=53150"},{"taxonomy":"product_cat","embeddable":true,"href":"https:\/\/iselamendez.mx\/farmacia\/wp-json\/wp\/v2\/product_cat?post=53150"},{"taxonomy":"product_tag","embeddable":true,"href":"https:\/\/iselamendez.mx\/farmacia\/wp-json\/wp\/v2\/product_tag?post=53150"}],"curies":[{"name":"wp","href":"https:\/\/api.w.org\/{rel}","templated":true}]}}