{"id":54244,"date":"2025-05-13T13:30:48","date_gmt":"2025-05-13T19:30:48","guid":{"rendered":"https:\/\/iselamendez.mx\/farmacia\/?post_type=product&#038;p=54244"},"modified":"2026-04-21T23:06:06","modified_gmt":"2026-04-22T05:06:06","slug":"aminoter-reparage-suero-capilar-50ml","status":"publish","type":"product","link":"https:\/\/iselamendez.mx\/farmacia\/tienda\/zona-del-cuerpo\/cabeza\/aminoter-reparage-suero-capilar-50ml\/","title":{"rendered":"Aminoter Reparage Suero Capilar 50mL"},"content":{"rendered":"<h2><strong>Aminoter Reparage Suero Capilar 50mL<\/strong><\/h2>\n<p>&nbsp;<\/p>\n<div class=\"txtdescription\">\n<div class=\"metafield-rich_text_field\">\n<p>Ideal para el pelo con puntas secas y abiertas, causadas por el uso de planchas o la exposici\u00f3n a agentes externos como tintes, secadoras, sol, y cloro, entre otros. Este suero no solo nutre e hidrata el tallo del cabello, sino que tambi\u00e9n proporciona brillo y suavidad, eliminando el frizz sin dejar una sensaci\u00f3n grasosa.<\/p>\n<\/div>\n<\/div>\n<div class=\"contitemsvip\">\n<div class=\"txtdescription important\">\n<p><strong>Indicado para recuperar la salud del pelo y para protegerlo de las altas temperaturas<\/strong><\/p>\n<p>Modo de empleo<\/p>\n<\/div>\n<div><\/div>\n<\/div>\n<div>\n<p>Con el pelo limpio (h\u00famedo o seco) colocar una peque\u00f1a cantidad en la mano, puedes masajearla con tus manos y, a continuaci\u00f3n, extender de medios a puntas en tu pelo. No apliques en la ra\u00edz. Distribuye bien por todo el pelo.<\/p>\n<p>Aplicar una o dos veces al d\u00eda. NO requiere enjuagarse<\/p>\n<\/div>\n","protected":false},"excerpt":{"rendered":"<p>Aminoter Reparage Suero Capilar 50mL &nbsp; Ideal para el pelo con puntas secas y abiertas, causadas por el uso de planchas o la exposici\u00f3n a agentes externos como tintes, secadoras, sol, y cloro, entre otros. Este suero no solo nutre [&hellip;]<\/p>\n","protected":false},"featured_media":54633,"comment_status":"open","ping_status":"closed","template":"","meta":[],"product_brand":[455],"product_cat":[112,209,519,116,590,69],"product_tag":[],"class_list":{"0":"post-54244","1":"product","2":"type-product","3":"status-publish","4":"has-post-thumbnail","6":"product_brand-panalab","7":"product_cat-cabeza","8":"product_cat-cuidado-capilar","9":"product_cat-invierno","10":"product_cat-panalab","11":"product_cat-semana-santa","12":"product_cat-suero","14":"first","15":"instock","16":"shipping-taxable","17":"purchasable","18":"product-type-simple"},"aioseo_notices":[],"_links":{"self":[{"href":"https:\/\/iselamendez.mx\/farmacia\/wp-json\/wp\/v2\/product\/54244","targetHints":{"allow":["GET"]}}],"collection":[{"href":"https:\/\/iselamendez.mx\/farmacia\/wp-json\/wp\/v2\/product"}],"about":[{"href":"https:\/\/iselamendez.mx\/farmacia\/wp-json\/wp\/v2\/types\/product"}],"replies":[{"embeddable":true,"href":"https:\/\/iselamendez.mx\/farmacia\/wp-json\/wp\/v2\/comments?post=54244"}],"wp:featuredmedia":[{"embeddable":true,"href":"https:\/\/iselamendez.mx\/farmacia\/wp-json\/wp\/v2\/media\/54633"}],"wp:attachment":[{"href":"https:\/\/iselamendez.mx\/farmacia\/wp-json\/wp\/v2\/media?parent=54244"}],"wp:term":[{"taxonomy":"product_brand","embeddable":true,"href":"https:\/\/iselamendez.mx\/farmacia\/wp-json\/wp\/v2\/product_brand?post=54244"},{"taxonomy":"product_cat","embeddable":true,"href":"https:\/\/iselamendez.mx\/farmacia\/wp-json\/wp\/v2\/product_cat?post=54244"},{"taxonomy":"product_tag","embeddable":true,"href":"https:\/\/iselamendez.mx\/farmacia\/wp-json\/wp\/v2\/product_tag?post=54244"}],"curies":[{"name":"wp","href":"https:\/\/api.w.org\/{rel}","templated":true}]}}