{"id":54395,"date":"2025-05-15T10:50:52","date_gmt":"2025-05-15T16:50:52","guid":{"rendered":"https:\/\/iselamendez.mx\/farmacia\/?post_type=product&#038;p=54395"},"modified":"2026-04-01T03:23:45","modified_gmt":"2026-04-01T09:23:45","slug":"mesoestetic-melan-tran3x-gel-cream-50ml","status":"publish","type":"product","link":"https:\/\/iselamendez.mx\/farmacia\/tienda\/funcion\/tratamiento\/despigmentantes\/mesoestetic-melan-tran3x-gel-cream-50ml\/","title":{"rendered":"Mesoestetic Melan Tran3x Gel Cream 50mL"},"content":{"rendered":"<h2>Mesoestetic Melan Tran3x Gel Cream 50mL<\/h2>\n<div class=\"product attribute overview\">\n<div class=\"value\">\n<p>Crema despigmentante de uso diario que act\u00faa de forma gradual sobre las manchas epid\u00e9rmicas para proporcionar un tono de piel m\u00e1s homog\u00e9neo.<\/p>\n<p><b>MODO DE EMPLEO<\/b><\/p>\n<article class=\"usage\">\n<table>\n<tbody>\n<tr class=\"application__area\">\n<td class=\"title\">\u00c1rea de aplicaci\u00f3n<\/td>\n<td>facial.<\/td>\n<\/tr>\n<tr>\n<td class=\"title\">periodicidad de uso y aplicaci\u00f3n<\/td>\n<td>dos veces al d\u00eda.<\/td>\n<\/tr>\n<tr class=\"moment__use\">\n<td class=\"title\">Momento de uso<\/td>\n<td>ma\u00f1ana y noche.<\/td>\n<\/tr>\n<\/tbody>\n<\/table>\n<\/article>\n<article class=\"time-to\">\n<div class=\"clock\"><img decoding=\"async\" src=\"https:\/\/www.mesoestetic.mx\/static\/version1747292252\/frontend\/tbb\/mesoestetic\/es_MX\/images\/clock-black.svg\" alt=\"Clock\" \/>dos veces al d\u00eda, ma\u00f1ana y noche.<\/div>\n<\/article>\n<\/div>\n<\/div>\n<div class=\"product attribute size\"><\/div>\n","protected":false},"excerpt":{"rendered":"<p>Mesoestetic Melan Tran3x Gel Cream 50mL Crema despigmentante de uso diario que act\u00faa de forma gradual sobre las manchas epid\u00e9rmicas para proporcionar un tono de piel m\u00e1s homog\u00e9neo. MODO DE EMPLEO \u00c1rea de aplicaci\u00f3n facial. periodicidad de uso y aplicaci\u00f3n [&hellip;]<\/p>\n","protected":false},"featured_media":54444,"comment_status":"open","ping_status":"closed","template":"","meta":[],"product_brand":[447],"product_cat":[161,154,390,79],"product_tag":[],"class_list":{"0":"post-54395","1":"product","2":"type-product","3":"status-publish","4":"has-post-thumbnail","6":"product_brand-mesoestetic","7":"product_cat-crema-facial-tipo-de-producto","8":"product_cat-despigmentantes","9":"product_cat-mesoestetic","10":"product_cat-rostro","12":"first","13":"outofstock","14":"shipping-taxable","15":"purchasable","16":"product-type-simple"},"aioseo_notices":[],"_links":{"self":[{"href":"https:\/\/iselamendez.mx\/farmacia\/wp-json\/wp\/v2\/product\/54395","targetHints":{"allow":["GET"]}}],"collection":[{"href":"https:\/\/iselamendez.mx\/farmacia\/wp-json\/wp\/v2\/product"}],"about":[{"href":"https:\/\/iselamendez.mx\/farmacia\/wp-json\/wp\/v2\/types\/product"}],"replies":[{"embeddable":true,"href":"https:\/\/iselamendez.mx\/farmacia\/wp-json\/wp\/v2\/comments?post=54395"}],"wp:featuredmedia":[{"embeddable":true,"href":"https:\/\/iselamendez.mx\/farmacia\/wp-json\/wp\/v2\/media\/54444"}],"wp:attachment":[{"href":"https:\/\/iselamendez.mx\/farmacia\/wp-json\/wp\/v2\/media?parent=54395"}],"wp:term":[{"taxonomy":"product_brand","embeddable":true,"href":"https:\/\/iselamendez.mx\/farmacia\/wp-json\/wp\/v2\/product_brand?post=54395"},{"taxonomy":"product_cat","embeddable":true,"href":"https:\/\/iselamendez.mx\/farmacia\/wp-json\/wp\/v2\/product_cat?post=54395"},{"taxonomy":"product_tag","embeddable":true,"href":"https:\/\/iselamendez.mx\/farmacia\/wp-json\/wp\/v2\/product_tag?post=54395"}],"curies":[{"name":"wp","href":"https:\/\/api.w.org\/{rel}","templated":true}]}}