{"id":54401,"date":"2025-05-15T10:55:36","date_gmt":"2025-05-15T16:55:36","guid":{"rendered":"https:\/\/iselamendez.mx\/farmacia\/?post_type=product&#038;p=54401"},"modified":"2026-04-15T10:42:39","modified_gmt":"2026-04-15T16:42:39","slug":"mesoestetic-melan-recovery-balm-50ml","status":"publish","type":"product","link":"https:\/\/iselamendez.mx\/farmacia\/tienda\/funcion\/tratamiento\/piel-alergica\/mesoestetic-melan-recovery-balm-50ml\/","title":{"rendered":"Mesoestetic Melan Recovery Balm 50mL"},"content":{"rendered":"<h2><strong>Mesoestetic Melan Recovery Balm 50mL<\/strong><\/h2>\n<div class=\"product attribute overview\">\n<div class=\"value\">B\u00e1lsamo intensivo que combate las manifestaciones relacionadas con la irritaci\u00f3n y el enrojecimiento, proporcionando alivio inmediato.<\/div>\n<\/div>\n<div>\n<div id=\"description\" class=\"data item content\" role=\"tabpanel\" aria-labelledby=\"tab-label-description\" data-role=\"content\" aria-hidden=\"false\">\n<section class=\"description__content\">\n<article>B\u00e1lsamo calmante y recuperador que devuelve el equilibrio y el confort a la piel tras agresiones externas (sol, depilaci\u00f3n, afeitado, fricci\u00f3n) o tras tratamientos m\u00e9dico est\u00e9ticos (peelings, l\u00e1ser, etc) que puedan causar sensibilizaci\u00f3n cut\u00e1nea, falta de confort y\/o enrojecimiento. Reduce la sensibilidad cut\u00e1nea y refuerza el sistema de defensa de la piel. Reequilibria la barrera cut\u00e1nea proporcionando confort, elasticidad y suavidad.&nbsp;<\/p>\n<\/article>\n<\/section>\n<\/div>\n<div id=\"tab-label-principles\" class=\"data item title\" tabindex=\"0\" role=\"tab\" data-role=\"collapsible\" data-collapsible=\"true\" aria-controls=\"principles\" aria-selected=\"false\" aria-expanded=\"false\"><strong>MODO DE EMPLEO<\/strong><\/div>\n<div tabindex=\"0\" role=\"tab\" data-role=\"collapsible\" data-collapsible=\"true\" aria-controls=\"principles\" aria-selected=\"false\" aria-expanded=\"false\">\n<article class=\"usage\">\n<table>\n<tbody>\n<tr class=\"application__area\">\n<td class=\"title\">\u00c1rea de aplicaci\u00f3n<\/td>\n<td>facial.<\/td>\n<\/tr>\n<tr>\n<td class=\"title\">periodicidad de uso y aplicaci\u00f3n<\/td>\n<td>cuando se sienta tirantez.<\/td>\n<\/tr>\n<tr class=\"moment__use\">\n<td class=\"title\">Momento de uso<\/td>\n<td>ma\u00f1ana, mediod\u00eda, tarde y noche.<\/td>\n<\/tr>\n<\/tbody>\n<\/table>\n<\/article>\n<article class=\"time-to\">\n<div class=\"clock\"><img decoding=\"async\" src=\"https:\/\/www.mesoestetic.mx\/static\/version1747292252\/frontend\/tbb\/mesoestetic\/es_MX\/images\/clock-black.svg\" alt=\"Clock\" \/>cuando se sienta tirantez, ma\u00f1ana, mediod\u00eda, tarde y noche.<\/div>\n<\/article>\n<\/div>\n<\/div>\n","protected":false},"excerpt":{"rendered":"<p>Mesoestetic Melan Recovery Balm 50mL B\u00e1lsamo intensivo que combate las manifestaciones relacionadas con la irritaci\u00f3n y el enrojecimiento, proporcionando alivio inmediato. B\u00e1lsamo calmante y recuperador que devuelve el equilibrio y el confort a la piel tras agresiones externas (sol, depilaci\u00f3n, [&hellip;]<\/p>\n","protected":false},"featured_media":54476,"comment_status":"open","ping_status":"closed","template":"","meta":[],"product_brand":[447],"product_cat":[339,390,340,213,113,79],"product_tag":[],"class_list":{"0":"post-54401","1":"product","2":"type-product","3":"status-publish","4":"has-post-thumbnail","6":"product_brand-mesoestetic","7":"product_cat-balsamo","8":"product_cat-mesoestetic","9":"product_cat-piel-alergica","10":"product_cat-piel-rojeces","11":"product_cat-piel-sensible","12":"product_cat-rostro","14":"first","15":"instock","16":"shipping-taxable","17":"purchasable","18":"product-type-simple"},"aioseo_notices":[],"_links":{"self":[{"href":"https:\/\/iselamendez.mx\/farmacia\/wp-json\/wp\/v2\/product\/54401","targetHints":{"allow":["GET"]}}],"collection":[{"href":"https:\/\/iselamendez.mx\/farmacia\/wp-json\/wp\/v2\/product"}],"about":[{"href":"https:\/\/iselamendez.mx\/farmacia\/wp-json\/wp\/v2\/types\/product"}],"replies":[{"embeddable":true,"href":"https:\/\/iselamendez.mx\/farmacia\/wp-json\/wp\/v2\/comments?post=54401"}],"wp:featuredmedia":[{"embeddable":true,"href":"https:\/\/iselamendez.mx\/farmacia\/wp-json\/wp\/v2\/media\/54476"}],"wp:attachment":[{"href":"https:\/\/iselamendez.mx\/farmacia\/wp-json\/wp\/v2\/media?parent=54401"}],"wp:term":[{"taxonomy":"product_brand","embeddable":true,"href":"https:\/\/iselamendez.mx\/farmacia\/wp-json\/wp\/v2\/product_brand?post=54401"},{"taxonomy":"product_cat","embeddable":true,"href":"https:\/\/iselamendez.mx\/farmacia\/wp-json\/wp\/v2\/product_cat?post=54401"},{"taxonomy":"product_tag","embeddable":true,"href":"https:\/\/iselamendez.mx\/farmacia\/wp-json\/wp\/v2\/product_tag?post=54401"}],"curies":[{"name":"wp","href":"https:\/\/api.w.org\/{rel}","templated":true}]}}