{"id":54406,"date":"2025-05-15T11:14:25","date_gmt":"2025-05-15T17:14:25","guid":{"rendered":"https:\/\/iselamendez.mx\/farmacia\/?post_type=product&#038;p=54406"},"modified":"2026-04-21T23:06:08","modified_gmt":"2026-04-22T05:06:08","slug":"mesoestetic-aox-ferulic-serum-30ml","status":"publish","type":"product","link":"https:\/\/iselamendez.mx\/farmacia\/tienda\/funcion\/tratamiento\/anti-edad\/mesoestetic-aox-ferulic-serum-30ml\/","title":{"rendered":"Mesoestetic AOX Ferulic Serum 30mL"},"content":{"rendered":"<h2><strong>Mesoestetic AOX Ferulic Serum 30mL<br \/>\n<\/strong><\/h2>\n<p>Concentrado antioxidante ultra-avanzado con acci\u00f3n antiedad e iluminadora que protege las c\u00e9lulas responsables de la producci\u00f3n de col\u00e1geno y elastina favoreciendo la longevidad celular. Proporciona a la piel un glow inmediato y una mejora de la firmeza cut\u00e1nea, gracias a su textura ultra-ligera apta para todo tipo de pieles<\/p>\n<p>La\u00a0<strong>nueva f\u00f3rmula<\/strong>\u00a0de aox ferulic mantiene los activos de siempre, y adem\u00e1s incorpora\u00a0<strong>dos nuevos<\/strong>\u00a0<strong>activos\u00a0<\/strong>que act\u00faan como un<strong>\u00a0potente d\u00fao sin\u00e9rgico<\/strong>: glutati\u00f3n y astaxantina.<\/p>\n<p>Tambi\u00e9n cuenta con un\u00a0<strong>nuevo envase<\/strong>\u00a0de activaci\u00f3n twist-on dise\u00f1ado para garantizar una \u00f3ptima estabilidad de la f\u00f3rmula.<\/p>\n<p>&nbsp;<\/p>\n<p><strong>MODO DE EMPLEO<\/strong><\/p>\n<article class=\"usage\">\n<table>\n<tbody>\n<tr class=\"application__area\">\n<td class=\"title\">\u00c1rea de aplicaci\u00f3n<\/td>\n<td>facial.<\/td>\n<\/tr>\n<tr>\n<td class=\"title\">periodicidad de uso y aplicaci\u00f3n<\/td>\n<td>dos veces al d\u00eda.<\/td>\n<\/tr>\n<tr class=\"moment__use\">\n<td class=\"title\">Momento de uso<\/td>\n<td>ma\u00f1ana y noche.<\/td>\n<\/tr>\n<\/tbody>\n<\/table>\n<\/article>\n<article class=\"time-to\">\n<div class=\"clock\"><img decoding=\"async\" src=\"https:\/\/www.mesoestetic.mx\/static\/version1747292252\/frontend\/tbb\/mesoestetic\/es_MX\/images\/clock-black.svg\" alt=\"Clock\" \/>dos veces al d\u00eda, ma\u00f1ana y noche.<\/div>\n<p>Activa antes del primer uso: 1) Girar el cuello del envase en el sentido de las agujas del reloj, tal y como se indica en el dibujo del interior del estuche. 2)Mezclar durante varios segundos. Aplicar diariamente ma\u00f1ana y\/o noche.<\/p>\n<\/article>\n","protected":false},"excerpt":{"rendered":"<p>Mesoestetic AOX Ferulic Serum 30mL Concentrado antioxidante ultra-avanzado con acci\u00f3n antiedad e iluminadora que protege las c\u00e9lulas responsables de la producci\u00f3n de col\u00e1geno y elastina favoreciendo la longevidad celular. Proporciona a la piel un glow inmediato y una mejora de [&hellip;]<\/p>\n","protected":false},"featured_media":54452,"comment_status":"open","ping_status":"closed","template":"","meta":[],"product_brand":[447],"product_cat":[152,203,519,390,79,69],"product_tag":[],"class_list":{"0":"post-54406","1":"product","2":"type-product","3":"status-publish","4":"has-post-thumbnail","6":"product_brand-mesoestetic","7":"product_cat-anti-edad","8":"product_cat-antioxidante","9":"product_cat-invierno","10":"product_cat-mesoestetic","11":"product_cat-rostro","12":"product_cat-suero","14":"first","15":"instock","16":"shipping-taxable","17":"purchasable","18":"product-type-simple"},"aioseo_notices":[],"_links":{"self":[{"href":"https:\/\/iselamendez.mx\/farmacia\/wp-json\/wp\/v2\/product\/54406","targetHints":{"allow":["GET"]}}],"collection":[{"href":"https:\/\/iselamendez.mx\/farmacia\/wp-json\/wp\/v2\/product"}],"about":[{"href":"https:\/\/iselamendez.mx\/farmacia\/wp-json\/wp\/v2\/types\/product"}],"replies":[{"embeddable":true,"href":"https:\/\/iselamendez.mx\/farmacia\/wp-json\/wp\/v2\/comments?post=54406"}],"wp:featuredmedia":[{"embeddable":true,"href":"https:\/\/iselamendez.mx\/farmacia\/wp-json\/wp\/v2\/media\/54452"}],"wp:attachment":[{"href":"https:\/\/iselamendez.mx\/farmacia\/wp-json\/wp\/v2\/media?parent=54406"}],"wp:term":[{"taxonomy":"product_brand","embeddable":true,"href":"https:\/\/iselamendez.mx\/farmacia\/wp-json\/wp\/v2\/product_brand?post=54406"},{"taxonomy":"product_cat","embeddable":true,"href":"https:\/\/iselamendez.mx\/farmacia\/wp-json\/wp\/v2\/product_cat?post=54406"},{"taxonomy":"product_tag","embeddable":true,"href":"https:\/\/iselamendez.mx\/farmacia\/wp-json\/wp\/v2\/product_tag?post=54406"}],"curies":[{"name":"wp","href":"https:\/\/api.w.org\/{rel}","templated":true}]}}