{"id":54414,"date":"2025-05-15T11:22:35","date_gmt":"2025-05-15T17:22:35","guid":{"rendered":"https:\/\/iselamendez.mx\/farmacia\/?post_type=product&#038;p=54414"},"modified":"2026-04-21T23:06:08","modified_gmt":"2026-04-22T05:06:08","slug":"mesoestetic-cosmelan-2-cream-30g","status":"publish","type":"product","link":"https:\/\/iselamendez.mx\/farmacia\/tienda\/funcion\/tratamiento\/despigmentantes\/mesoestetic-cosmelan-2-cream-30g\/","title":{"rendered":"Mesoestetic Cosmelan 2 Cream 30g"},"content":{"rendered":"<h2><strong>Mesoestetic Cosmelan 2 Cream 30g<\/strong><\/h2>\n<p><strong>Mesoestetic Cosmelan 2 Cream 30g<\/strong> es la crema de uso domiciliario cuya acci\u00f3n principal es la atenuaci\u00f3n y control de las manchas faciales de origen mel\u00e1nico. Aten\u00faa las manchas de forma cont\u00ednua y regula la sobreproducci\u00f3n de melanina para evitar su reaparici\u00f3n a largo plazo. Est\u00e1 indicada para completar la acci\u00f3n despigmentante del <strong>m\u00e9todo profesional est\u00e9tico cosmelan\u00ae<\/strong>.<sup>(1)<\/sup><\/p>\n<p>Adem\u00e1s mejora la textura de la piel, resalta la luminosidad e iguala el tono obteniendo como resultado una piel visiblemente rejuvenecida.<\/p>\n<p><strong>MODO DE EMPLEO\u00a0<\/strong><\/p>\n<article class=\"usage\">\n<table>\n<tbody>\n<tr class=\"application__area\">\n<td class=\"title\">\u00c1rea de aplicaci\u00f3n<\/td>\n<td>facial.<\/td>\n<\/tr>\n<tr>\n<td class=\"title\">periodicidad de uso y aplicaci\u00f3n<\/td>\n<td>dos veces al d\u00eda.<\/td>\n<\/tr>\n<tr class=\"moment__use\">\n<td class=\"title\">Momento de uso<\/td>\n<td>ma\u00f1ana y noche.<\/td>\n<\/tr>\n<\/tbody>\n<\/table>\n<\/article>\n<article class=\"time-to\">\n<div class=\"clock\"><img decoding=\"async\" src=\"https:\/\/www.mesoestetic.mx\/static\/version1747292252\/frontend\/tbb\/mesoestetic\/es_MX\/images\/clock-black.svg\" alt=\"Clock\" \/>dos veces al d\u00eda, ma\u00f1ana y noche.<\/div>\n<\/article>\n","protected":false},"excerpt":{"rendered":"<p><strong>Mesoestetic Cosmelan 2 Cream 30g<\/strong>\u00a0es la crema de uso domiciliario cuya acci\u00f3n principal es la atenuaci\u00f3n y control de las manchas faciales de origen mel\u00e1nico. Aten\u00faa las manchas de forma cont\u00ednua y regula la sobreproducci\u00f3n de melanina para evitar su reaparici\u00f3n a largo plazo. Est\u00e1 indicada para completar la acci\u00f3n despigmentante del\u00a0<strong>m\u00e9todo profesional est\u00e9tico cosmelan\u00ae<\/strong>.<sup>(1)<\/sup><\/p>\n<p>Adem\u00e1s mejora la textura de la piel, resalta la luminosidad e iguala el tono obteniendo como resultado una piel visiblemente rejuvenecida.<\/p>\n","protected":false},"featured_media":54493,"comment_status":"open","ping_status":"closed","template":"","meta":[],"product_brand":[447],"product_cat":[161,154,278,335,390,79],"product_tag":[],"class_list":{"0":"post-54414","1":"product","2":"type-product","3":"status-publish","4":"has-post-thumbnail","6":"product_brand-mesoestetic","7":"product_cat-crema-facial-tipo-de-producto","8":"product_cat-despigmentantes","9":"product_cat-hiperpigmentacion","10":"product_cat-melasma","11":"product_cat-mesoestetic","12":"product_cat-rostro","14":"first","15":"instock","16":"shipping-taxable","17":"purchasable","18":"product-type-simple"},"aioseo_notices":[],"_links":{"self":[{"href":"https:\/\/iselamendez.mx\/farmacia\/wp-json\/wp\/v2\/product\/54414","targetHints":{"allow":["GET"]}}],"collection":[{"href":"https:\/\/iselamendez.mx\/farmacia\/wp-json\/wp\/v2\/product"}],"about":[{"href":"https:\/\/iselamendez.mx\/farmacia\/wp-json\/wp\/v2\/types\/product"}],"replies":[{"embeddable":true,"href":"https:\/\/iselamendez.mx\/farmacia\/wp-json\/wp\/v2\/comments?post=54414"}],"wp:featuredmedia":[{"embeddable":true,"href":"https:\/\/iselamendez.mx\/farmacia\/wp-json\/wp\/v2\/media\/54493"}],"wp:attachment":[{"href":"https:\/\/iselamendez.mx\/farmacia\/wp-json\/wp\/v2\/media?parent=54414"}],"wp:term":[{"taxonomy":"product_brand","embeddable":true,"href":"https:\/\/iselamendez.mx\/farmacia\/wp-json\/wp\/v2\/product_brand?post=54414"},{"taxonomy":"product_cat","embeddable":true,"href":"https:\/\/iselamendez.mx\/farmacia\/wp-json\/wp\/v2\/product_cat?post=54414"},{"taxonomy":"product_tag","embeddable":true,"href":"https:\/\/iselamendez.mx\/farmacia\/wp-json\/wp\/v2\/product_tag?post=54414"}],"curies":[{"name":"wp","href":"https:\/\/api.w.org\/{rel}","templated":true}]}}