{"id":55625,"date":"2025-05-30T10:52:33","date_gmt":"2025-05-30T16:52:33","guid":{"rendered":"https:\/\/iselamendez.mx\/farmacia\/?post_type=product&#038;p=55625"},"modified":"2026-04-16T20:02:54","modified_gmt":"2026-04-17T02:02:54","slug":"medik8-crystal-retinal-20-serum-30ml","status":"publish","type":"product","link":"https:\/\/iselamendez.mx\/farmacia\/tienda\/funcion\/tratamiento\/anti-edad\/medik8-crystal-retinal-20-serum-30ml\/","title":{"rendered":"Medik8 Crystal Retinal 20 Serum 30mL"},"content":{"rendered":"<h2><strong>Medik8 Crystal Retinal 20 Serum 30mL<\/strong><\/h2>\n<div id=\"full-details\" class=\"product-information-description f-product-hero__description\">\n<p>Descubre Crystal Retinal 20, el suero de retinal m\u00e1s potente de Medik8, dise\u00f1ado para proporcionar resultados excepcionales en la reducci\u00f3n de arrugas y manchas. Este suero de vitamina A est\u00e1 formulado con 0,2% de retinaldeh\u00eddo encapsulado, ofreciendo efectos anti-envejecimiento de \u00faltima generaci\u00f3n. Act\u00faa hasta 11 veces m\u00e1s r\u00e1pido que las formas cl\u00e1sicas de retinol, proporcionando una piel visiblemente m\u00e1s firme, brillante y suave. Ideal para quienes han usado previamente suero de retinal de menor concentraci\u00f3n, Crystal Retinal 20 asegura una renovaci\u00f3n avanzada para combatir los signos del envejecimiento.<\/p>\n<\/div>\n<div class=\"product-information-scroll-item f-product-hero__details\">\n<div>\n<h4 class=\"title\"><strong>BENEFICIOS CLAVE<\/strong><\/h4>\n<\/div>\n<ul class=\"js-list-item content open\">\n<li class=\"list-item\">\n<div class=\"copy\">\n<h6>Poder r\u00e1pido para reducir las arrugas<\/h6>\n<div class=\"metafield-rich_text_field\">\n<p>Reducci\u00f3n de arrugas cl\u00ednicamente probada con s\u00f3lo 1 tubo*.<\/p>\n<p>*Proven via independent clinical study on Crystal Retinal 6. Tested on 33 participants over 12 weeks.<\/p>\n<\/div>\n<p>&nbsp;<\/p>\n<\/div>\n<\/li>\n<li class=\"list-item\">\n<div class=\"copy\">\n<h6>Resultados de calidad profesional<\/h6>\n<div class=\"metafield-rich_text_field\">\n<p>Se ha demostrado que el retinaldeh\u00eddo act\u00faa hasta 11 veces m\u00e1s r\u00e1pido que el retinol cl\u00e1sico*, por lo que podr\u00e1s ver los resultados antes.<\/p>\n<p>*G. Siegenthaler et al., Retinol and retinal metabolism, Biochemical Journal, 1990, 268, pp 371-378<\/p>\n<\/div>\n<p>&nbsp;<\/p>\n<\/div>\n<\/li>\n<li class=\"list-item\">\n<div class=\"copy\">\n<h6>Piel radiante y joven<\/h6>\n<div class=\"metafield-rich_text_field\">\n<p>Mejora visiblemente la textura, la luminosidad, la firmeza y la claridad.<\/p>\n<\/div>\n<p>&nbsp;<\/p>\n<\/div>\n<\/li>\n<li class=\"list-item\">\n<div class=\"copy\">\n<h6>Resultados eficaces hasta la \u00faltima gota<\/h6>\n<p>&nbsp;<\/p>\n<div class=\"metafield-rich_text_field\">\n<p>Gracias al complejo de estabilidad patentado de Medik8.<\/p>\n<\/div>\n<p>&nbsp;<\/p>\n<\/div>\n<\/li>\n<li class=\"list-item\">\n<div class=\"copy\">\n<h6>Personaliza Tu Rutina Con 6 Potenciadores Progresivos<\/h6>\n<div class=\"metafield-rich_text_field\">\n<p>Una fuerza retinal para usuarios principiantes y expertos, incluso para pieles sensibles<\/p>\n<\/div>\n<\/div>\n<div class=\"copy\">\n<p>&nbsp;<\/p>\n<\/div>\n<\/li>\n<\/ul>\n<div>\n<h4 class=\"title\"><strong>MODO DE USO<\/strong><\/h4>\n<\/div>\n<div class=\"content\">\n<div class=\"js-pz-template--21390399242570__8e68bc3b-f337-40cb-9e19-9b41c3da10bc img-wrapper\"><span style=\"color: #000000; font-size: 18px;\">Paso 1<\/span><\/div>\n<div class=\"text-wrapper\">\n<div class=\"metafield-rich_text_field\">\n<p>Por la noche, despu\u00e9s de la limpieza, aplicar 2 pulsaciones de Crystal Retinal sobre el rostro y el cuello. Deje que se absorba y aplique a continuaci\u00f3n una crema hidratante. Recomendamos Advanced Night Restore, que se ha dise\u00f1ado espec\u00edficamente para utilizarse despu\u00e9s de la vitamina A.<\/p>\n<h4>Paso 2<\/h4>\n<p>Para los nuevos usuarios de Crystal Retinal, aplicar gradualmente. Util\u00edcelo dos veces por semana durante las 2 primeras semanas, una noche s\u00ed y otra no durante las 2 semanas siguientes, y despu\u00e9s todas las noches. Siempre debe utilizar un protector solar a la ma\u00f1ana siguiente de usar la vitamina A.<\/p>\n<h5>Recomendamos utilizar al menos 1 tubo de la potencia actual de Crystal Retinal antes de pasar a la potencia siguiente.<\/h5>\n<\/div>\n<\/div>\n<\/div>\n<p>&nbsp;<\/p>\n<\/div>\n","protected":false},"excerpt":{"rendered":"<p>Medik8 Crystal Retinal 20 Serum 30mL Descubre Crystal Retinal 20, el suero de retinal m\u00e1s potente de Medik8, dise\u00f1ado para proporcionar resultados excepcionales en la reducci\u00f3n de arrugas y manchas. Este suero de vitamina A est\u00e1 formulado con 0,2% de [&hellip;]<\/p>\n","protected":false},"featured_media":55755,"comment_status":"open","ping_status":"closed","template":"","meta":[],"product_brand":[381],"product_cat":[152,154,278,519,299,486,214,79,69],"product_tag":[],"class_list":{"0":"post-55625","1":"product","2":"type-product","3":"status-publish","4":"has-post-thumbnail","6":"product_brand-medik8","7":"product_cat-anti-edad","8":"product_cat-despigmentantes","9":"product_cat-hiperpigmentacion","10":"product_cat-invierno","11":"product_cat-medik8","12":"product_cat-promociones-2026","13":"product_cat-retinol","14":"product_cat-rostro","15":"product_cat-suero","17":"first","18":"instock","19":"shipping-taxable","20":"purchasable","21":"product-type-simple"},"aioseo_notices":[],"_links":{"self":[{"href":"https:\/\/iselamendez.mx\/farmacia\/wp-json\/wp\/v2\/product\/55625","targetHints":{"allow":["GET"]}}],"collection":[{"href":"https:\/\/iselamendez.mx\/farmacia\/wp-json\/wp\/v2\/product"}],"about":[{"href":"https:\/\/iselamendez.mx\/farmacia\/wp-json\/wp\/v2\/types\/product"}],"replies":[{"embeddable":true,"href":"https:\/\/iselamendez.mx\/farmacia\/wp-json\/wp\/v2\/comments?post=55625"}],"wp:featuredmedia":[{"embeddable":true,"href":"https:\/\/iselamendez.mx\/farmacia\/wp-json\/wp\/v2\/media\/55755"}],"wp:attachment":[{"href":"https:\/\/iselamendez.mx\/farmacia\/wp-json\/wp\/v2\/media?parent=55625"}],"wp:term":[{"taxonomy":"product_brand","embeddable":true,"href":"https:\/\/iselamendez.mx\/farmacia\/wp-json\/wp\/v2\/product_brand?post=55625"},{"taxonomy":"product_cat","embeddable":true,"href":"https:\/\/iselamendez.mx\/farmacia\/wp-json\/wp\/v2\/product_cat?post=55625"},{"taxonomy":"product_tag","embeddable":true,"href":"https:\/\/iselamendez.mx\/farmacia\/wp-json\/wp\/v2\/product_tag?post=55625"}],"curies":[{"name":"wp","href":"https:\/\/api.w.org\/{rel}","templated":true}]}}