{"id":56314,"date":"2025-06-05T10:46:00","date_gmt":"2025-06-05T16:46:00","guid":{"rendered":"https:\/\/iselamendez.mx\/farmacia\/?post_type=product&#038;p=56314"},"modified":"2026-04-01T03:23:53","modified_gmt":"2026-04-01T09:23:53","slug":"parabotica-xeroskin-syndet-gel-urea-3-400ml","status":"publish","type":"product","link":"https:\/\/iselamendez.mx\/farmacia\/tienda\/funcion\/tratamiento\/hidratacion\/parabotica-xeroskin-syndet-gel-urea-3-400ml\/","title":{"rendered":"Parabotica Xeroskin Syndet Gel Urea 3% 400ml"},"content":{"rendered":"<h2><strong>Parabotica Xeroskin Syndet Gel Urea 3% 400ml<\/strong><\/h2>\n<p>Gel de ba\u00f1o y ducha destinado a la higiene suave de las pieles muy secas, con tendencia a xerosis, picores y descamaci\u00f3n.<\/p>\n<div class=\"tituloProductoDescripcion\">\n<div class=\"tituloProductoDescripcion\"><strong>Descripci\u00f3n<\/strong><\/div>\n<div class=\"contenidoProductoDatos\">F\u00f3rmula especial para la higiene de pieles muy secas, con tendencia a xerosis, que presentan picores o\u00a0descamaci\u00f3n. Su f\u00f3rmula con Urea, Avena y Aceite de Oliva, mantiene la funci\u00f3n barrera de la piel, asegurando una hidrataci\u00f3n y elasticidad cut\u00e1nea \u00f3ptimas. Contiene Polidocanol, agente que disminuye la sensaci\u00f3n de picor<br \/>\nasociada a los estados de sequedad, y Lactato s\u00f3dico, para suavizar la piel en profundidad. Ayuda a calmar la piel sensible e irritada y la protege frente a factores externos.<\/div>\n<\/div>\n<div class=\"contenidoProductoDatos\">F\u00f3rmula especial para la higiene de pieles muy secas, con tendencia a xerosis, que presentan picores o\u00a0descamaci\u00f3n. Su f\u00f3rmula con Urea, Avena y Aceite de Oliva, mantiene la funci\u00f3n barrera de la piel, asegurando una hidrataci\u00f3n y elasticidad cut\u00e1nea \u00f3ptimas. Contiene Polidocanol, agente que disminuye la sensaci\u00f3n de picor<br \/>\nasociada a los estados de sequedad, y Lactato s\u00f3dico, para suavizar la piel en profundidad. Ayuda a calmar la piel sensible e irritada y la protege frente a factores externos.<\/div>\n<div><\/div>\n<div>\n<div class=\"tituloProductoCollapse\" data-toggle=\"collapse\" data-target=\"#productoModoUso\" aria-expanded=\"true\"><strong>Modo de Uso<\/strong><\/div>\n<div id=\"productoModoUso\" class=\"contenidoProductoDatos collapse show\">Aplicar en la ducha diaria sobre la piel, previamente humedecida, efectuando un ligero masaje hasta obtener\u00a0espuma. Aclarar con agua abundante. Evitar el contacto<br \/>\ncon los ojos, en caso de contacto accidental enjuagar abundantemente.<\/div>\n<div><\/div>\n<\/div>\n<div>\n<p>Micro-emulsi\u00f3n suave e hidratante de alta tolerancia.<\/p>\n<p>Perfume sin al\u00e9rgenos. pH= 5.<\/p>\n<\/div>\n","protected":false},"excerpt":{"rendered":"<p>Parabotica Xeroskin Syndet Gel Urea 3% 400ml Gel de ba\u00f1o y ducha destinado a la higiene suave de las pieles muy secas, con tendencia a xerosis, picores y descamaci\u00f3n. Descripci\u00f3n F\u00f3rmula especial para la higiene de pieles muy secas, con [&hellip;]<\/p>\n","protected":false},"featured_media":56328,"comment_status":"open","ping_status":"closed","template":"","meta":[],"product_brand":[384],"product_cat":[80,165,210,157,519,385,272,113,590],"product_tag":[],"class_list":{"0":"post-56314","1":"product","2":"type-product","3":"status-publish","4":"has-post-thumbnail","6":"product_brand-parabotica","7":"product_cat-cuerpo","8":"product_cat-gel-de-ducha-tipo-de-producto","9":"product_cat-hidratante","10":"product_cat-hidratacion","11":"product_cat-invierno","12":"product_cat-parabotica","13":"product_cat-piel-seca","14":"product_cat-piel-sensible","15":"product_cat-semana-santa","17":"first","18":"outofstock","19":"shipping-taxable","20":"purchasable","21":"product-type-simple"},"aioseo_notices":[],"_links":{"self":[{"href":"https:\/\/iselamendez.mx\/farmacia\/wp-json\/wp\/v2\/product\/56314","targetHints":{"allow":["GET"]}}],"collection":[{"href":"https:\/\/iselamendez.mx\/farmacia\/wp-json\/wp\/v2\/product"}],"about":[{"href":"https:\/\/iselamendez.mx\/farmacia\/wp-json\/wp\/v2\/types\/product"}],"replies":[{"embeddable":true,"href":"https:\/\/iselamendez.mx\/farmacia\/wp-json\/wp\/v2\/comments?post=56314"}],"wp:featuredmedia":[{"embeddable":true,"href":"https:\/\/iselamendez.mx\/farmacia\/wp-json\/wp\/v2\/media\/56328"}],"wp:attachment":[{"href":"https:\/\/iselamendez.mx\/farmacia\/wp-json\/wp\/v2\/media?parent=56314"}],"wp:term":[{"taxonomy":"product_brand","embeddable":true,"href":"https:\/\/iselamendez.mx\/farmacia\/wp-json\/wp\/v2\/product_brand?post=56314"},{"taxonomy":"product_cat","embeddable":true,"href":"https:\/\/iselamendez.mx\/farmacia\/wp-json\/wp\/v2\/product_cat?post=56314"},{"taxonomy":"product_tag","embeddable":true,"href":"https:\/\/iselamendez.mx\/farmacia\/wp-json\/wp\/v2\/product_tag?post=56314"}],"curies":[{"name":"wp","href":"https:\/\/api.w.org\/{rel}","templated":true}]}}