{"id":5712,"date":"2020-09-07T19:31:19","date_gmt":"2020-09-08T00:31:19","guid":{"rendered":"https:\/\/iselamendez.mx\/farmacia\/producto\/sin%20categor\u00eda\/spectral-lash\/"},"modified":"2026-04-18T13:16:42","modified_gmt":"2026-04-18T19:16:42","slug":"spectral-lash","status":"publish","type":"product","link":"https:\/\/iselamendez.mx\/farmacia\/tienda\/marcas\/ds-laboratories\/spectral-lash\/","title":{"rendered":"DS Laboratories Spectral.Lash Serum 2.4ml"},"content":{"rendered":"<h4>DS Laboratories Spectral.Lash 2.4ml<\/h4>\n<h5>Es el estimulante para el crecimiento de pesta\u00f1as innovador que ayuda a crear pesta\u00f1as m\u00e1s largas y abundantes en 4 semanas.<\/h5>\n<h5><\/h5>\n<h5>\u00bfC\u00f3mo act\u00faa?<\/h5>\n<p>Es un serum dise\u00f1ado para tratar la deficiencia en la longitud, calidad y densidad de las pesta\u00f1as. Por lo tanto, es un tratamiento dermatol\u00f3gico cl\u00ednicamente probado que se beneficia de avances en biotecnolog\u00eda para el crecimiento de las pesta\u00f1as. Se trata de una f\u00f3rmula revolucionaria que proporciona mayor densidad y grosor a las pesta\u00f1as.<\/p>\n<p>Proporciona pesta\u00f1as con <strong>mayor longitud y densidad<\/strong> en tan solo 4 semanas. Solamente tienes que aplicarlo en la base de las pesta\u00f1as para ver excelentes resultados en poco tiempo.<\/p>\n<p>Al igual que el cabello, las pesta\u00f1as est\u00e1n sujetas a la p\u00e9rdida por estr\u00e9s y al da\u00f1o ambiental. Ayuda a proteger y acondicionar las pesta\u00f1as <strong>estimulando su crecimiento<\/strong> a la vez que las hidrata.<\/p>\n<p>&nbsp;<\/p>\n<h5>\u00bfQui\u00e9n lo necesita?<\/h5>\n<ul>\n<li>Personas cuyas pesta\u00f1as se est\u00e1n volviendo m\u00e1s escasas y que buscan proteger y estimular su crecimiento.<\/li>\n<li>Personas con hipotricosis o deficiencia en la longitud, cantidad y volumen de las pesta\u00f1as.<\/li>\n<\/ul>\n<p>&nbsp;<\/p>\n<h5>Modo de Uso:<\/h5>\n<p>Aplica tu <a href=\"https:\/\/dslaboratories.com.mx\/products\/spectral-lash-eyelash-stimulator\">Spectral.Lash<\/a> dos veces al d\u00eda, ma\u00f1ana y noche, en las pesta\u00f1as limpias. Presiona el bot\u00f3n para dispensar la soluci\u00f3n y aplica en la base de las pesta\u00f1as, de modo similar a un delineador. No apliques en el interior del ojo o la zona lacrimal. Despu\u00e9s de aplicarlo, deja que el producto se seque durante algunos minutos. Una vez seco, puedes seguir tu rutina de maquillaje habitual.<\/p>\n<p>&nbsp;<\/p>\n<h5 style=\"text-align: center;\">S\u00c9 PACIENTE \u00a1SI FUNCIONA!<\/h5>\n<h5 style=\"text-align: center;\">Empezar\u00e1s a notar resultados en 2-3 meses, recuerda continuar el uso de Spectral.LASH para mantener el crecimiento de tus pesta\u00f1as. Recuerda, la constancia es clave para el \u00e9xito.<\/h5>\n<p><strong>Recuerda que tenemos <a href=\"https:\/\/iselamendez.mx\/farmacia\/tienda\/marcas\/ds-laboratories\/ds-laboratories-spectral-brow\/\">SPECTRAL.BROW <\/a>para unas cejas espectaculares. <\/strong><\/p>\n<p>Tienda en l\u00ednea <a href=\"https:\/\/iselamendez.mx\/\">Isela M\u00e9ndez<\/a> tenemos los mejores productos <b>DS LABORATORIES <\/b>consulta algunos de nuestros dermat\u00f3logos para una mejor autoevaluaci\u00f3n.<\/p>\n","protected":false},"excerpt":{"rendered":"<p>Salud es belleza.<\/p>\n","protected":false},"featured_media":46582,"comment_status":"open","ping_status":"closed","template":"","meta":[],"product_brand":[412],"product_cat":[115,145,69,71],"product_tag":[348],"class_list":{"0":"post-5712","1":"product","2":"type-product","3":"status-publish","4":"has-post-thumbnail","6":"product_brand-ds-laboratories","7":"product_cat-ds-laboratories","8":"product_cat-pestanas","9":"product_cat-suero","10":"product_cat-tratamiento","11":"product_tag-ds-laboratories","13":"first","14":"instock","15":"shipping-taxable","16":"purchasable","17":"product-type-simple"},"aioseo_notices":[],"_links":{"self":[{"href":"https:\/\/iselamendez.mx\/farmacia\/wp-json\/wp\/v2\/product\/5712","targetHints":{"allow":["GET"]}}],"collection":[{"href":"https:\/\/iselamendez.mx\/farmacia\/wp-json\/wp\/v2\/product"}],"about":[{"href":"https:\/\/iselamendez.mx\/farmacia\/wp-json\/wp\/v2\/types\/product"}],"replies":[{"embeddable":true,"href":"https:\/\/iselamendez.mx\/farmacia\/wp-json\/wp\/v2\/comments?post=5712"}],"wp:featuredmedia":[{"embeddable":true,"href":"https:\/\/iselamendez.mx\/farmacia\/wp-json\/wp\/v2\/media\/46582"}],"wp:attachment":[{"href":"https:\/\/iselamendez.mx\/farmacia\/wp-json\/wp\/v2\/media?parent=5712"}],"wp:term":[{"taxonomy":"product_brand","embeddable":true,"href":"https:\/\/iselamendez.mx\/farmacia\/wp-json\/wp\/v2\/product_brand?post=5712"},{"taxonomy":"product_cat","embeddable":true,"href":"https:\/\/iselamendez.mx\/farmacia\/wp-json\/wp\/v2\/product_cat?post=5712"},{"taxonomy":"product_tag","embeddable":true,"href":"https:\/\/iselamendez.mx\/farmacia\/wp-json\/wp\/v2\/product_tag?post=5712"}],"curies":[{"name":"wp","href":"https:\/\/api.w.org\/{rel}","templated":true}]}}