{"id":57200,"date":"2025-06-25T18:19:34","date_gmt":"2025-06-26T00:19:34","guid":{"rendered":"https:\/\/iselamendez.mx\/farmacia\/?post_type=product&#038;p=57200"},"modified":"2026-04-22T23:59:08","modified_gmt":"2026-04-23T05:59:08","slug":"glutanex-deo-glow-balm-stick-12-5g","status":"publish","type":"product","link":"https:\/\/iselamendez.mx\/farmacia\/tienda\/funcion\/tratamiento\/seboreguladores\/desodorante\/glutanex-deo-glow-balm-stick-12-5g\/","title":{"rendered":"Glutanex Deo Glow Balm Stick 12.5g"},"content":{"rendered":"<h2><strong>GLUTANEX\u2122 GLOW BALM DEO<\/strong><\/h2>\n<h5>B\u00e1lsamo Aclarante, Calmante y Antioxidante Axilar con Glutati\u00f3n, Bisabolol y Aroma hasta por 24hrs (12.5gr.)<\/h5>\n<p>Glutati\u00f3n<br \/>\nAlpha Melight<\/p>\n<p>Todo tipo de piel<br \/>\nPara mujeres y hombres<br \/>\nNo probado en animales<br \/>\nNo es desodorante comercial, su aplicaci\u00f3n es discreta y no es antitranspirante<\/p>\n<p>Ideal para zona axilar sensible, ya sea despu\u00e9s de tratamientos aclarantes, depilaci\u00f3n o rasurado en casa, con Glow Balm DEO podr\u00e1s cuidar, proteger y calmar a tu piel gracias a la combinaci\u00f3n de activos que incluyen al antioxidante maestro Glutati\u00f3n, el antioxidante maestro por excelencia que gracias a sus propiedades, ayuda a proteger a la piel del Envejecimiento Prematuro causado por el estr\u00e9s oxidativo de los radicales libres. Acompa\u00f1ado por Alpha Melight (Bisabolol), compuesto natural que apoya al desenrojecimiento y calma de la piel sensible o expuesta a la erosi\u00f3n. En conjunto obtendr\u00e1s un aclaramiento y suavidad, recuperando textura y tono original de la piel.<\/p>\n<p><strong>Acciones<\/strong>:<\/p>\n<p>Antioxidaci\u00f3n<br \/>\nAclaramiento<br \/>\nAroma hasta por 24 horas<br \/>\nCalma y suavidad<\/p>\n<p><strong>Modo de uso:<\/strong><\/p>\n<p>Lavar zona axilar<br \/>\nAplicar 1 capa en movimientos circulares<br \/>\n1 vez por la noche antes de dormir (recomendado)<br \/>\nIdeal para uso:<\/p>\n<p>De noche en axilas sensibles y\/o opacas<br \/>\nPost depilaci\u00f3n l\u00e1ser o aclaramiento l\u00e1ser<br \/>\nPost rasurado<br \/>\nGlutanex\u2122, l\u00ednea dermatol\u00f3gica con Glutati\u00f3n, importada del laboratorio Nexus Pharma de Corea del Sur.<\/p>\n<p>Aval regulatorio por la MFDS de Corea del Sur<br \/>\nRegistro ante la CPNP de Europa<\/p>\n<p><strong>RECUERDA QUE TODA RUTINA DE SKINCARE REQUIERE DE UN ESTILO DE VIDA SANO, PACIENCIA, CONSTANCIA.<\/strong><\/p>\n<p>Precauci\u00f3n: Consulta a tu m\u00e9dico antes de aplicar o usar producto. Descontinuar su uso en caso de presentarse irritaci\u00f3n, enrojecimiento o alguna molestia. Evite su uso en heridas extremas. \u00danicamente para uso externo. Mantenga fuera del alcance de los ni\u00f1os. Evite el contacto con los ojos. Mantener lejos de la luz solar.<\/p>\n<p>Caducidad promedio de 1.5 a\u00f1os<\/p>\n","protected":false},"excerpt":{"rendered":"<p>GLUTANEX\u2122 GLOW BALM DEO B\u00e1lsamo Aclarante, Calmante y Antioxidante Axilar con Glutati\u00f3n, Bisabolol y Aroma hasta por 24hrs (12.5gr.) Glutati\u00f3n Alpha Melight Todo tipo de piel Para mujeres y hombres No probado en animales No es desodorante comercial, su aplicaci\u00f3n [&hellip;]<\/p>\n","protected":false},"featured_media":57517,"comment_status":"open","ping_status":"closed","template":"","meta":[],"product_brand":[430],"product_cat":[172,339,103,334,307,213,113],"product_tag":[363],"class_list":{"0":"post-57200","1":"product","2":"type-product","3":"status-publish","4":"has-post-thumbnail","6":"product_brand-glutanex","7":"product_cat-axilas","8":"product_cat-balsamo","9":"product_cat-desodorante","10":"product_cat-glutanex","11":"product_cat-nexus-pharma","12":"product_cat-piel-rojeces","13":"product_cat-piel-sensible","14":"product_tag-nexus-pharma","16":"first","17":"instock","18":"shipping-taxable","19":"purchasable","20":"product-type-simple"},"aioseo_notices":[],"_links":{"self":[{"href":"https:\/\/iselamendez.mx\/farmacia\/wp-json\/wp\/v2\/product\/57200","targetHints":{"allow":["GET"]}}],"collection":[{"href":"https:\/\/iselamendez.mx\/farmacia\/wp-json\/wp\/v2\/product"}],"about":[{"href":"https:\/\/iselamendez.mx\/farmacia\/wp-json\/wp\/v2\/types\/product"}],"replies":[{"embeddable":true,"href":"https:\/\/iselamendez.mx\/farmacia\/wp-json\/wp\/v2\/comments?post=57200"}],"wp:featuredmedia":[{"embeddable":true,"href":"https:\/\/iselamendez.mx\/farmacia\/wp-json\/wp\/v2\/media\/57517"}],"wp:attachment":[{"href":"https:\/\/iselamendez.mx\/farmacia\/wp-json\/wp\/v2\/media?parent=57200"}],"wp:term":[{"taxonomy":"product_brand","embeddable":true,"href":"https:\/\/iselamendez.mx\/farmacia\/wp-json\/wp\/v2\/product_brand?post=57200"},{"taxonomy":"product_cat","embeddable":true,"href":"https:\/\/iselamendez.mx\/farmacia\/wp-json\/wp\/v2\/product_cat?post=57200"},{"taxonomy":"product_tag","embeddable":true,"href":"https:\/\/iselamendez.mx\/farmacia\/wp-json\/wp\/v2\/product_tag?post=57200"}],"curies":[{"name":"wp","href":"https:\/\/api.w.org\/{rel}","templated":true}]}}