{"id":57228,"date":"2025-06-26T11:23:03","date_gmt":"2025-06-26T17:23:03","guid":{"rendered":"https:\/\/iselamendez.mx\/farmacia\/?post_type=product&#038;p=57228"},"modified":"2026-04-15T10:42:47","modified_gmt":"2026-04-15T16:42:47","slug":"medik8-the-night-shift-duo-suavidad-y-firmeza","status":"publish","type":"product","link":"https:\/\/iselamendez.mx\/farmacia\/tienda\/funcion\/tratamiento\/anti-edad\/medik8-the-night-shift-duo-suavidad-y-firmeza\/","title":{"rendered":"Medik8 The Night Shift D\u00fao Suavidad y Firmeza"},"content":{"rendered":"<h2><strong>Medik8 The Night Shift D\u00fao Suavidad y Firmeza<\/strong><\/h2>\n<p><strong>The Night Shift de Medik8<\/strong> es el d\u00fao perfecto para transformar tu rutina nocturna en un verdadero ritual de rejuvenecimiento. Este conjunto est\u00e1 dise\u00f1ado para alisar y reafirmar visiblemente la piel, proporcionando resultados espectaculares al despertar.<\/p>\n<p><strong>Crystal Retinal 6<\/strong>: este suero antiedad avanzado es un potente aliado en la lucha contra el envejecimiento. Con un 0,06% de retinaldeh\u00eddo estabilizado, act\u00faa 11 veces m\u00e1s r\u00e1pido que el retinol tradicional, ofreciendo resultados visibles en solo 4 semanas. Este tratamiento ayuda a reducir las arrugas, mejora la firmeza y unifica el tono de la piel, proporcionando una renovaci\u00f3n profunda y un cutis m\u00e1s joven y radiante. Su f\u00f3rmula innovadora se adapta a las necesidades de la piel, garantizando un efecto rejuvenecedor inmediato.<\/p>\n<p><strong>Advanced Night Restore\u2122<\/strong>: esta crema de noche rica en ceramidas trabaja mientras duermes, proporcionando una nutrici\u00f3n intensa y un confort \u00f3ptimo. En solo 7 d\u00edas, esta potente crema antiarrugas suaviza las l\u00edneas de expresi\u00f3n y arrugas m\u00e1s rebeldes, dejando la piel tersa y suave al tacto. Su capacidad para reponer los l\u00edpidos esenciales perdidos con el tiempo refuerza la barrera natural de la piel, asegurando que despiertes con un cutis visiblemente reafirmado y rejuvenecido.<\/p>\n<p><strong>El Kit The Night Shift<\/strong> no solo ofrece beneficios antiedad, sino que tambi\u00e9n se presenta en una elegante caja de regalo totalmente reciclable, eliminando la necesidad de envoltorios adicionales. Reg\u00e1late a ti misma o sorprende a tus seres queridos con este poderoso d\u00fao que garantiza una piel firme y rejuvenecida de la noche a la ma\u00f1ana.<\/p>\n","protected":false},"excerpt":{"rendered":"<p>Medik8 The Night Shift D\u00fao Suavidad y Firmeza The Night Shift de Medik8 es el d\u00fao perfecto para transformar tu rutina nocturna en un verdadero ritual de rejuvenecimiento. Este conjunto est\u00e1 dise\u00f1ado para alisar y reafirmar visiblemente la piel, proporcionando [&hellip;]<\/p>\n","protected":false},"featured_media":57542,"comment_status":"open","ping_status":"closed","template":"","meta":[],"product_brand":[381],"product_cat":[152,161,519,299,486,200,214,79,69],"product_tag":[],"class_list":{"0":"post-57228","1":"product","2":"type-product","3":"status-publish","4":"has-post-thumbnail","6":"product_brand-medik8","7":"product_cat-anti-edad","8":"product_cat-crema-facial-tipo-de-producto","9":"product_cat-invierno","10":"product_cat-medik8","11":"product_cat-promociones-2026","12":"product_cat-reafirmante","13":"product_cat-retinol","14":"product_cat-rostro","15":"product_cat-suero","17":"first","18":"outofstock","19":"shipping-taxable","20":"purchasable","21":"product-type-simple"},"aioseo_notices":[],"_links":{"self":[{"href":"https:\/\/iselamendez.mx\/farmacia\/wp-json\/wp\/v2\/product\/57228","targetHints":{"allow":["GET"]}}],"collection":[{"href":"https:\/\/iselamendez.mx\/farmacia\/wp-json\/wp\/v2\/product"}],"about":[{"href":"https:\/\/iselamendez.mx\/farmacia\/wp-json\/wp\/v2\/types\/product"}],"replies":[{"embeddable":true,"href":"https:\/\/iselamendez.mx\/farmacia\/wp-json\/wp\/v2\/comments?post=57228"}],"wp:featuredmedia":[{"embeddable":true,"href":"https:\/\/iselamendez.mx\/farmacia\/wp-json\/wp\/v2\/media\/57542"}],"wp:attachment":[{"href":"https:\/\/iselamendez.mx\/farmacia\/wp-json\/wp\/v2\/media?parent=57228"}],"wp:term":[{"taxonomy":"product_brand","embeddable":true,"href":"https:\/\/iselamendez.mx\/farmacia\/wp-json\/wp\/v2\/product_brand?post=57228"},{"taxonomy":"product_cat","embeddable":true,"href":"https:\/\/iselamendez.mx\/farmacia\/wp-json\/wp\/v2\/product_cat?post=57228"},{"taxonomy":"product_tag","embeddable":true,"href":"https:\/\/iselamendez.mx\/farmacia\/wp-json\/wp\/v2\/product_tag?post=57228"}],"curies":[{"name":"wp","href":"https:\/\/api.w.org\/{rel}","templated":true}]}}