{"id":5729,"date":"2020-09-07T19:31:19","date_gmt":"2020-09-08T00:31:19","guid":{"rendered":"https:\/\/iselamendez.mx\/farmacia\/producto\/sin%20categor\u00eda\/micellar-solution-400-ml\/"},"modified":"2026-04-22T15:15:47","modified_gmt":"2026-04-22T21:15:47","slug":"filorga-micellar-solution-400-ml","status":"publish","type":"product","link":"https:\/\/iselamendez.mx\/farmacia\/tienda\/funcion\/limpieza\/agua-micelar\/filorga-micellar-solution-400-ml\/","title":{"rendered":"Filorga Micellar Solution 400 ml"},"content":{"rendered":"<p><a href=\"https:\/\/www.filorga.com\/wo_es\/solution-micellaire\">Filorga Micellar Solution 400 ml <\/a><\/p>\n<h5>Limpia, desmaquilla e hidrata<\/h5>\n<p>Gracias a su \u00e1cido hialur\u00f3nico, esta agua micelar limpia, desmaquilla e hidrata tu piel.<\/p>\n<h5><\/h5>\n<h5>\u00bfC\u00f3mo act\u00faa?<\/h5>\n<p>Esta agua se encuentra enriquecida con activos hidratantes y calmantes para una piel de aspecto m\u00e1s joven. Recomendado para todos los tipos de pieles ya que les limpia perfectamente para recibir tratamientos diarios.<\/p>\n<p>&nbsp;<\/p>\n<h5>Modo de uso:<\/h5>\n<p>Utilizar tu <a href=\"https:\/\/www.filorga.com\/wo_es\/solution-micellaire\">Micellar Solution<\/a> por la ma\u00f1ana y\/o la noche con un disco de algod\u00f3n. Repetir la aplicaci\u00f3n hasta que el algod\u00f3n quede perfectamente limpio.<\/p>\n<p>&nbsp;<\/p>\n<p>Tienda en l\u00ednea <a href=\"https:\/\/iselamendez.mx\/\">Isela M\u00e9ndez<\/a> tenemos los mejores productos <b>FILORGA<\/b>\u00a0consulta algunos de nuestros dermat\u00f3logos para una mejor autoevaluaci\u00f3n.<\/p>\n<p>&nbsp;<\/p>\n","protected":false},"excerpt":{"rendered":"<p>Salud es belleza.<\/p>\n","protected":false},"featured_media":16000,"comment_status":"open","ping_status":"closed","template":"","meta":[],"product_brand":[423],"product_cat":[149,271,49,114,486,79],"product_tag":[346],"class_list":{"0":"post-5729","1":"product","2":"type-product","3":"status-publish","4":"has-post-thumbnail","6":"product_brand-filorga","7":"product_cat-agua-micelar","8":"product_cat-desmaquillante","9":"product_cat-filorga","10":"product_cat-limpieza","11":"product_cat-promociones-2026","12":"product_cat-rostro","13":"product_tag-filorga","15":"first","16":"outofstock","17":"shipping-taxable","18":"purchasable","19":"product-type-simple"},"aioseo_notices":[],"_links":{"self":[{"href":"https:\/\/iselamendez.mx\/farmacia\/wp-json\/wp\/v2\/product\/5729","targetHints":{"allow":["GET"]}}],"collection":[{"href":"https:\/\/iselamendez.mx\/farmacia\/wp-json\/wp\/v2\/product"}],"about":[{"href":"https:\/\/iselamendez.mx\/farmacia\/wp-json\/wp\/v2\/types\/product"}],"replies":[{"embeddable":true,"href":"https:\/\/iselamendez.mx\/farmacia\/wp-json\/wp\/v2\/comments?post=5729"}],"wp:featuredmedia":[{"embeddable":true,"href":"https:\/\/iselamendez.mx\/farmacia\/wp-json\/wp\/v2\/media\/16000"}],"wp:attachment":[{"href":"https:\/\/iselamendez.mx\/farmacia\/wp-json\/wp\/v2\/media?parent=5729"}],"wp:term":[{"taxonomy":"product_brand","embeddable":true,"href":"https:\/\/iselamendez.mx\/farmacia\/wp-json\/wp\/v2\/product_brand?post=5729"},{"taxonomy":"product_cat","embeddable":true,"href":"https:\/\/iselamendez.mx\/farmacia\/wp-json\/wp\/v2\/product_cat?post=5729"},{"taxonomy":"product_tag","embeddable":true,"href":"https:\/\/iselamendez.mx\/farmacia\/wp-json\/wp\/v2\/product_tag?post=5729"}],"curies":[{"name":"wp","href":"https:\/\/api.w.org\/{rel}","templated":true}]}}