{"id":57361,"date":"2025-06-28T13:15:51","date_gmt":"2025-06-28T19:15:51","guid":{"rendered":"https:\/\/iselamendez.mx\/farmacia\/?post_type=product&#038;p=57361"},"modified":"2026-04-21T23:06:12","modified_gmt":"2026-04-22T05:06:12","slug":"skinceuticals-advanced-rgn-6-cream-50ml","status":"publish","type":"product","link":"https:\/\/iselamendez.mx\/farmacia\/tienda\/funcion\/tratamiento\/anti-edad\/skinceuticals-advanced-rgn-6-cream-50ml\/","title":{"rendered":"SkinCeuticals Advanced RGN-6 Cream 50mL"},"content":{"rendered":"<h2><strong>Skinceuticals Advanced RGN-6 Cream 50mL<\/strong><\/h2>\n<p>Es una potente crema regeneradora de la piel, inspirada en la ciencia de la regeneraci\u00f3n l\u00e1ser, dise\u00f1ada para revertir visiblemente 6 signos de envejecimiento y el deterioro del tono de la piel. Esta f\u00f3rmula patentada est\u00e1 potenciada por 6 activos sin\u00e9rgicos que ofrecen 6 dimensiones de rejuvenecimiento y ayuda a abordar los signos clave del envejecimiento: enrojecimiento visible, marcas post-acn\u00e9, manchas oscuras, arrugas, firmeza y suavidad, con resultados visibles desde tan solo una semana.<\/p>\n<p><strong>Advanced RGN-6<\/strong> est\u00e1 desarrollado para usarse tanto como parte de la rutina diaria de cuidado de la piel como junto con procedimientos l\u00e1ser en la consulta. Probado por m\u00e9dicos para complementar los procedimientos l\u00e1ser y obtener resultados antienvejecimiento \u00f3ptimos, <strong>Advanced RGN-6<\/strong> ayuda a reducir el tiempo de recuperaci\u00f3n despu\u00e9s del procedimiento, ayudando a que la piel luzca menos \u00e1spera, m\u00e1s suave y m\u00e1s hidratada. Probado por m\u00e9dicos con l\u00e1ser en todos los tonos de piel.<\/p>\n<ul>\n<li><strong>Desarrollado para uso diario y post-tratamiento.<\/strong><\/li>\n<li><strong>Revierte visiblemente el da\u00f1o causado por el envejecimiento en 1 semana con el uso diario.<\/strong><\/li>\n<li><strong>Reduce visiblemente el enrojecimiento, las marcas post-acn\u00e9, las manchas oscuras y las arrugas con el uso diario.<\/strong><\/li>\n<li><strong>Ayuda a reducir el tiempo de recuperaci\u00f3n post-tratamiento.<\/strong><\/li>\n<li><strong>Sin parabenos, sin fragancia, sin alcohol.<\/strong><\/li>\n<li><strong>Ideal para todo tipo de piel, incluso las m\u00e1s sensibles.<\/strong><\/li>\n<\/ul>\n<p><strong>MODO DE USO<\/strong><\/p>\n<p><strong>1 Preparaci\u00f3n + Dispensaci\u00f3n<\/strong><\/p>\n<p>Una o dos veces al d\u00eda, despu\u00e9s de la limpieza, aplique 1 o 2 dosis de <strong>Advanced RGN-6<\/strong> en la palma de la mano y presione sobre la piel de la frente, las mejillas y la barbilla.<\/p>\n<p><strong>2 Aplicaci\u00f3n + Finalizaci\u00f3n<\/strong><\/p>\n<p>Extienda el producto sobre la piel. Si lo usa por la ma\u00f1ana, apl\u00edquelo despu\u00e9s del s\u00e9rum antioxidante con vitamina C de SkinCeuticals y antes del protector solar de SkinCeuticals.<\/p>\n","protected":false},"excerpt":{"rendered":"<p>Skinceuticals Advanced RGN-6 Cream 50mL Es una potente crema regeneradora de la piel, inspirada en la ciencia de la regeneraci\u00f3n l\u00e1ser, dise\u00f1ada para revertir visiblemente 6 signos de envejecimiento y el deterioro del tono de la piel. Esta f\u00f3rmula patentada [&hellip;]<\/p>\n","protected":false},"featured_media":57538,"comment_status":"open","ping_status":"closed","template":"","meta":[],"product_brand":[379],"product_cat":[152,161,519,486,200,79,54],"product_tag":[],"class_list":{"0":"post-57361","1":"product","2":"type-product","3":"status-publish","4":"has-post-thumbnail","6":"product_brand-skinceuticals","7":"product_cat-anti-edad","8":"product_cat-crema-facial-tipo-de-producto","9":"product_cat-invierno","10":"product_cat-promociones-2026","11":"product_cat-reafirmante","12":"product_cat-rostro","13":"product_cat-skinceuticals","15":"first","16":"instock","17":"shipping-taxable","18":"purchasable","19":"product-type-simple"},"aioseo_notices":[],"_links":{"self":[{"href":"https:\/\/iselamendez.mx\/farmacia\/wp-json\/wp\/v2\/product\/57361","targetHints":{"allow":["GET"]}}],"collection":[{"href":"https:\/\/iselamendez.mx\/farmacia\/wp-json\/wp\/v2\/product"}],"about":[{"href":"https:\/\/iselamendez.mx\/farmacia\/wp-json\/wp\/v2\/types\/product"}],"replies":[{"embeddable":true,"href":"https:\/\/iselamendez.mx\/farmacia\/wp-json\/wp\/v2\/comments?post=57361"}],"wp:featuredmedia":[{"embeddable":true,"href":"https:\/\/iselamendez.mx\/farmacia\/wp-json\/wp\/v2\/media\/57538"}],"wp:attachment":[{"href":"https:\/\/iselamendez.mx\/farmacia\/wp-json\/wp\/v2\/media?parent=57361"}],"wp:term":[{"taxonomy":"product_brand","embeddable":true,"href":"https:\/\/iselamendez.mx\/farmacia\/wp-json\/wp\/v2\/product_brand?post=57361"},{"taxonomy":"product_cat","embeddable":true,"href":"https:\/\/iselamendez.mx\/farmacia\/wp-json\/wp\/v2\/product_cat?post=57361"},{"taxonomy":"product_tag","embeddable":true,"href":"https:\/\/iselamendez.mx\/farmacia\/wp-json\/wp\/v2\/product_tag?post=57361"}],"curies":[{"name":"wp","href":"https:\/\/api.w.org\/{rel}","templated":true}]}}