{"id":57442,"date":"2025-06-30T12:11:14","date_gmt":"2025-06-30T18:11:14","guid":{"rendered":"https:\/\/iselamendez.mx\/farmacia\/?post_type=product&#038;p=57442"},"modified":"2026-04-01T03:23:55","modified_gmt":"2026-04-01T09:23:55","slug":"filorga-optim-eyes-mask-6ml","status":"publish","type":"product","link":"https:\/\/iselamendez.mx\/farmacia\/tienda\/funcion\/tratamiento\/anti-edad\/filorga-optim-eyes-mask-6ml\/","title":{"rendered":"Filorga Optim Eyes Mask 6mL"},"content":{"rendered":"<h2><strong>Filorga Optim-Eyes Mask 6mL<\/strong><\/h2>\n<p>&nbsp;<\/p>\n<p><strong>MASCARILLA CON CREMA INTENSIVA REVITALIZANTE 3 EN 1 PARA EL CONTORNO DE OJOS<\/strong><\/p>\n<p>\u25aa Mascarilla ultra-refrescante tipo segunda piel para un tratamiento intensivo antifatiga del contorno de ojos.<br \/>\n\u25aa Tratamiento antifatiga para los ojos en solo 15 minutos.<br \/>\n\u25aa Triple acci\u00f3n antifatiga: ojeras, bolsas, l\u00edneas de expresi\u00f3n.<br \/>\n\u25aa Eficacia antiedad mejorada.<\/p>\n<p><strong>Para todas las personas que buscan:<\/strong><br \/>\n\u25aa Una acci\u00f3n efectiva contra ojeras, bolsas (hinchaz\u00f3n) y l\u00edneas finas.<br \/>\n\u25aa Un tratamiento intensivo contra los signos de fatiga.<br \/>\n\u25aa Una acci\u00f3n rejuvenecedora, hidratante y alisadora.<\/p>\n<p><strong>F\u00d3RMULA<\/strong><\/p>\n<p>\u00c1cido hialur\u00f3nico de bajo peso molecular para rellenar arrugas.<\/p>\n<p>Extracto de C\u00farcuma para desinflamar, iluminar y alisar.<\/p>\n<p>P\u00e9ptido Marino para mejorar la calidad de la piel, su firmeza y elasticidad.<\/p>\n<p><strong>TEXTURA Y MODO DE USO<\/strong><\/p>\n<p>\u25aa Efecto segunda piel, fibra de eucalipto ultra extensible.<br \/>\n\u25aa Coloca la mascarilla sobre el contorno de ojos limpio, deja actuar durante<br \/>\n\u25aa 15 minutos, retira y masajea el producto restante.<br \/>\n\u25aa No enjuagar.<br \/>\n\u25aa Repite su aplicaci\u00f3n hasta tres veces por semana.<br \/>\n\u25aa Presentaci\u00f3n en sobre monodosis.<\/p>\n<p>&nbsp;<\/p>\n<p><strong>CONSEJOS DE BELLEZA<\/strong><br \/>\n\u25aa Se puede aplicar antes del contorno de ojos habitual.<\/p>\n","protected":false},"excerpt":{"rendered":"<p>Filorga Optim-Eyes Mask 6mL &nbsp; MASCARILLA CON CREMA INTENSIVA REVITALIZANTE 3 EN 1 PARA EL CONTORNO DE OJOS \u25aa Mascarilla ultra-refrescante tipo segunda piel para un tratamiento intensivo antifatiga del contorno de ojos. \u25aa Tratamiento antifatiga para los ojos en [&hellip;]<\/p>\n","protected":false},"featured_media":57516,"comment_status":"open","ping_status":"closed","template":"","meta":[],"product_brand":[423],"product_cat":[152,73,159,49,519,107,486],"product_tag":[],"class_list":{"0":"post-57442","1":"product","2":"type-product","3":"status-publish","4":"has-post-thumbnail","6":"product_brand-filorga","7":"product_cat-anti-edad","8":"product_cat-contorno-de-ojos","9":"product_cat-ojeras","10":"product_cat-filorga","11":"product_cat-invierno","12":"product_cat-mascarilla","13":"product_cat-promociones-2026","15":"first","16":"instock","17":"shipping-taxable","18":"purchasable","19":"product-type-simple"},"aioseo_notices":[],"_links":{"self":[{"href":"https:\/\/iselamendez.mx\/farmacia\/wp-json\/wp\/v2\/product\/57442","targetHints":{"allow":["GET"]}}],"collection":[{"href":"https:\/\/iselamendez.mx\/farmacia\/wp-json\/wp\/v2\/product"}],"about":[{"href":"https:\/\/iselamendez.mx\/farmacia\/wp-json\/wp\/v2\/types\/product"}],"replies":[{"embeddable":true,"href":"https:\/\/iselamendez.mx\/farmacia\/wp-json\/wp\/v2\/comments?post=57442"}],"wp:featuredmedia":[{"embeddable":true,"href":"https:\/\/iselamendez.mx\/farmacia\/wp-json\/wp\/v2\/media\/57516"}],"wp:attachment":[{"href":"https:\/\/iselamendez.mx\/farmacia\/wp-json\/wp\/v2\/media?parent=57442"}],"wp:term":[{"taxonomy":"product_brand","embeddable":true,"href":"https:\/\/iselamendez.mx\/farmacia\/wp-json\/wp\/v2\/product_brand?post=57442"},{"taxonomy":"product_cat","embeddable":true,"href":"https:\/\/iselamendez.mx\/farmacia\/wp-json\/wp\/v2\/product_cat?post=57442"},{"taxonomy":"product_tag","embeddable":true,"href":"https:\/\/iselamendez.mx\/farmacia\/wp-json\/wp\/v2\/product_tag?post=57442"}],"curies":[{"name":"wp","href":"https:\/\/api.w.org\/{rel}","templated":true}]}}