{"id":5756,"date":"2020-09-07T19:31:24","date_gmt":"2020-09-08T00:31:24","guid":{"rendered":"https:\/\/iselamendez.mx\/farmacia\/producto\/sin%20categor\u00eda\/nctf-essence-150-ml\/"},"modified":"2026-04-22T23:58:57","modified_gmt":"2026-04-23T05:58:57","slug":"filorga-nctf-essence-locion","status":"publish","type":"product","link":"https:\/\/iselamendez.mx\/farmacia\/tienda\/marcas\/filorga\/filorga-nctf-essence-locion\/","title":{"rendered":"Filorga NCEF Essence Locion 150ml"},"content":{"rendered":"<p><a href=\"https:\/\/es.filorga.com\/product\/ncef-essence\/\">Filorga NCTF Essence Loci\u00f3n 150ml<\/a><\/p>\n<p>T\u00f3nico que protege e hidrata tu piel gracias a su f\u00f3rmula doble efecto de Hidrataci\u00f3n y Luminosidad<\/p>\n<h5 style=\"text-align: center\">Hidrataci\u00f3n \u2013 Luminosidad<\/h5>\n<p>&nbsp;<\/p>\n<h5>\u00bfC\u00f3mo act\u00faa?<\/h5>\n<div class=\"more\">\n<div class=\"\">\n<p>Concentrado hidratante:<\/p>\n<p>Mediante captores de agua, la tecnolog\u00eda AQUA-MX garantiza una hidrataci\u00f3n r\u00e1pida y duradera en solo 30 minutos.<\/p>\n<p>&nbsp;<\/p>\n<p>Efecto potenciador cut\u00e1neo:<\/p>\n<p>El NCEF, combinado con un polisac\u00e1rido anticontaminaci\u00f3n, regenera y revela la luminosidad de las pieles apagadas y prepara la tez para los tratamientos que se apliquen a continuaci\u00f3n.<\/p>\n<\/div>\n<\/div>\n<h5><\/h5>\n<h5>Modo de Uso:<\/h5>\n<p>Utiliza t\u00fa\u00a0 <a href=\"https:\/\/es.filorga.com\/product\/ncef-essence\/\">Essence Loci\u00f3n<\/a>\u00a0en la ma\u00f1ana y\/o de noche sobre la piel limpia, como paso previo al s\u00e9rum o al tratamiento. Aplicar en la palma de la mano o con un algod\u00f3n, sobre todo el rostro, hasta lograr una absorci\u00f3n completa del producto. No es necesario enjuagar. Agitar antes de usar.<\/p>\n<p>&nbsp;<\/p>\n<p><strong>Truco:<\/strong> optimizar su eficacia conservando el producto en el refrigerador.<\/p>\n<p>Echa un vistazo a la l\u00ednea\u00a0<a href=\"https:\/\/iselamendez.mx\/farmacia\/?s=Filorga+NCEF+\"> NCEF De Filorga<\/a> para una rutina completa.<\/p>\n<p>&nbsp;<\/p>\n","protected":false},"excerpt":{"rendered":"<p>Salud es belleza<\/p>\n","protected":false},"featured_media":7817,"comment_status":"open","ping_status":"closed","template":"","meta":[],"product_brand":[423],"product_cat":[49,210,486,79,590,85],"product_tag":[346],"class_list":{"0":"post-5756","1":"product","2":"type-product","3":"status-publish","4":"has-post-thumbnail","6":"product_brand-filorga","7":"product_cat-filorga","8":"product_cat-hidratante","9":"product_cat-promociones-2026","10":"product_cat-rostro","11":"product_cat-semana-santa","12":"product_cat-tonico","13":"product_tag-filorga","15":"first","16":"instock","17":"shipping-taxable","18":"purchasable","19":"product-type-simple"},"aioseo_notices":[],"_links":{"self":[{"href":"https:\/\/iselamendez.mx\/farmacia\/wp-json\/wp\/v2\/product\/5756","targetHints":{"allow":["GET"]}}],"collection":[{"href":"https:\/\/iselamendez.mx\/farmacia\/wp-json\/wp\/v2\/product"}],"about":[{"href":"https:\/\/iselamendez.mx\/farmacia\/wp-json\/wp\/v2\/types\/product"}],"replies":[{"embeddable":true,"href":"https:\/\/iselamendez.mx\/farmacia\/wp-json\/wp\/v2\/comments?post=5756"}],"wp:featuredmedia":[{"embeddable":true,"href":"https:\/\/iselamendez.mx\/farmacia\/wp-json\/wp\/v2\/media\/7817"}],"wp:attachment":[{"href":"https:\/\/iselamendez.mx\/farmacia\/wp-json\/wp\/v2\/media?parent=5756"}],"wp:term":[{"taxonomy":"product_brand","embeddable":true,"href":"https:\/\/iselamendez.mx\/farmacia\/wp-json\/wp\/v2\/product_brand?post=5756"},{"taxonomy":"product_cat","embeddable":true,"href":"https:\/\/iselamendez.mx\/farmacia\/wp-json\/wp\/v2\/product_cat?post=5756"},{"taxonomy":"product_tag","embeddable":true,"href":"https:\/\/iselamendez.mx\/farmacia\/wp-json\/wp\/v2\/product_tag?post=5756"}],"curies":[{"name":"wp","href":"https:\/\/api.w.org\/{rel}","templated":true}]}}