{"id":57665,"date":"2025-07-03T11:31:23","date_gmt":"2025-07-03T17:31:23","guid":{"rendered":"https:\/\/iselamendez.mx\/farmacia\/?post_type=product&#038;p=57665"},"modified":"2026-04-01T03:23:55","modified_gmt":"2026-04-01T09:23:55","slug":"la-roche-posay-hyalu-b5-serum-50ml","status":"publish","type":"product","link":"https:\/\/iselamendez.mx\/farmacia\/tienda\/funcion\/tratamiento\/anti-edad\/la-roche-posay-hyalu-b5-serum-50ml\/","title":{"rendered":"La Roche-Posay Hyalu B5 Serum 50ml"},"content":{"rendered":"<h1 class=\"pfd__title heading--style\"><strong>HYALU B5<\/strong><br \/>\nSERUM<\/h1>\n<div class=\"pfd__desc rich-text\">\n<p>Serum concentrado anti-arrugas reparador y rellenador con \u00c1cido Hialur\u00f3nico.<\/p>\n<ul class=\"pdf__recommenations--content_list\">\n<li class=\"recommenations-list__item\">\n<div>Para arrugas, p\u00e9rdida de volumen y elasticidad para piel sensible.<\/div>\n<\/li>\n<li class=\"recommenations-list__item\">\n<div>Mejora el proceso de reparaci\u00f3n de la piel.<\/div>\n<\/li>\n<li class=\"recommenations-list__item\">\n<div>La mayor eficacia hasta para las pieles m\u00e1s sensibles.<\/div>\n<\/li>\n<\/ul>\n<div class=\"proven-wrapper\">\n<div class=\"grid-container\">\n<div class=\"grid-col\">\n<p><span class=\"proven-head\">REPARA<\/span><\/p>\n<p class=\"proven-desc\">Serum reparador con resultados en 1hr.<\/p>\n<\/div>\n<div class=\"grid-col\">\n<hr class=\"horizontal-line\" \/>\n<p><span class=\"proven-head\">RELLENA<\/span><\/p>\n<p class=\"proven-desc\">Rellena y mejora el volumen y elasticiad de la piel.<\/p>\n<\/div>\n<div class=\"grid-col\">\n<hr class=\"horizontal-line\" \/>\n<p><span class=\"proven-head\">REDUCE<\/span><\/p>\n<p class=\"proven-desc\">Reduce las arrugas y l\u00edneas de expresi\u00f3n.<\/p>\n<\/div>\n<\/div>\n<\/div>\n<div class=\"how-to-apply\">\n<h2 id=\"cmo-aplicarlo\" class=\"how-to-apply-title heading--anchor\" tabindex=\"-1\"><strong>C\u00d3MO APLICARLO<\/strong><\/h2>\n<div class=\"how-to-apply-container\">\n<div class=\"how-to-apply-container-visual\">\n<div class=\"visual-wrapper\"><\/div>\n<\/div>\n<div class=\"how-to-apply-container-label\">\n<ul>\n<li><img decoding=\"async\" src=\"https:\/\/www.laroche-posay.com.mx\/-\/media\/project\/loreal\/brand-sites\/lrp\/shared\/baseline\/products\/hta_quantity_icon.svg\" alt=\"\" \/>\n<div class=\"label-wrapper\">\n<div class=\"label-wrapper-name\">CANTIDAD<\/div>\n<div class=\"label-wrapper-description\">De 3 a 4 gotas<\/div>\n<\/div>\n<\/li>\n<li><img decoding=\"async\" src=\"https:\/\/www.laroche-posay.com.mx\/-\/media\/project\/loreal\/brand-sites\/lrp\/shared\/baseline\/products\/hta_time_icon.svg\" alt=\"\" \/>\n<div class=\"label-wrapper\">\n<div class=\"label-wrapper-name\">CU\u00c1NDO<\/div>\n<div class=\"label-wrapper-description\">Ma\u00f1ana y noche<\/div>\n<\/div>\n<\/li>\n<li><img decoding=\"async\" src=\"https:\/\/www.laroche-posay.com.mx\/-\/media\/project\/loreal\/brand-sites\/lrp\/shared\/baseline\/products\/hta_area_icon.svg\" alt=\"\" \/>\n<div class=\"label-wrapper\">\n<div class=\"label-wrapper-name\">D\u00d3NDE<\/div>\n<div class=\"label-wrapper-description\">Rostro, cuello y escote<\/div>\n<\/div>\n<\/li>\n<li><img decoding=\"async\" src=\"https:\/\/www.laroche-posay.com.mx\/-\/media\/project\/loreal\/brand-sites\/lrp\/shared\/baseline\/products\/hta_tips_icon.svg\" alt=\"\" \/>\n<div class=\"label-wrapper\">\n<div class=\"label-wrapper-name\">CONSEJO DE APLICACI\u00d3N<\/div>\n<div class=\"label-wrapper-description\">Aplica sobre el rostro limpio antes de la crema hidratante<\/div>\n<\/div>\n<\/li>\n<\/ul>\n<\/div>\n<\/div>\n<\/div>\n<\/div>\n","protected":false},"excerpt":{"rendered":"<p>HYALU B5 SERUM Serum concentrado anti-arrugas reparador y rellenador con \u00c1cido Hialur\u00f3nico. Para arrugas, p\u00e9rdida de volumen y elasticidad para piel sensible. Mejora el proceso de reparaci\u00f3n de la piel. La mayor eficacia hasta para las pieles m\u00e1s sensibles. REPARA [&hellip;]<\/p>\n","protected":false},"featured_media":57885,"comment_status":"open","ping_status":"closed","template":"","meta":[],"product_brand":[440],"product_cat":[152,519,181,113,79,69],"product_tag":[],"class_list":{"0":"post-57665","1":"product","2":"type-product","3":"status-publish","4":"has-post-thumbnail","6":"product_brand-la-roche-posay","7":"product_cat-anti-edad","8":"product_cat-invierno","9":"product_cat-la-roche-posay","10":"product_cat-piel-sensible","11":"product_cat-rostro","12":"product_cat-suero","14":"first","15":"outofstock","16":"shipping-taxable","17":"purchasable","18":"product-type-simple"},"aioseo_notices":[],"_links":{"self":[{"href":"https:\/\/iselamendez.mx\/farmacia\/wp-json\/wp\/v2\/product\/57665","targetHints":{"allow":["GET"]}}],"collection":[{"href":"https:\/\/iselamendez.mx\/farmacia\/wp-json\/wp\/v2\/product"}],"about":[{"href":"https:\/\/iselamendez.mx\/farmacia\/wp-json\/wp\/v2\/types\/product"}],"replies":[{"embeddable":true,"href":"https:\/\/iselamendez.mx\/farmacia\/wp-json\/wp\/v2\/comments?post=57665"}],"wp:featuredmedia":[{"embeddable":true,"href":"https:\/\/iselamendez.mx\/farmacia\/wp-json\/wp\/v2\/media\/57885"}],"wp:attachment":[{"href":"https:\/\/iselamendez.mx\/farmacia\/wp-json\/wp\/v2\/media?parent=57665"}],"wp:term":[{"taxonomy":"product_brand","embeddable":true,"href":"https:\/\/iselamendez.mx\/farmacia\/wp-json\/wp\/v2\/product_brand?post=57665"},{"taxonomy":"product_cat","embeddable":true,"href":"https:\/\/iselamendez.mx\/farmacia\/wp-json\/wp\/v2\/product_cat?post=57665"},{"taxonomy":"product_tag","embeddable":true,"href":"https:\/\/iselamendez.mx\/farmacia\/wp-json\/wp\/v2\/product_tag?post=57665"}],"curies":[{"name":"wp","href":"https:\/\/api.w.org\/{rel}","templated":true}]}}