{"id":57775,"date":"2025-07-05T13:01:42","date_gmt":"2025-07-05T19:01:42","guid":{"rendered":"https:\/\/iselamendez.mx\/farmacia\/?post_type=product&#038;p=57775"},"modified":"2026-04-17T18:16:27","modified_gmt":"2026-04-18T00:16:27","slug":"medik8-c-tetra-advanced-gel-serum-30ml","status":"publish","type":"product","link":"https:\/\/iselamendez.mx\/farmacia\/tienda\/funcion\/tratamiento\/anti-edad\/medik8-c-tetra-advanced-gel-serum-30ml\/","title":{"rendered":"Medik8 C-Tetra Advanced Gel-Serum 30mL"},"content":{"rendered":"<h2><strong>Medik8 C-Tetra Advanced Serum 30mL<\/strong><\/h2>\n<h4 class=\"f-product__subheading lh-r f-w400\">Gel S\u00e9rum con 20% de Vitamina C y Fitoexosomas<\/h4>\n<p>Defiende tu piel del envejecimiento prematuro y acelera su luminosidad con una combinaci\u00f3n de \u00faltima generaci\u00f3n de un 20% de vitamina C y la ciencia de la barrera cut\u00e1nea.<\/p>\n<p>Cl\u00ednicamente probado para iluminar la piel y mejorar visiblemente las arrugas en 7 d\u00edas y 100% respectuoso con la barrera cut\u00e1nea, <strong>C-Tetra Advanced<\/strong> est\u00e1 dise\u00f1ado para proporcionar una luminosidad visible de alto impacto, suavizar la piel y protegerla diariamente con antioxidantes.<\/p>\n<p>Este complejo inteligente de ingredientes combina un potente 20% de vitamina C estabilizada con fitoexosomas reparadores para una liberaci\u00f3n profunda y controlada, y acetilzingerona, un omniantioxidante, para neutralizar los efectos envejecedores de los radicales libres.<\/p>\n<p>\u00bfEl resultado? Un s\u00e9rum de vitamina C antienvejecimiento de alto rendimiento que act\u00faa de forma m\u00e1s inteligente, no m\u00e1s agresiva.<\/p>\n<p><strong>BENEFICIOS CLAVE<\/strong><\/p>\n<ul>\n<li>Iluminaci\u00f3n espectacular de la piel<\/li>\n<li>Mejora la funci\u00f3n de la barrera cut\u00e1nea<\/li>\n<li>Defiende contra el envejecimiento prematuro de la piel<\/li>\n<li>Suavidad y uniformidad de la tez<\/li>\n<li>Textura ligera<\/li>\n<\/ul>\n","protected":false},"excerpt":{"rendered":"<p>Medik8 C-Tetra Advanced Serum 30mL Gel S\u00e9rum con 20% de Vitamina C y Fitoexosomas Defiende tu piel del envejecimiento prematuro y acelera su luminosidad con una combinaci\u00f3n de \u00faltima generaci\u00f3n de un 20% de vitamina C y la ciencia de [&hellip;]<\/p>\n","protected":false},"featured_media":57977,"comment_status":"open","ping_status":"closed","template":"","meta":[],"product_brand":[381],"product_cat":[152,203,87,519,299,486,79,69],"product_tag":[],"class_list":{"0":"post-57775","1":"product","2":"type-product","3":"status-publish","4":"has-post-thumbnail","6":"product_brand-medik8","7":"product_cat-anti-edad","8":"product_cat-antioxidante","9":"product_cat-gel","10":"product_cat-invierno","11":"product_cat-medik8","12":"product_cat-promociones-2026","13":"product_cat-rostro","14":"product_cat-suero","16":"first","17":"instock","18":"shipping-taxable","19":"purchasable","20":"product-type-simple"},"aioseo_notices":[],"_links":{"self":[{"href":"https:\/\/iselamendez.mx\/farmacia\/wp-json\/wp\/v2\/product\/57775","targetHints":{"allow":["GET"]}}],"collection":[{"href":"https:\/\/iselamendez.mx\/farmacia\/wp-json\/wp\/v2\/product"}],"about":[{"href":"https:\/\/iselamendez.mx\/farmacia\/wp-json\/wp\/v2\/types\/product"}],"replies":[{"embeddable":true,"href":"https:\/\/iselamendez.mx\/farmacia\/wp-json\/wp\/v2\/comments?post=57775"}],"wp:featuredmedia":[{"embeddable":true,"href":"https:\/\/iselamendez.mx\/farmacia\/wp-json\/wp\/v2\/media\/57977"}],"wp:attachment":[{"href":"https:\/\/iselamendez.mx\/farmacia\/wp-json\/wp\/v2\/media?parent=57775"}],"wp:term":[{"taxonomy":"product_brand","embeddable":true,"href":"https:\/\/iselamendez.mx\/farmacia\/wp-json\/wp\/v2\/product_brand?post=57775"},{"taxonomy":"product_cat","embeddable":true,"href":"https:\/\/iselamendez.mx\/farmacia\/wp-json\/wp\/v2\/product_cat?post=57775"},{"taxonomy":"product_tag","embeddable":true,"href":"https:\/\/iselamendez.mx\/farmacia\/wp-json\/wp\/v2\/product_tag?post=57775"}],"curies":[{"name":"wp","href":"https:\/\/api.w.org\/{rel}","templated":true}]}}