{"id":58035,"date":"2025-07-10T17:11:38","date_gmt":"2025-07-10T23:11:38","guid":{"rendered":"https:\/\/iselamendez.mx\/farmacia\/?post_type=product&#038;p=58035"},"modified":"2026-04-23T00:00:49","modified_gmt":"2026-04-23T06:00:49","slug":"svr-topialyse-gel-lavant-400ml","status":"publish","type":"product","link":"https:\/\/iselamendez.mx\/farmacia\/tienda\/funcion\/tratamiento\/seboreguladores\/gel-de-ducha\/svr-topialyse-gel-lavant-400ml\/","title":{"rendered":"SVR Topialyse Gel Lavant 400ml"},"content":{"rendered":"<h2><strong>SVR Topialyse Gel Lavant 400ml<\/strong><\/h2>\n<p>&nbsp;<\/p>\n<div class=\"block\">\n<div class=\"mt-3\">\n<div class=\"hidden lg:block\">\n<div class=\"prose-responsive prose-prevent-my text-big text-alternative-base lg:text-[18px]\">Topialyse Gel Lavant limpia suavemente y protege la piel de los factores desecantes. Su f\u00f3rmula hidrata durante 24 horas\u00a0<sup>1<\/sup>\u00a0reduce la sensaci\u00f3n de picor y suaviza la piel para un alivio inmediato y duradero. S\u00f3lo queda dejarse envolver por su cremosa espuma y su delicada fragancia para una piel limpia y protegida d\u00eda tras d\u00eda.<\/div>\n<\/div>\n<\/div>\n<\/div>\n<div class=\"block\"><\/div>\n<div><b><span style=\"color: #000000;\">FORMULADO PARA<\/span><\/b><br \/>\nTodas las pieles secas y sensibles. Cuerpo, cara, higiene \u00edntima, adecuado para el cuero cabelludo.<b><span style=\"color: #000000;\">PARA TODA LA FAMILIA<\/span><\/b>.<br \/>\nDesde reci\u00e9n nacidos, ni\u00f1os, adultos. Adecuado para mujeres embarazadas y en periodo de lactancia.<b><span style=\"color: #000000;\">SIN JAB\u00d3N<\/span><\/b><br \/>\nRestaura y protege gracias a su complejo de tensoactivos limpiadores ultrasuaves.\ud83d\udc9a<b><span style=\"color: #000000;\">UNA F\u00d3RMULA DE ORIGEN NATURAL<\/span><\/b>.<br \/>\n89% de ingredientes de origen natural<\/p>\n<p><b><span style=\"color: #000000;\">F\u00d3RMULA BIODEGRADABLE<sup>2<\/sup><\/span><\/b><\/p>\n<p><b><span style=\"color: #000000;\">PROBADO BAJO CONTROL DERMATOL\u00d3GICO, PEDI\u00c1TRICO Y GINECOL\u00d3GICO<\/span><\/b>.<br \/>\nPara pieles sensibles.<\/p>\n<p><b><span style=\"color: #000000;\">DISRUPTORES ENDOCRINOS PROBADOS<\/span><\/b><br \/>\nProbado en mecanismos endocrinos estrog\u00e9nicos, androg\u00e9nicos y tiroideos. Pruebas realizadas por un laboratorio independiente con experiencia en trastornos endocrinos.<\/p>\n<\/div>\n<div><\/div>\n<h3><b><span style=\"color: #000000;\">USO DIARIO<\/span><\/b><\/h3>\n<div>\ud83d\udebfPara la ducha\/ba\u00f1o: Aplique sobre la piel h\u00fameda, haga espuma, enjuague y seque suavemente sin frotar.<br \/>\nPara la higiene facial, corporal, capilar e \u00edntima, adecuado para el cuero cabelludo, no irrita los ojos.<\/div>\n<div><\/div>\n<div>\n<h4 class=\"text-h5 mb-2\">HIDRATADO DESDE EL PRIMER USO<\/h4>\n<p class=\"text-alternative-base lg:text-[18px] text-big\">.<\/p>\n<p class=\"text-alternative-base lg:text-[18px] text-big\">\u2022 35% de m\u00e1s hidrataci\u00f3n 3h despu\u00e9s de<sup>1<\/sup>.<\/p>\n<div class=\"divider before:h-[1px] after:h-[1px] my-[8px]\"><\/div>\n<h4 class=\"text-h5 mb-2\">USUARIOS CONVENCIDOS<\/h4>\n<p class=\"text-alternative-base lg:text-[18px] text-big\">.<\/p>\n<p class=\"text-alternative-base lg:text-[18px] text-big\">\u2022 100% de textura agradable, f\u00e1cil de enjuagar, lavado suave<sup>3<\/sup>.<\/p>\n<p class=\"text-alternative-base lg:text-[18px] text-big\">\u2022 Se respeta al 100% el equilibrio de la piel<sup>3<\/sup>.<\/p>\n<p class=\"text-alternative-base lg:text-[18px] text-big\">\u2022 95% de la piel est\u00e1 inmediatamente confortable y calmada<sup>3<\/sup>.<\/p>\n<p class=\"text-alternative-base lg:text-[18px] text-big\">\u2022 95% de las sensaciones de picor han disminuido<sup>3<\/sup>.<\/p>\n<p class=\"text-alternative-base lg:text-[18px] text-big\">\u2022 91% de piel hidratada y reducci\u00f3n de la sensaci\u00f3n de tensi\u00f3n en la piel e irritaci\u00f3n<sup>3<\/sup>.<\/p>\n<div class=\"divider before:h-[1px] after:h-[1px] my-[8px]\"><\/div>\n<p class=\"text-alternative-base lg:text-[18px] text-big\">1- Mediciones corneom\u00e9tricas, 21 voluntarios.<\/p>\n<p class=\"text-alternative-base lg:text-[18px] text-big\">2- Probado seg\u00fan la norma OCDE 301F Biodegradaci\u00f3n del 65% en 28 d\u00edas.<\/p>\n<p class=\"text-alternative-base lg:text-[18px] text-big\">3- Autoevaluaci\u00f3n &#8211; 23 sujetos con piel sensible &#8211; 21 d\u00edas &#8211; 1 aplicaci\u00f3n al d\u00eda, % de satisfacci\u00f3n.<\/p>\n<\/div>\n","protected":false},"excerpt":{"rendered":"<p>SVR Topialyse Gel Lavant 400ml &nbsp; Topialyse Gel Lavant limpia suavemente y protege la piel de los factores desecantes. Su f\u00f3rmula hidrata durante 24 horas\u00a01\u00a0reduce la sensaci\u00f3n de picor y suaviza la piel para un alivio inmediato y duradero. S\u00f3lo [&hellip;]<\/p>\n","protected":false},"featured_media":58115,"comment_status":"open","ping_status":"closed","template":"","meta":[],"product_brand":[474],"product_cat":[112,80,156,165,192,205,77,340,213,272,113,486,79,32],"product_tag":[],"class_list":{"0":"post-58035","1":"product","2":"type-product","3":"status-publish","4":"has-post-thumbnail","6":"product_brand-svr","7":"product_cat-cabeza","8":"product_cat-cuerpo","9":"product_cat-gel-de-ducha","10":"product_cat-gel-de-ducha-tipo-de-producto","11":"product_cat-genitales","12":"product_cat-jabon-espumoso","13":"product_cat-limpieza-y-mas","14":"product_cat-piel-alergica","15":"product_cat-piel-rojeces","16":"product_cat-piel-seca","17":"product_cat-piel-sensible","18":"product_cat-promociones-2026","19":"product_cat-rostro","20":"product_cat-svr","22":"first","23":"instock","24":"shipping-taxable","25":"purchasable","26":"product-type-simple"},"aioseo_notices":[],"_links":{"self":[{"href":"https:\/\/iselamendez.mx\/farmacia\/wp-json\/wp\/v2\/product\/58035","targetHints":{"allow":["GET"]}}],"collection":[{"href":"https:\/\/iselamendez.mx\/farmacia\/wp-json\/wp\/v2\/product"}],"about":[{"href":"https:\/\/iselamendez.mx\/farmacia\/wp-json\/wp\/v2\/types\/product"}],"replies":[{"embeddable":true,"href":"https:\/\/iselamendez.mx\/farmacia\/wp-json\/wp\/v2\/comments?post=58035"}],"wp:featuredmedia":[{"embeddable":true,"href":"https:\/\/iselamendez.mx\/farmacia\/wp-json\/wp\/v2\/media\/58115"}],"wp:attachment":[{"href":"https:\/\/iselamendez.mx\/farmacia\/wp-json\/wp\/v2\/media?parent=58035"}],"wp:term":[{"taxonomy":"product_brand","embeddable":true,"href":"https:\/\/iselamendez.mx\/farmacia\/wp-json\/wp\/v2\/product_brand?post=58035"},{"taxonomy":"product_cat","embeddable":true,"href":"https:\/\/iselamendez.mx\/farmacia\/wp-json\/wp\/v2\/product_cat?post=58035"},{"taxonomy":"product_tag","embeddable":true,"href":"https:\/\/iselamendez.mx\/farmacia\/wp-json\/wp\/v2\/product_tag?post=58035"}],"curies":[{"name":"wp","href":"https:\/\/api.w.org\/{rel}","templated":true}]}}