{"id":58582,"date":"2025-07-22T17:45:12","date_gmt":"2025-07-22T23:45:12","guid":{"rendered":"https:\/\/iselamendez.mx\/farmacia\/?post_type=product&#038;p=58582"},"modified":"2026-04-11T16:22:16","modified_gmt":"2026-04-11T22:22:16","slug":"glutanex-glow-therapy-pore-pad-60-pads-160ml","status":"publish","type":"product","link":"https:\/\/iselamendez.mx\/farmacia\/tienda\/funcion\/limpieza\/exfoliacion\/glutanex-glow-therapy-pore-pad-60-pads-160ml\/","title":{"rendered":"Glutanex Glow Therapy Pore Pad 60 pads 160ml"},"content":{"rendered":"<h2><strong>Glutanex Glow Therapy Pore Pad 60 pads 160ml<\/strong><\/h2>\n<p>Contiene glutati\u00f3n y \u00e1cido hialur\u00f3nico triple para iluminar e hidratar la piel, y AHA-BHA-LHA para eliminar suavemente la piel muerta y las impurezas de los poros sin irritar, ayudando a mejorar la textura de la piel.<\/p>\n<p>&nbsp;<\/p>\n<p><strong>Modo de empleo<\/strong><\/p>\n<p>&nbsp;<\/p>\n<p>Despu\u00e9s de la limpieza, pase suavemente el lado en relieve por el rostro.<\/p>\n<p>Gire la almohadilla hacia el lado suave y vuelva a pasar el producto por el rostro para terminar.<\/p>\n<p>D\u00e9 golpecitos suaves para que el t\u00f3nico restante se absorba.<\/p>\n<p>Utilice las pinzas incluidas para un uso higi\u00e9nico del producto.<\/p>\n<p>M\u00e9todo de almacenamiento: Conservar alejado de la luz solar directa y a temperatura ambiente. Mantener refrigerado para obtener los mejores resultados.<\/p>\n<p>&nbsp;<\/p>\n<p><strong>Precauciones<\/strong><\/p>\n<p>Si se presentan s\u00edntomas adversos como sarpullido, hinchaz\u00f3n o picaz\u00f3n, suspenda su uso inmediatamente y consulte a su dermat\u00f3logo.<\/p>\n<p>Evite usar sobre heridas.<\/p>\n<p>Mantener fuera del alcance de los ni\u00f1os y alejado de la luz solar directa.<\/p>\n<p>Evite usar alrededor de los ojos.<\/p>\n<p>&nbsp;<\/p>\n<p><strong>Beneficios<\/strong><\/p>\n<ul>\n<li>Exfoliaci\u00f3n suave<\/li>\n<li>Cuidado calmante<\/li>\n<li>Aclaramiento de la piel<\/li>\n<li>Refinamiento de la textura<\/li>\n<li>Reducci\u00f3n de poros<\/li>\n<\/ul>\n","protected":false},"excerpt":{"rendered":"<p>Glutanex Glow Therapy Pore Pad 60 pads 160ml Contiene glutati\u00f3n y \u00e1cido hialur\u00f3nico triple para iluminar e hidratar la piel, y AHA-BHA-LHA para eliminar suavemente la piel muerta y las impurezas de los poros sin irritar, ayudando a mejorar la [&hellip;]<\/p>\n","protected":false},"featured_media":58874,"comment_status":"open","ping_status":"closed","template":"","meta":[],"product_brand":[430],"product_cat":[203,109,334,210,157,519,114,291,307,171,79,155,590],"product_tag":[363],"class_list":{"0":"post-58582","1":"product","2":"type-product","3":"status-publish","4":"has-post-thumbnail","6":"product_brand-glutanex","7":"product_cat-antioxidante","8":"product_cat-exfoliacion","9":"product_cat-glutanex","10":"product_cat-hidratante","11":"product_cat-hidratacion","12":"product_cat-invierno","13":"product_cat-limpieza","14":"product_cat-limpieza-facial","15":"product_cat-nexus-pharma","16":"product_cat-pads","17":"product_cat-rostro","18":"product_cat-seboreguladores","19":"product_cat-semana-santa","20":"product_tag-nexus-pharma","22":"first","23":"instock","24":"shipping-taxable","25":"purchasable","26":"product-type-simple"},"aioseo_notices":[],"_links":{"self":[{"href":"https:\/\/iselamendez.mx\/farmacia\/wp-json\/wp\/v2\/product\/58582","targetHints":{"allow":["GET"]}}],"collection":[{"href":"https:\/\/iselamendez.mx\/farmacia\/wp-json\/wp\/v2\/product"}],"about":[{"href":"https:\/\/iselamendez.mx\/farmacia\/wp-json\/wp\/v2\/types\/product"}],"replies":[{"embeddable":true,"href":"https:\/\/iselamendez.mx\/farmacia\/wp-json\/wp\/v2\/comments?post=58582"}],"wp:featuredmedia":[{"embeddable":true,"href":"https:\/\/iselamendez.mx\/farmacia\/wp-json\/wp\/v2\/media\/58874"}],"wp:attachment":[{"href":"https:\/\/iselamendez.mx\/farmacia\/wp-json\/wp\/v2\/media?parent=58582"}],"wp:term":[{"taxonomy":"product_brand","embeddable":true,"href":"https:\/\/iselamendez.mx\/farmacia\/wp-json\/wp\/v2\/product_brand?post=58582"},{"taxonomy":"product_cat","embeddable":true,"href":"https:\/\/iselamendez.mx\/farmacia\/wp-json\/wp\/v2\/product_cat?post=58582"},{"taxonomy":"product_tag","embeddable":true,"href":"https:\/\/iselamendez.mx\/farmacia\/wp-json\/wp\/v2\/product_tag?post=58582"}],"curies":[{"name":"wp","href":"https:\/\/api.w.org\/{rel}","templated":true}]}}