{"id":5887,"date":"2020-09-07T19:31:39","date_gmt":"2020-09-08T00:31:39","guid":{"rendered":"https:\/\/iselamendez.mx\/farmacia\/producto\/sin%20categor\u00eda\/skc-phloretin-cf-gel-30ml\/"},"modified":"2026-04-01T03:19:19","modified_gmt":"2026-04-01T09:19:19","slug":"skc-phlorentin-cf-30ml","status":"publish","type":"product","link":"https:\/\/iselamendez.mx\/farmacia\/tienda\/funcion\/tratamiento\/anti-edad\/skc-phlorentin-cf-30ml\/","title":{"rendered":"SkinCeuticals Phloretin CF 30mL"},"content":{"rendered":"<p><a href=\"https:\/\/www.skinceuticals.com.mx\/SKC-LATAM635494328202.html\">SkinCeuticals Phloretin CF 30ml<\/a><\/p>\n<h5>Suero antioxidante con vitamina C, \u00e1cido fer\u00falico y la florentina, que proporciona protecci\u00f3n contra los rayos UV y la contaminaci\u00f3n<\/h5>\n<p>Reduce la apariencia de las l\u00edneas finas de expresi\u00f3n, protege tu piel de los rayos UVA\/UVB y regula su tonalidad con el<\/p>\n<p>&nbsp;<\/p>\n<h5>\u00bfC\u00f3mo act\u00faa?<\/h5>\n<p>Presenta una combinaci\u00f3n de 2% Floretina, 10% Vitamina C pura (\u00e1cido L-asc\u00f3rbico) y 0.5% \u00c1cido fer\u00falico para mejorar la protecci\u00f3n contra el envejecimiento por causas ambientales: el da\u00f1o por factores ambientales y los signos prematuros del envejecimiento causados por los radicales libres de los rayos UVA\/UVB, la radiaci\u00f3n infrarroja , y la contaminaci\u00f3n por ozono. Adem\u00e1s de los beneficios antioxidantes, mejora la apariencia de la p\u00e9rdida de coloraci\u00f3n, las l\u00edneas de expresi\u00f3n y el tono irregular de la piel.<\/p>\n<p>&nbsp;<\/p>\n<h5>Beneficios:<\/h5>\n<ul>\n<li>Proporciona protecci\u00f3n ambiental avanzada al neutralizar los radicales libres da\u00f1inos<\/li>\n<li>Mejora la apariencia de la p\u00e9rdida de coloraci\u00f3n y el tono general de la piel<\/li>\n<li>+ 72 horas de protecci\u00f3n<\/li>\n<li>No contiene parabenos, perfumes ni colorantes<\/li>\n<li>Ideal para pieles normales, grasas y mixtas<\/li>\n<\/ul>\n<p>&nbsp;<\/p>\n<h5>Modo de Uso:<\/h5>\n<p>Aplica 4-5 gotas de tu <a href=\"https:\/\/www.skinceuticals.com.mx\/SKC-LATAM635494328202.html\"> Phloretin CF<\/a> sobre el rostro, cuello y escote, para tener mejores resultados es recordable usarlo por 3 meses.<\/p>\n<p>Utiliza por la ma\u00f1ana, diariamente sobre el rostro limpio<\/p>\n<p><strong>Evita el contorno de ojos<\/strong><\/p>\n<p>&nbsp;<\/p>\n<p>Te recomendamos un protector solar para evitar mancha; te recomendamos\u00a0<a href=\"https:\/\/iselamendez.mx\/farmacia\/tienda\/marcas\/skc\/skn-advancbright-uv-def-spf50-40ml\/\">Skc Advanced brightening UV Defense Spf50 40Ml<\/a><\/p>\n<p>Tienda en l\u00ednea <a href=\"https:\/\/iselamendez.mx\/\">Isela M\u00e9ndez<\/a> tenemos los mejores productos de <strong>SKINCEUTICALS<\/strong> consulta algunos de nuestros dermat\u00f3logos para una mejor autoevaluaci\u00f3n.<\/p>\n","protected":false},"excerpt":{"rendered":"<p>Salud es belleza<\/p>\n","protected":false},"featured_media":14158,"comment_status":"open","ping_status":"closed","template":"","meta":[],"product_brand":[379],"product_cat":[152,203,81,154,486,79,54,69,71],"product_tag":[367],"class_list":{"0":"post-5887","1":"product","2":"type-product","3":"status-publish","4":"has-post-thumbnail","6":"product_brand-skinceuticals","7":"product_cat-anti-edad","8":"product_cat-antioxidante","9":"product_cat-cuello-y-escote","10":"product_cat-despigmentantes","11":"product_cat-promociones-2026","12":"product_cat-rostro","13":"product_cat-skinceuticals","14":"product_cat-suero","15":"product_cat-tratamiento","16":"product_tag-skinceuticals","18":"first","19":"instock","20":"shipping-taxable","21":"purchasable","22":"product-type-simple"},"aioseo_notices":[],"_links":{"self":[{"href":"https:\/\/iselamendez.mx\/farmacia\/wp-json\/wp\/v2\/product\/5887","targetHints":{"allow":["GET"]}}],"collection":[{"href":"https:\/\/iselamendez.mx\/farmacia\/wp-json\/wp\/v2\/product"}],"about":[{"href":"https:\/\/iselamendez.mx\/farmacia\/wp-json\/wp\/v2\/types\/product"}],"replies":[{"embeddable":true,"href":"https:\/\/iselamendez.mx\/farmacia\/wp-json\/wp\/v2\/comments?post=5887"}],"wp:featuredmedia":[{"embeddable":true,"href":"https:\/\/iselamendez.mx\/farmacia\/wp-json\/wp\/v2\/media\/14158"}],"wp:attachment":[{"href":"https:\/\/iselamendez.mx\/farmacia\/wp-json\/wp\/v2\/media?parent=5887"}],"wp:term":[{"taxonomy":"product_brand","embeddable":true,"href":"https:\/\/iselamendez.mx\/farmacia\/wp-json\/wp\/v2\/product_brand?post=5887"},{"taxonomy":"product_cat","embeddable":true,"href":"https:\/\/iselamendez.mx\/farmacia\/wp-json\/wp\/v2\/product_cat?post=5887"},{"taxonomy":"product_tag","embeddable":true,"href":"https:\/\/iselamendez.mx\/farmacia\/wp-json\/wp\/v2\/product_tag?post=5887"}],"curies":[{"name":"wp","href":"https:\/\/api.w.org\/{rel}","templated":true}]}}