{"id":58946,"date":"2025-07-29T18:31:35","date_gmt":"2025-07-30T00:31:35","guid":{"rendered":"https:\/\/iselamendez.mx\/farmacia\/?post_type=product&#038;p=58946"},"modified":"2026-04-11T16:22:17","modified_gmt":"2026-04-11T22:22:17","slug":"filorga-hyalu-filler-lips-balm-4g","status":"publish","type":"product","link":"https:\/\/iselamendez.mx\/farmacia\/tienda\/funcion\/tratamiento\/anti-edad\/filorga-hyalu-filler-lips-balm-4g\/","title":{"rendered":"Filorga Hyalu Filler Lips Balm 4g"},"content":{"rendered":"<h2><strong>Filorga Hyalu Filler Lips Balm 4g<\/strong><\/h2>\n<p>El b\u00e1lsamo labial voluminizador con \u00e1cido hialur\u00f3nico, para unos labios carnosos e hidratados.<\/p>\n<p>Descubre el poder transformador de <strong>HYALU-FILLER LIPS<\/strong>, un innovador b\u00e1lsamo voluminizador de labios que aporta volumen al instante, hidrataci\u00f3n profunda y un efecto redensificante.<\/p>\n<p>Inspirado en las inyecciones de \u00e1cido hialur\u00f3nico, <strong>HYALU-FILLER LIPS<\/strong> combina ingredientes avanzados y potentes para lograr unos labios visiblemente mejorados. Su f\u00f3rmula incluye tres activos esenciales con efecto volumen (\u00e1cido hialur\u00f3nico, konjac y oligop\u00e9ptido), que proporcionan hidrataci\u00f3n intensa, un efecto voluminizador inmediato y unos contornos de labios mejor definidos. El extracto de Swertia Whirata ayuda a reducir la apariencia de arrugas y alisar los labios. La manteca de karit\u00e9 nutre, mientras que el mentol aporta una sensaci\u00f3n de frescor. Con el uso continuado, los labios se ven m\u00e1s voluminosos, hidratados y recuperan su suavidad. Los signos de la edad se reducen visiblemente.<\/p>\n<p>Resultados cl\u00ednicamente probados: desde la primera aplicaci\u00f3n, los labios se ven 98% m\u00e1s voluminosos y est\u00e1n tres veces m\u00e1s hidratados y brillantes. Los contornos se redefinen y las arrugas se suavizan .<\/p>\n<p>Apto para pieles sensibles, este b\u00e1lsamo de labios con efecto volumen tiene un acabado brillante y luminoso.<\/p>\n<p>Se aplica a diario sobre los labios. El efecto es instant\u00e1neo: labios m\u00e1s voluminosos y con un tono rosado natural.<\/p>\n<p>Formulado con un 96% de ingredientes de origen natural.<br \/>\nContiene vitamina A. Considera tu ingesta diaria antes de usarlo.<br \/>\nTestado bajo control dermatol\u00f3gico.<\/p>\n","protected":false},"excerpt":{"rendered":"<p>Filorga Hyalu Filler Lips Balm 4g El b\u00e1lsamo labial voluminizador con \u00e1cido hialur\u00f3nico, para unos labios carnosos e hidratados. Descubre el poder transformador de HYALU-FILLER LIPS, un innovador b\u00e1lsamo voluminizador de labios que aporta volumen al instante, hidrataci\u00f3n profunda y [&hellip;]<\/p>\n","protected":false},"featured_media":59116,"comment_status":"open","ping_status":"closed","template":"","meta":[],"product_brand":[423],"product_cat":[152,97,49,157,519,137,486],"product_tag":[],"class_list":{"0":"post-58946","1":"product","2":"type-product","3":"status-publish","4":"has-post-thumbnail","6":"product_brand-filorga","7":"product_cat-anti-edad","8":"product_cat-balsamo-de-labios","9":"product_cat-filorga","10":"product_cat-hidratacion","11":"product_cat-invierno","12":"product_cat-labios","13":"product_cat-promociones-2026","15":"first","16":"instock","17":"shipping-taxable","18":"purchasable","19":"product-type-simple"},"aioseo_notices":[],"_links":{"self":[{"href":"https:\/\/iselamendez.mx\/farmacia\/wp-json\/wp\/v2\/product\/58946","targetHints":{"allow":["GET"]}}],"collection":[{"href":"https:\/\/iselamendez.mx\/farmacia\/wp-json\/wp\/v2\/product"}],"about":[{"href":"https:\/\/iselamendez.mx\/farmacia\/wp-json\/wp\/v2\/types\/product"}],"replies":[{"embeddable":true,"href":"https:\/\/iselamendez.mx\/farmacia\/wp-json\/wp\/v2\/comments?post=58946"}],"wp:featuredmedia":[{"embeddable":true,"href":"https:\/\/iselamendez.mx\/farmacia\/wp-json\/wp\/v2\/media\/59116"}],"wp:attachment":[{"href":"https:\/\/iselamendez.mx\/farmacia\/wp-json\/wp\/v2\/media?parent=58946"}],"wp:term":[{"taxonomy":"product_brand","embeddable":true,"href":"https:\/\/iselamendez.mx\/farmacia\/wp-json\/wp\/v2\/product_brand?post=58946"},{"taxonomy":"product_cat","embeddable":true,"href":"https:\/\/iselamendez.mx\/farmacia\/wp-json\/wp\/v2\/product_cat?post=58946"},{"taxonomy":"product_tag","embeddable":true,"href":"https:\/\/iselamendez.mx\/farmacia\/wp-json\/wp\/v2\/product_tag?post=58946"}],"curies":[{"name":"wp","href":"https:\/\/api.w.org\/{rel}","templated":true}]}}