{"id":5915,"date":"2020-09-07T19:31:45","date_gmt":"2020-09-08T00:31:45","guid":{"rendered":"https:\/\/iselamendez.mx\/farmacia\/producto\/sin%20categor\u00eda\/hydraliane-riche\/"},"modified":"2026-05-07T11:49:21","modified_gmt":"2026-05-07T17:49:21","slug":"svr-hydraliane-riche-50ml","status":"publish","type":"product","link":"https:\/\/iselamendez.mx\/farmacia\/tienda\/tipo-de-producto\/crema-facial-tipo-de-producto\/svr-hydraliane-riche-50ml\/","title":{"rendered":"SVR Hydraliane Riche 50ml"},"content":{"rendered":"<p><a href=\"https:\/\/es.labo-svr.com\/products\/hydraliane-riche\">SVR Hydraliane Riche 50ml<\/a><\/p>\n<h5>Crema hidratante intensiva &#8211; pieles secas<\/h5>\n<p>Ofrece una hidrataci\u00f3n profunda desde la primera aplicaci\u00f3n. Ideal para pieles secas, esta crema adem\u00e1s nutre la superficie donde se aplica.<\/p>\n<p>&nbsp;<\/p>\n<h5>\u00bfC\u00f3mo act\u00faa?<\/h5>\n<p>Para todo tipo de pieles secas y deshidratadas. Rostro<\/p>\n<p>Contiene agua fisio-adaptada reconstituida en laboratorio que imita los factores de hidrataci\u00f3n de la piel, proporciona una hidrataci\u00f3n intensa desde la primera aplicaci\u00f3n. Es una crema hidratante intensiva para pieles secas que necesitan un est\u00edmulo de nutrici\u00f3n.<\/p>\n<p>Piel hidratada durante\u00a0<strong>24 horas<\/strong>\u00a0desde la primera aplicaci\u00f3n. La piel recupera su confort a las tres semanas.<\/p>\n<p>&nbsp;<\/p>\n<h5>Beneficios:<\/h5>\n<p>Hidrataci\u00f3n dermatol\u00f3gica:<\/p>\n<p>\u2022\u00a0<strong>60% de agua fisio\u00a0<\/strong>adaptada que infunde agua esencial de forma continua en las c\u00e9lulas.<\/p>\n<p>\u2022 Los\u00a0<strong>az\u00facares hidr\u00f3filos<\/strong>\u00a0atrapan el agua en la piel para una hidrataci\u00f3n de larga duraci\u00f3n.<\/p>\n<p>Eficacia probada bajo control dermatol\u00f3gico<\/p>\n<p>Estricta carta de formulaci\u00f3n adaptada a las pieles sensibles. Hipoalerg\u00e9nica.<\/p>\n<p>&nbsp;<\/p>\n<h5>Modo de Uso:<\/h5>\n<p>Aplicar por la ma\u00f1ana y\/o noche en el rostro y cuello. Excelente base de maquillaje.<\/p>\n<p>Para una mayor hidrataci\u00f3n, aplicar Hydraliane en la rutina de ma\u00f1ana y noche:<br \/>\n\u2022 Prepara tu piel con Hydraliane Essence<\/p>\n<p>&nbsp;<\/p>\n<p>&nbsp;<\/p>\n","protected":false},"excerpt":{"rendered":"<p>Salud es belleza<\/p>\n","protected":false},"featured_media":41061,"comment_status":"open","ping_status":"closed","template":"","meta":[],"product_brand":[474],"product_cat":[161,210,486,79,590,32],"product_tag":[368],"class_list":{"0":"post-5915","1":"product","2":"type-product","3":"status-publish","4":"has-post-thumbnail","6":"product_brand-svr","7":"product_cat-crema-facial-tipo-de-producto","8":"product_cat-hidratante","9":"product_cat-promociones-2026","10":"product_cat-rostro","11":"product_cat-semana-santa","12":"product_cat-svr","13":"product_tag-svr","15":"first","16":"instock","17":"sale","18":"shipping-taxable","19":"purchasable","20":"product-type-simple"},"aioseo_notices":[],"_links":{"self":[{"href":"https:\/\/iselamendez.mx\/farmacia\/wp-json\/wp\/v2\/product\/5915","targetHints":{"allow":["GET"]}}],"collection":[{"href":"https:\/\/iselamendez.mx\/farmacia\/wp-json\/wp\/v2\/product"}],"about":[{"href":"https:\/\/iselamendez.mx\/farmacia\/wp-json\/wp\/v2\/types\/product"}],"replies":[{"embeddable":true,"href":"https:\/\/iselamendez.mx\/farmacia\/wp-json\/wp\/v2\/comments?post=5915"}],"wp:featuredmedia":[{"embeddable":true,"href":"https:\/\/iselamendez.mx\/farmacia\/wp-json\/wp\/v2\/media\/41061"}],"wp:attachment":[{"href":"https:\/\/iselamendez.mx\/farmacia\/wp-json\/wp\/v2\/media?parent=5915"}],"wp:term":[{"taxonomy":"product_brand","embeddable":true,"href":"https:\/\/iselamendez.mx\/farmacia\/wp-json\/wp\/v2\/product_brand?post=5915"},{"taxonomy":"product_cat","embeddable":true,"href":"https:\/\/iselamendez.mx\/farmacia\/wp-json\/wp\/v2\/product_cat?post=5915"},{"taxonomy":"product_tag","embeddable":true,"href":"https:\/\/iselamendez.mx\/farmacia\/wp-json\/wp\/v2\/product_tag?post=5915"}],"curies":[{"name":"wp","href":"https:\/\/api.w.org\/{rel}","templated":true}]}}