{"id":59155,"date":"2025-08-01T13:24:16","date_gmt":"2025-08-01T19:24:16","guid":{"rendered":"https:\/\/iselamendez.mx\/farmacia\/?post_type=product&#038;p=59155"},"modified":"2026-04-15T10:42:50","modified_gmt":"2026-04-15T16:42:50","slug":"sensilis-skin-d-pigment-color-drops-maquillaje-despigmentante-03-beige-rose-25ml","status":"publish","type":"product","link":"https:\/\/iselamendez.mx\/farmacia\/tienda\/funcion\/tratamiento\/despigmentantes\/sensilis-skin-d-pigment-color-drops-maquillaje-despigmentante-03-beige-rose-25ml\/","title":{"rendered":"Sensilis Skin D-Pigment Color Drops Maquillaje Despigmentante 03 Beige Ros\u00e9 25ml"},"content":{"rendered":"<h2><strong>Sensilis Skin D-Pigment [Color Drops] Maquillaje Despigmentante 03 Beige Rose 25ml<\/strong><\/h2>\n<p>Maquillaje dermatol\u00f3gico fluido anhidro de alta cobertura, gran extensibilidad y r\u00e1pida absorci\u00f3n que oculta las imperfecciones, manteniendo la piel fresca, con un tono uniforme y luminoso.<\/p>\n<p><strong>Beneficios:<\/strong><\/p>\n<ul>\n<li><strong>Acci\u00f3n despigmentante<\/strong><\/li>\n<li><strong>-11,7% melanina<\/strong>\u00a0en un mes<\/li>\n<li><strong>+15,9% luminosidad<\/strong>\u00a0en 20 minutos<\/li>\n<li><strong>+14,6% hidrataci\u00f3n<\/strong>\u00a0en 28 d\u00edas<\/li>\n<li><strong>Acci\u00f3n antioxidante<\/strong><\/li>\n<\/ul>\n<div class=\"overflow-hidden \">\n<p class=\"text-xs font-medium\"><strong>\u00bfEs para ti?<\/strong><\/p>\n<\/div>\n<div class=\"overflow-hidden \">\n<div class=\"text-3xl font-light md:text-5xl lg:max-w-6xl [&amp;_img]:-mt-[3px] [&amp;_img]:inline-flex [&amp;_img]:h-[52px] [&amp;_img]:w-auto [&amp;_img]:rounded-[45px] [&amp;_img]:object-cover [&amp;_img]:object-center\">\n<p>Es para pieles sensibles con hiperpigmentaci\u00f3n o manchas oscuras (melasma, lentigos).<\/p>\n<p class=\"font-light\"><strong>[Beneficios principales]<\/strong><\/p>\n<div>\n<p>Despigmenta<br \/>\nIlumina<br \/>\nHidrata<br \/>\nAcci\u00f3n antioxidante<\/p>\n<p><strong>Mas Informacion<\/strong><\/p>\n<div class=\"overflow-hidden\">\n<div id=\"headlessui-disclosure-panel-:rc:\" class=\"\" data-headlessui-state=\"open\">\n<ul class=\"px-2 pb-6 md:px-0\">\n<li class=\"flex min-h-[33px] items-center gap-2\"><span class=\"text-xs font-light capitalize\">Testado en 5 metales pesados<\/span><\/li>\n<li class=\"flex min-h-[33px] items-center gap-2\"><span class=\"text-xs font-light capitalize\">No comedog\u00e9nico<\/span><\/li>\n<li class=\"flex min-h-[33px] items-center gap-2\"><span class=\"text-xs font-light capitalize\">Dermatol\u00f3gicamente testado en pieles sensibles<\/span><\/li>\n<li class=\"flex min-h-[33px] items-center gap-2\"><span class=\"text-xs font-light capitalize\">Sweat Resistant<\/span><\/li>\n<li class=\"flex min-h-[33px] items-center gap-2\"><span class=\"text-xs font-light capitalize\">Testado en Pieles Hiperpigmentadas<\/span><\/li>\n<\/ul>\n<\/div>\n<\/div>\n<\/div>\n<\/div>\n<\/div>\n","protected":false},"excerpt":{"rendered":"<p>Sensilis Skin D-Pigment [Color Drops] Maquillaje Despigmentante 03 Beige Rose 25ml Maquillaje dermatol\u00f3gico fluido anhidro de alta cobertura, gran extensibilidad y r\u00e1pida absorci\u00f3n que oculta las imperfecciones, manteniendo la piel fresca, con un tono uniforme y luminoso. Beneficios: Acci\u00f3n despigmentante [&hellip;]<\/p>\n","protected":false},"featured_media":59793,"comment_status":"open","ping_status":"closed","template":"","meta":[],"product_brand":[386],"product_cat":[203,154,210,519,281,168,486,79,590,305],"product_tag":[],"class_list":{"0":"post-59155","1":"product","2":"type-product","3":"status-publish","4":"has-post-thumbnail","6":"product_brand-sensilis","7":"product_cat-antioxidante","8":"product_cat-despigmentantes","9":"product_cat-hidratante","10":"product_cat-invierno","11":"product_cat-maquillaje-2","12":"product_cat-maquillaje-tipo-de-producto","13":"product_cat-promociones-2026","14":"product_cat-rostro","15":"product_cat-semana-santa","16":"product_cat-sensilis","18":"first","19":"instock","20":"shipping-taxable","21":"purchasable","22":"product-type-simple"},"aioseo_notices":[],"_links":{"self":[{"href":"https:\/\/iselamendez.mx\/farmacia\/wp-json\/wp\/v2\/product\/59155","targetHints":{"allow":["GET"]}}],"collection":[{"href":"https:\/\/iselamendez.mx\/farmacia\/wp-json\/wp\/v2\/product"}],"about":[{"href":"https:\/\/iselamendez.mx\/farmacia\/wp-json\/wp\/v2\/types\/product"}],"replies":[{"embeddable":true,"href":"https:\/\/iselamendez.mx\/farmacia\/wp-json\/wp\/v2\/comments?post=59155"}],"wp:featuredmedia":[{"embeddable":true,"href":"https:\/\/iselamendez.mx\/farmacia\/wp-json\/wp\/v2\/media\/59793"}],"wp:attachment":[{"href":"https:\/\/iselamendez.mx\/farmacia\/wp-json\/wp\/v2\/media?parent=59155"}],"wp:term":[{"taxonomy":"product_brand","embeddable":true,"href":"https:\/\/iselamendez.mx\/farmacia\/wp-json\/wp\/v2\/product_brand?post=59155"},{"taxonomy":"product_cat","embeddable":true,"href":"https:\/\/iselamendez.mx\/farmacia\/wp-json\/wp\/v2\/product_cat?post=59155"},{"taxonomy":"product_tag","embeddable":true,"href":"https:\/\/iselamendez.mx\/farmacia\/wp-json\/wp\/v2\/product_tag?post=59155"}],"curies":[{"name":"wp","href":"https:\/\/api.w.org\/{rel}","templated":true}]}}