{"id":59381,"date":"2025-08-05T14:16:53","date_gmt":"2025-08-05T20:16:53","guid":{"rendered":"https:\/\/iselamendez.mx\/farmacia\/?post_type=product&#038;p=59381"},"modified":"2026-04-15T10:42:51","modified_gmt":"2026-04-15T16:42:51","slug":"parabotica-hydra-shave-3-en-1-emulsion-50ml","status":"publish","type":"product","link":"https:\/\/iselamendez.mx\/farmacia\/tienda\/funcion\/tratamiento\/anti-edad\/parabotica-hydra-shave-3-en-1-emulsion-50ml\/","title":{"rendered":"Parabotica Hydra Shave 3 en 1 Emulsi\u00f3n 50ml"},"content":{"rendered":"<h2><strong>Parabotica Hydra Shave 3 en 1 Emulsi\u00f3n 50ml<br \/>\n<\/strong><\/h2>\n<p>HYDRA SHAVE 3 en 1 de la l\u00ednea MEN enfocada en cubrir las necesidades de la piel masculina, ejerce un poder antiedad, antifatiga y aftershave en\u00a0<strong>1 solo<\/strong>\u00a0producto.<br \/>\nSu f\u00f3rmula combina agentes calmantes y descongestivos, la emulsi\u00f3n Sensitive 3 en 1, est\u00e1 especialmente recomendada para pieles sensibles y f\u00e1cilmente irritables y, tras su aplicaci\u00f3n, ejerce una intensa sensaci\u00f3n refrescante.<br \/>\nEfecto antiedad, antifatiga y after-shave.<\/p>\n<ol>\n<li>Sin alcohol<\/li>\n<li>Perfume sin al\u00e9rgenos<\/li>\n<li>Textura ligera<\/li>\n<li>Absorci\u00f3n inmediata<\/li>\n<li>Testado dermatol\u00f3gicamente<\/li>\n<\/ol>\n<h4 class=\"tituloProductoCollapse\" data-toggle=\"collapse\" data-target=\"#productoIngredientes\" aria-expanded=\"true\"><strong>Ingredientes<\/strong><\/h4>\n<div id=\"productoIngredientes\" class=\"contenidoProductoDatos collapse show\">\n<p>\u00b7 Activo tensor:<\/p>\n<div>Acci\u00f3n tensora y antiarrugas. Origen natural.<\/div>\n<p>\u00b7 Activo prebi\u00f3tico:<\/p>\n<div>Previene las alteraciones de la flora cut\u00e1nea beneficiosa evitando as\u00ed posibles infecciones.<\/div>\n<p>\u00b7 Extracto de nen\u00fafar, glicirret\u00ednico y bisabolol:<\/p>\n<div>Acci\u00f3n calmante y descongestiva.<\/div>\n<p>\u00b7 Arginina:<\/p>\n<div>Acci\u00f3n antifatiga.<\/div>\n<p>\u00b7 Agua de hamamelis:<\/p>\n<div>Acci\u00f3n tonificante.<\/div>\n<\/div>\n<div><\/div>\n<div>\n<h4 class=\"tituloProductoCollapse\" data-toggle=\"collapse\" data-target=\"#productoModoUso\" aria-expanded=\"true\"><strong>Modo de Uso<\/strong><\/h4>\n<div id=\"productoModoUso\" class=\"contenidoProductoDatos collapse show\">\n<p>Aplicar sobre la piel limpia y seca del rostro, cuello y escote, ejerciendo un ligero masaje hasta su completa absorci\u00f3n. Se puede ma\u00f1ana y noche despu\u00e9s del afeitado.<\/p>\n<h4 class=\"tituloProductoMasInfoScroll\"><strong>Tips de uso<\/strong><\/h4>\n<div class=\"textoProductoMasInfoScroll\">\n<p><strong>Aftershave<\/strong>: Las cuchillas da\u00f1an la piel. Pasada tras pasada rompen la barrera que la protege, consiguiendo que se irrite y sufra. Por eso siempre tienes que utilizar un after shave, que repare la piel da\u00f1ada tras cada afeitado.<\/p>\n<p><strong>Antiarrugas<\/strong>: Es fundamental que la cara est\u00e9 completamente limpia antes de aplicar la crema antiarrugas. En cada parte del rostro las arrugas toman un sentido diferente, por ello es necesario tenerlo en cuenta para que la aplicaci\u00f3n de la crema antiarrugas aumente su efectividad.<\/p>\n<div>\n<p><strong>Frente<\/strong>: En primer lugar, debes de extender una peque\u00f1a cantidad por la frente. En esta parte del rostro las arrugas que predominan son horizontales y por eso tienes que aplicar la crema en sentido vertical y de abajo a arriba.<\/p>\n<p><strong>Entrecejo<\/strong>: Esta zona se divide en dos. Desde la mitad del entrecejo hacia arriba la crema la aplicas en sentido ascendente y vertical, mientras que en la otra mitad del entrecejo es lo mismo, pero hacia abajo.<\/p>\n<p><strong>P\u00f3mulos<\/strong>: Aqu\u00ed se tiene que hacer mediante movimientos circulares ascendentes y que vayan dirigi\u00e9ndose hacia la parte exterior.<\/p>\n<p><strong>Barbilla<\/strong>: Los movimientos ser\u00e1n circulares e ir\u00e1n desde el centro hacia fuera.<\/p>\n<\/div>\n<\/div>\n<\/div>\n<\/div>\n","protected":false},"excerpt":{"rendered":"<p>Parabotica Hydra Shave 3 en 1 Emulsi\u00f3n 50ml HYDRA SHAVE 3 en 1 de la l\u00ednea MEN enfocada en cubrir las necesidades de la piel masculina, ejerce un poder antiedad, antifatiga y aftershave en\u00a01 solo\u00a0producto. Su f\u00f3rmula combina agentes calmantes [&hellip;]<\/p>\n","protected":false},"featured_media":59764,"comment_status":"open","ping_status":"closed","template":"","meta":[],"product_brand":[384],"product_cat":[152,482,484,483,519,385,113,79],"product_tag":[],"class_list":{"0":"post-59381","1":"product","2":"type-product","3":"status-publish","4":"has-post-thumbnail","6":"product_brand-parabotica","7":"product_cat-anti-edad","8":"product_cat-despues-de-afeitado","9":"product_cat-emulsion","10":"product_cat-hombres","11":"product_cat-invierno","12":"product_cat-parabotica","13":"product_cat-piel-sensible","14":"product_cat-rostro","16":"first","17":"instock","18":"shipping-taxable","19":"purchasable","20":"product-type-simple"},"aioseo_notices":[],"_links":{"self":[{"href":"https:\/\/iselamendez.mx\/farmacia\/wp-json\/wp\/v2\/product\/59381","targetHints":{"allow":["GET"]}}],"collection":[{"href":"https:\/\/iselamendez.mx\/farmacia\/wp-json\/wp\/v2\/product"}],"about":[{"href":"https:\/\/iselamendez.mx\/farmacia\/wp-json\/wp\/v2\/types\/product"}],"replies":[{"embeddable":true,"href":"https:\/\/iselamendez.mx\/farmacia\/wp-json\/wp\/v2\/comments?post=59381"}],"wp:featuredmedia":[{"embeddable":true,"href":"https:\/\/iselamendez.mx\/farmacia\/wp-json\/wp\/v2\/media\/59764"}],"wp:attachment":[{"href":"https:\/\/iselamendez.mx\/farmacia\/wp-json\/wp\/v2\/media?parent=59381"}],"wp:term":[{"taxonomy":"product_brand","embeddable":true,"href":"https:\/\/iselamendez.mx\/farmacia\/wp-json\/wp\/v2\/product_brand?post=59381"},{"taxonomy":"product_cat","embeddable":true,"href":"https:\/\/iselamendez.mx\/farmacia\/wp-json\/wp\/v2\/product_cat?post=59381"},{"taxonomy":"product_tag","embeddable":true,"href":"https:\/\/iselamendez.mx\/farmacia\/wp-json\/wp\/v2\/product_tag?post=59381"}],"curies":[{"name":"wp","href":"https:\/\/api.w.org\/{rel}","templated":true}]}}