{"id":59382,"date":"2025-08-05T14:20:03","date_gmt":"2025-08-05T20:20:03","guid":{"rendered":"https:\/\/iselamendez.mx\/farmacia\/?post_type=product&#038;p=59382"},"modified":"2026-04-13T10:31:56","modified_gmt":"2026-04-13T16:31:56","slug":"parabotica-redcure-serum-anti-rojes-30ml","status":"publish","type":"product","link":"https:\/\/iselamendez.mx\/farmacia\/tienda\/funcion\/tratamiento\/hidratacion\/parabotica-redcure-serum-anti-rojes-30ml\/","title":{"rendered":"Parabotica Redcure S\u00e9rum Anti-Rojes 30ml"},"content":{"rendered":"<h2><strong>Parabotica Redcure S\u00e9rum Anti-Rojes 30ml<\/strong><\/h2>\n<p>S\u00e9rum calmante y despigmentante para pieles sensibles, con cuperosis y tendencia a la ros\u00e1cea. Combina Azeloglicina, Betania, Aceites Esenciales y Zinc para hidratar, regenerar y equilibrar la piel, reduciendo rojeces y mejorando su textura y tono<\/p>\n<h3 class=\"tituloProductoCollapse\" data-toggle=\"collapse\" data-target=\"#productoIngredientes\" aria-expanded=\"true\"><strong>Ingredientes<\/strong><\/h3>\n<div id=\"productoIngredientes\" class=\"contenidoProductoDatos collapse show\">\n<ul>\n<li><strong>Azeloglicina:<\/strong>\u00a0Antiinflamatoria, calmante y despigmentante.<\/li>\n<li><strong>Beta\u00edna:\u00a0<\/strong>Hidrata.<\/li>\n<li><strong>Aceite de Espliego:\u00a0<\/strong>Con propiedades cicatrizantes y analg\u00e9sicas.<\/li>\n<li>Aceite de Palmarosa: Antis\u00e9ptico.<\/li>\n<li><strong>Zinc:<\/strong>\u00a0Seborregula<\/li>\n<li><strong>Polisac\u00e1rido con Acci\u00f3n Filmog\u00e9nica:\u00a0<\/strong>Calma, hidrata y reestructura.<\/li>\n<\/ul>\n<\/div>\n<p>.<\/p>\n<h3 class=\"tituloProductoCollapse\" data-toggle=\"collapse\" data-target=\"#productoModoUso\" aria-expanded=\"true\"><strong>Modo de Uso<\/strong><\/h3>\n<div id=\"productoModoUso\" class=\"contenidoProductoDatos collapse show\">Aplicar a diario por la ma\u00f1ana y noche, sobre la piel limpia y seca del rostro, cuello y escote dando un masaje hasta su completa absorci\u00f3n. A continuaci\u00f3n, aplicar su<br \/>\ntratamiento cosm\u00e9tico habitual. Uso externo.<\/div>\n","protected":false},"excerpt":{"rendered":"<p>Parabotica Redcure S\u00e9rum Anti-Rojes 30ml S\u00e9rum calmante y despigmentante para pieles sensibles, con cuperosis y tendencia a la ros\u00e1cea. Combina Azeloglicina, Betania, Aceites Esenciales y Zinc para hidratar, regenerar y equilibrar la piel, reduciendo rojeces y mejorando su textura y [&hellip;]<\/p>\n","protected":false},"featured_media":68439,"comment_status":"open","ping_status":"closed","template":"","meta":[],"product_brand":[384],"product_cat":[81,210,157,519,335,385,213,113,79,590,69],"product_tag":[],"class_list":{"0":"post-59382","1":"product","2":"type-product","3":"status-publish","4":"has-post-thumbnail","6":"product_brand-parabotica","7":"product_cat-cuello-y-escote","8":"product_cat-hidratante","9":"product_cat-hidratacion","10":"product_cat-invierno","11":"product_cat-melasma","12":"product_cat-parabotica","13":"product_cat-piel-rojeces","14":"product_cat-piel-sensible","15":"product_cat-rostro","16":"product_cat-semana-santa","17":"product_cat-suero","19":"first","20":"instock","21":"shipping-taxable","22":"purchasable","23":"product-type-simple"},"aioseo_notices":[],"_links":{"self":[{"href":"https:\/\/iselamendez.mx\/farmacia\/wp-json\/wp\/v2\/product\/59382","targetHints":{"allow":["GET"]}}],"collection":[{"href":"https:\/\/iselamendez.mx\/farmacia\/wp-json\/wp\/v2\/product"}],"about":[{"href":"https:\/\/iselamendez.mx\/farmacia\/wp-json\/wp\/v2\/types\/product"}],"replies":[{"embeddable":true,"href":"https:\/\/iselamendez.mx\/farmacia\/wp-json\/wp\/v2\/comments?post=59382"}],"wp:featuredmedia":[{"embeddable":true,"href":"https:\/\/iselamendez.mx\/farmacia\/wp-json\/wp\/v2\/media\/68439"}],"wp:attachment":[{"href":"https:\/\/iselamendez.mx\/farmacia\/wp-json\/wp\/v2\/media?parent=59382"}],"wp:term":[{"taxonomy":"product_brand","embeddable":true,"href":"https:\/\/iselamendez.mx\/farmacia\/wp-json\/wp\/v2\/product_brand?post=59382"},{"taxonomy":"product_cat","embeddable":true,"href":"https:\/\/iselamendez.mx\/farmacia\/wp-json\/wp\/v2\/product_cat?post=59382"},{"taxonomy":"product_tag","embeddable":true,"href":"https:\/\/iselamendez.mx\/farmacia\/wp-json\/wp\/v2\/product_tag?post=59382"}],"curies":[{"name":"wp","href":"https:\/\/api.w.org\/{rel}","templated":true}]}}