{"id":59383,"date":"2025-08-05T14:24:39","date_gmt":"2025-08-05T20:24:39","guid":{"rendered":"https:\/\/iselamendez.mx\/farmacia\/?post_type=product&#038;p=59383"},"modified":"2026-04-15T10:42:55","modified_gmt":"2026-04-15T16:42:55","slug":"parabotica-hydra-sensitive-contorno-de-ojos-crema-gel-15ml","status":"publish","type":"product","link":"https:\/\/iselamendez.mx\/farmacia\/tienda\/funcion\/tratamiento\/anti-edad\/parabotica-hydra-sensitive-contorno-de-ojos-crema-gel-15ml\/","title":{"rendered":"Parabotica Hydra Sensitive Contorno de Ojos Crema Gel 15ml"},"content":{"rendered":"<h2><strong>Parabotica Hydra Sensitive Contorno de Ojos Crema Gel 15ml<\/strong><\/h2>\n<p>&nbsp;<\/p>\n<p>HYDRA SENSITIVE CONTORNO\u00a0DE OJOS de Parabotica es un crema-gel para el cuidado del contorno de los ojos. Gracias a su combinaci\u00f3n de ingredientes act\u00faa a tres niveles: Ayuda a disminuir las ojeras, descongestionar bolsas y alisar las arrugas.<br \/>\nLa piel del contorno de los ojos recupera su elasticidad, luminosidad y vitalidad.<br \/>\nTodo tipo de pieles. Pieles sensibles.<\/p>\n<h3><strong>Cuidado 3 en 1 para tu mejor mirada<\/strong><br \/>\n<span style=\"color: #868686; font-size: 15px;\">SIN PARABENOS<\/span><\/h3>\n<ul>\n<li>SIN COLORANTES<\/li>\n<li>SIN PERFUME<\/li>\n<li>TESTADO DERMATOL\u00d3GICAMENTE<\/li>\n<\/ul>\n<h4 class=\"tituloProductoCollapse\" data-toggle=\"collapse\" data-target=\"#productoIngredientes\" aria-expanded=\"true\"><strong>Ingredientes<\/strong><\/h4>\n<div id=\"productoIngredientes\" class=\"contenidoProductoDatos collapse show\"><strong>\u00b7<\/strong>\u00a0<strong>Vitamina C<\/strong><br \/>\nEstimula la s\u00edntesis de col\u00e1geno. Acci\u00f3n antioxidante como barrera contra los radicales libres.<br \/>\n<strong>\u00b7\u00a0\u00c1cido hialur\u00f3nico<\/strong><br \/>\nAyuda a hidratar y alisar las arrugas.<br \/>\n<strong>\u00b7\u00a0Ruscus aculeatus<\/strong><br \/>\nAyuda a mejorar la microcirculaci\u00f3n cut\u00e1nea.<br \/>\n<strong>\u00b7 Cafe\u00edna<\/strong><br \/>\nAcci\u00f3n drenante y descongestiva.<br \/>\n<strong>\u00b7 Silicio org\u00e1nico<\/strong><br \/>\nAyuda a estimular la s\u00edntesis de col\u00e1geno y elastina alisando las arrugas.<br \/>\n<strong>\u00b7\u00a0Aceite de germen de trigo<\/strong><br \/>\nAyuda a contrarrestar los efectos de los radicales libres.<br \/>\n<strong>\u00b7 Vitamina E<\/strong><br \/>\nAcci\u00f3n antioxidante<br \/>\n<strong>\u00b7 Bisabolol<\/strong><br \/>\nAcci\u00f3n calmante y descongestiva.<\/div>\n<div>\n<h4 class=\"tituloProductoCollapse\" data-toggle=\"collapse\" data-target=\"#productoModoUso\" aria-expanded=\"true\"><strong>Modo de Uso<\/strong><\/h4>\n<div id=\"productoModoUso\" class=\"contenidoProductoDatos collapse show\">\n<p>Aplicar ma\u00f1ana y noche una peque\u00f1a cantidad sobre el \u00f3valo externo del \u00e1rea ocular. Con ayuda del dedo anular ejerce ligeros toques de afuera hacia adentro sobre el hueso orbital hasta su completa absorci\u00f3n. Tambi\u00e9n puede usarse en el contorno de los labios.<\/p>\n<h4 class=\"tituloProductoMasInfoScroll\"><strong>Tips de uso<\/strong><\/h4>\n<div class=\"textoProductoMasInfoScroll\">\n<p><strong>Aplica y aprovecha correctamente el contorno de ojos<\/strong><\/p>\n<ul>\n<li>Aplicamos el contorno con el dedo anular, de esta forma aplicamos el producto sin ejercer una excesiva fuerza ni arrastrar el producto por la zona del contorno.<\/li>\n<li>El producto se aplica a toquecitos para activar la circulaci\u00f3n.<\/li>\n<li>Aplicamos primero sobre el hueso del p\u00f3mulo y vamos subiendo hasta el arco.<\/li>\n<li>Incidimos en la zona de las patas de gallo ejerciendo un masaje circular.<\/li>\n<li>Realizamos estos movimientos hasta que el producto se ha absorbido.<\/li>\n<li>Despu\u00e9s de aplicar el contorno, el sobrante que quede sobre los dedos apl\u00edcalo sobre el arco de la ceja y el p\u00e1rpado m\u00f3vil. Estas zonas tambi\u00e9n sufren flacidez y cuanto antes empecemos a cuidarlas m\u00e1s tarde aparecer\u00e1n los signos del envejecimiento.<\/li>\n<\/ul>\n<\/div>\n<\/div>\n<\/div>\n","protected":false},"excerpt":{"rendered":"<p>Parabotica Hydra Sensitive Contorno de Ojos Crema Gel 15ml &nbsp; HYDRA SENSITIVE CONTORNO\u00a0DE OJOS de Parabotica es un crema-gel para el cuidado del contorno de los ojos. Gracias a su combinaci\u00f3n de ingredientes act\u00faa a tres niveles: Ayuda a disminuir [&hellip;]<\/p>\n","protected":false},"featured_media":68451,"comment_status":"open","ping_status":"closed","template":"","meta":[],"product_brand":[384],"product_cat":[152,73,162,159,87,157,519,385,113],"product_tag":[],"class_list":{"0":"post-59383","1":"product","2":"type-product","3":"status-publish","4":"has-post-thumbnail","6":"product_brand-parabotica","7":"product_cat-anti-edad","8":"product_cat-contorno-de-ojos","9":"product_cat-crema-contorno-de-ojos-tipo-de-producto","10":"product_cat-ojeras","11":"product_cat-gel","12":"product_cat-hidratacion","13":"product_cat-invierno","14":"product_cat-parabotica","15":"product_cat-piel-sensible","17":"first","18":"instock","19":"shipping-taxable","20":"purchasable","21":"product-type-simple"},"aioseo_notices":[],"_links":{"self":[{"href":"https:\/\/iselamendez.mx\/farmacia\/wp-json\/wp\/v2\/product\/59383","targetHints":{"allow":["GET"]}}],"collection":[{"href":"https:\/\/iselamendez.mx\/farmacia\/wp-json\/wp\/v2\/product"}],"about":[{"href":"https:\/\/iselamendez.mx\/farmacia\/wp-json\/wp\/v2\/types\/product"}],"replies":[{"embeddable":true,"href":"https:\/\/iselamendez.mx\/farmacia\/wp-json\/wp\/v2\/comments?post=59383"}],"wp:featuredmedia":[{"embeddable":true,"href":"https:\/\/iselamendez.mx\/farmacia\/wp-json\/wp\/v2\/media\/68451"}],"wp:attachment":[{"href":"https:\/\/iselamendez.mx\/farmacia\/wp-json\/wp\/v2\/media?parent=59383"}],"wp:term":[{"taxonomy":"product_brand","embeddable":true,"href":"https:\/\/iselamendez.mx\/farmacia\/wp-json\/wp\/v2\/product_brand?post=59383"},{"taxonomy":"product_cat","embeddable":true,"href":"https:\/\/iselamendez.mx\/farmacia\/wp-json\/wp\/v2\/product_cat?post=59383"},{"taxonomy":"product_tag","embeddable":true,"href":"https:\/\/iselamendez.mx\/farmacia\/wp-json\/wp\/v2\/product_tag?post=59383"}],"curies":[{"name":"wp","href":"https:\/\/api.w.org\/{rel}","templated":true}]}}