{"id":5953,"date":"2020-09-07T19:31:50","date_gmt":"2020-09-08T00:31:50","guid":{"rendered":"https:\/\/iselamendez.mx\/farmacia\/producto\/sin%20categor\u00eda\/sun-secure-blur-spf50\/"},"modified":"2026-04-28T12:17:30","modified_gmt":"2026-04-28T18:17:30","slug":"svr-sun-secure-blur-spf50","status":"publish","type":"product","link":"https:\/\/iselamendez.mx\/farmacia\/tienda\/tipo-de-producto\/crema-facial-tipo-de-producto\/svr-sun-secure-blur-spf50\/","title":{"rendered":"SVR Sun Secure Blur SPF50+ 50ml"},"content":{"rendered":"<p><a href=\"https:\/\/es.labo-svr.com\/products\/sun-secure-blur-spf50\">SVR Sun Secure Blur SPF50+ 50 ml<\/a><\/p>\n<h5>Crema mousse efecto difuminador \u00f3ptico<\/h5>\n<p>&nbsp;<\/p>\n<div style=\"text-align: center\"><strong>UVB + UVA +\u00a0VISIBLE + INFRARROJO<\/strong><\/div>\n<p>&nbsp;<\/p>\n<h5>\u00bfC\u00f3mo act\u00faa?<\/h5>\n<p>Mousse de textura m\u00e1gica de alta protecci\u00f3n solar, efecto aterciopelado.<\/p>\n<p>Esta crema mousse se funde inmediatamente en la piel y se vuelve invisible para proporcionar un efecto piel desnuda.<\/p>\n<p>Las imperfecciones se difuminan, la tez se alisa y la piel se vuelve incre\u00edblemente aterciopelada.<\/p>\n<p>Es la base de maquillaje ideal con protecci\u00f3n solar extra.<\/p>\n<p>&nbsp;<\/p>\n<p>Protege de todos los tipos de rayos solares:<strong><br \/>\n<\/strong>\u2022 Anti-UVA y UVB, gracias a una combinaci\u00f3n de filtros solares org\u00e1nicos fotoestables de alto rendimiento que forman una barrera f\u00edsica en la superficie de la piel.<br \/>\n\u2022 Luz visible e infrarroja, gracias a un complejo liposomal antioxidante [\u03b2-caroteno + Detoxophane\u00ae] que forma un escudo celular.<br \/>\n\u2022 La niacinamida repara el da\u00f1o celular tras la exposici\u00f3n solar.<\/p>\n<h5><\/h5>\n<h5>Modo de Uso<\/h5>\n<p>Aplicar una peque\u00f1a cantidad de <a href=\"https:\/\/es.labo-svr.com\/products\/sun-secure-blur-spf50\">Sun Secure Blur<\/a>\u00a0en la palma de la mano y extender de forma homog\u00e9nea como una base de maquillaje en todas las zonas del rostro.<br \/>\nAplicar por la ma\u00f1ana y antes de cada exposici\u00f3n al sol. Repetir frecuentemente durante una exposici\u00f3n prolongada.<\/p>\n<p>&nbsp;<\/p>\n<p>\u00a1Puedes echar un vistazo a las dem\u00e1s opciones en <a href=\"https:\/\/iselamendez.mx\/farmacia\/categoria-producto\/funcion\/protector-solar\/\">protectores solares<\/a> De nuestra tienda.!<\/p>\n<p>Tienda en l\u00ednea <a href=\"https:\/\/iselamendez.mx\/\">Isela M\u00e9ndez<\/a> tenemos los mejores productos de <strong>SVR<\/strong> consulta algunos de nuestros dermat\u00f3logos para una mejor autoevaluaci\u00f3n.<\/p>\n","protected":false},"excerpt":{"rendered":"<p>Salud es belleza<\/p>\n","protected":false},"featured_media":15792,"comment_status":"open","ping_status":"closed","template":"","meta":[],"product_brand":[474],"product_cat":[161,486,83,79,590,32],"product_tag":[368],"class_list":{"0":"post-5953","1":"product","2":"type-product","3":"status-publish","4":"has-post-thumbnail","6":"product_brand-svr","7":"product_cat-crema-facial-tipo-de-producto","8":"product_cat-promociones-2026","9":"product_cat-protector-solar","10":"product_cat-rostro","11":"product_cat-semana-santa","12":"product_cat-svr","13":"product_tag-svr","15":"first","16":"instock","17":"shipping-taxable","18":"purchasable","19":"product-type-simple"},"aioseo_notices":[],"_links":{"self":[{"href":"https:\/\/iselamendez.mx\/farmacia\/wp-json\/wp\/v2\/product\/5953","targetHints":{"allow":["GET"]}}],"collection":[{"href":"https:\/\/iselamendez.mx\/farmacia\/wp-json\/wp\/v2\/product"}],"about":[{"href":"https:\/\/iselamendez.mx\/farmacia\/wp-json\/wp\/v2\/types\/product"}],"replies":[{"embeddable":true,"href":"https:\/\/iselamendez.mx\/farmacia\/wp-json\/wp\/v2\/comments?post=5953"}],"wp:featuredmedia":[{"embeddable":true,"href":"https:\/\/iselamendez.mx\/farmacia\/wp-json\/wp\/v2\/media\/15792"}],"wp:attachment":[{"href":"https:\/\/iselamendez.mx\/farmacia\/wp-json\/wp\/v2\/media?parent=5953"}],"wp:term":[{"taxonomy":"product_brand","embeddable":true,"href":"https:\/\/iselamendez.mx\/farmacia\/wp-json\/wp\/v2\/product_brand?post=5953"},{"taxonomy":"product_cat","embeddable":true,"href":"https:\/\/iselamendez.mx\/farmacia\/wp-json\/wp\/v2\/product_cat?post=5953"},{"taxonomy":"product_tag","embeddable":true,"href":"https:\/\/iselamendez.mx\/farmacia\/wp-json\/wp\/v2\/product_tag?post=5953"}],"curies":[{"name":"wp","href":"https:\/\/api.w.org\/{rel}","templated":true}]}}