{"id":5954,"date":"2020-09-07T19:31:50","date_gmt":"2020-09-08T00:31:50","guid":{"rendered":"https:\/\/iselamendez.mx\/farmacia\/producto\/sin%20categor\u00eda\/sun-secure-brume-spf50\/"},"modified":"2026-04-30T11:49:35","modified_gmt":"2026-04-30T17:49:35","slug":"svr-sun-secure-brume-spf50","status":"publish","type":"product","link":"https:\/\/iselamendez.mx\/farmacia\/tienda\/funcion\/tratamiento\/piel-sensible\/svr-sun-secure-brume-spf50\/","title":{"rendered":"SVR Sun Secure Brume SPF50+ 200ml"},"content":{"rendered":"<h4>SVR Sun Secure Brume SPF50+ 200ml<\/h4>\n<h5>Piel hipersensible al sol. Ni\u00f1os a partir de los 3 a\u00f1os. Rostro y cuerpo.<\/h5>\n<p>&nbsp;<\/p>\n<p style=\"text-align: center\">NNOVACI\u00d3N SUN SECURE:\u00a0PROTECCI\u00d3N TRANSPARENTE<\/p>\n<div style=\"text-align: center\">UVB + UVA +\u00a0VISIBLE + INFRARROJO<\/div>\n<div><\/div>\n<h5>\u00bfC\u00f3mo act\u00faa?<\/h5>\n<p>Nos proporciona\u00a0 una protecci\u00f3n muy alta que nos ayuda frente a todo tipo de rayos solares gracias a la nueva combinaci\u00f3n de filtros que y respeta al medio marino Una textura ligera y ultrafina para una aplicaci\u00f3n r\u00e1pida y sencilla. Deja un acabado totalmente invisible e imperceptible al tacto, no grasa, no pegajosa. Su delicado aroma har\u00e1 que quieras replic\u00e1rtelo una y otra vez!\u00a0 Resistente al agua, a la transpiraci\u00f3n, al roce.<\/p>\n<p>Respeta el medio marino. Ha superado las pruebas de biodegradabilidad basadas en el est\u00e1ndar 301F de la OCDE<\/p>\n<p>&nbsp;<\/p>\n<h5>Beneficios:<\/h5>\n<p>Carta de formulaci\u00f3n estricta adaptada a las pieles sensibles al sol. Eficacia probada bajo control dermatol\u00f3gico sin perder una buena sensorialidad en el momento de aplicar:<\/p>\n<p>\u2022\u00a0<strong>Protecci\u00f3n muy alta frente a los rayos UVA y UVB<\/strong> proporcionada por una combinaci\u00f3n de cuatro filtros solares org\u00e1nicos fotoestables que forman una barrera protectora f\u00edsica en la superficie de la piel:<\/p>\n<p>En las formulaciones de SVR evitamos a\u00f1adir filtros que puedan suponer un riesgo para los mecanismos endocrinos, irritantes para la piel, as\u00ed como da\u00f1inos para el ecosistema marino.<\/p>\n<p>&nbsp;<\/p>\n<h5>Modo de uso:<\/h5>\n<p>Aplica tu <a href=\"https:\/\/es.labo-svr.com\/products\/sun-secure-brume-spf50-1\">Sun Secure Brume<\/a> generosamente y uniformemente antes de la exposici\u00f3n al sol. Repite la aplicaci\u00f3n con frecuencia para mantener la protecci\u00f3n, especialmente despu\u00e9s de transpirar en exceso, nadar o secarse con la toalla. Para aplicar en el rostro, primero roc\u00eda producto en las manos para repartirlo uniformemente en el rostro.<strong> Evitar el contacto con los ojos.<\/strong><\/p>\n<p>Y recuerda reciclar una vez terminado el producto:<br \/>\n\u2022 La botella es 100% reciclable.<\/p>\n<div class=\"product__content\">\n<div class=\"product__tab expanded\" data-drawer-container=\"\">\n<div class=\"product__tab-content\" data-drawer-content=\"\">\n<p style=\"text-align: center\">\u00a1Prueba tambi\u00e9n con los diferentes tipos de <a href=\"https:\/\/iselamendez.mx\/farmacia\/categoria-producto\/funcion\/protector-solar\/\">protectores solares<\/a> que manejamos en la tienda!<\/p>\n<p>&nbsp;<\/p>\n<\/div>\n<\/div>\n<\/div>\n","protected":false},"excerpt":{"rendered":"<p>Salud es belleza<\/p>\n","protected":false},"featured_media":15859,"comment_status":"open","ping_status":"closed","template":"","meta":[],"product_brand":[474],"product_cat":[80,113,486,83,79,590,105,32],"product_tag":[368],"class_list":{"0":"post-5954","1":"product","2":"type-product","3":"status-publish","4":"has-post-thumbnail","6":"product_brand-svr","7":"product_cat-cuerpo","8":"product_cat-piel-sensible","9":"product_cat-promociones-2026","10":"product_cat-protector-solar","11":"product_cat-rostro","12":"product_cat-semana-santa","13":"product_cat-spray","14":"product_cat-svr","15":"product_tag-svr","17":"first","18":"instock","19":"shipping-taxable","20":"purchasable","21":"product-type-simple"},"aioseo_notices":[],"_links":{"self":[{"href":"https:\/\/iselamendez.mx\/farmacia\/wp-json\/wp\/v2\/product\/5954","targetHints":{"allow":["GET"]}}],"collection":[{"href":"https:\/\/iselamendez.mx\/farmacia\/wp-json\/wp\/v2\/product"}],"about":[{"href":"https:\/\/iselamendez.mx\/farmacia\/wp-json\/wp\/v2\/types\/product"}],"replies":[{"embeddable":true,"href":"https:\/\/iselamendez.mx\/farmacia\/wp-json\/wp\/v2\/comments?post=5954"}],"wp:featuredmedia":[{"embeddable":true,"href":"https:\/\/iselamendez.mx\/farmacia\/wp-json\/wp\/v2\/media\/15859"}],"wp:attachment":[{"href":"https:\/\/iselamendez.mx\/farmacia\/wp-json\/wp\/v2\/media?parent=5954"}],"wp:term":[{"taxonomy":"product_brand","embeddable":true,"href":"https:\/\/iselamendez.mx\/farmacia\/wp-json\/wp\/v2\/product_brand?post=5954"},{"taxonomy":"product_cat","embeddable":true,"href":"https:\/\/iselamendez.mx\/farmacia\/wp-json\/wp\/v2\/product_cat?post=5954"},{"taxonomy":"product_tag","embeddable":true,"href":"https:\/\/iselamendez.mx\/farmacia\/wp-json\/wp\/v2\/product_tag?post=5954"}],"curies":[{"name":"wp","href":"https:\/\/api.w.org\/{rel}","templated":true}]}}