{"id":5958,"date":"2020-09-07T19:31:50","date_gmt":"2020-09-08T00:31:50","guid":{"rendered":"https:\/\/iselamendez.mx\/farmacia\/producto\/sin%20categor\u00eda\/sun-secure-fluide-spf50\/"},"modified":"2026-04-24T13:41:09","modified_gmt":"2026-04-24T19:41:09","slug":"svr-sun-secure-fluide-spf50","status":"publish","type":"product","link":"https:\/\/iselamendez.mx\/farmacia\/tienda\/tipo-de-producto\/crema-facial-tipo-de-producto\/svr-sun-secure-fluide-spf50\/","title":{"rendered":"SVR Sun Secure Fluide SPF50+50ml"},"content":{"rendered":"<p><a href=\"https:\/\/es.labo-svr.com\/products\/sun-secure-fluide-spf50-1\">SVR Sun Secure Fluide Spf50+ 50 ml<\/a><\/p>\n<h5>Piel hipersensible al sol. Beb\u00e9s, ni\u00f1os y adultos.<\/h5>\n<p>&nbsp;<\/p>\n<div class=\"product__content\">\n<div class=\"product__tab expanded\" data-drawer-container=\"\">\n<div style=\"text-align: center;\"><strong>UVB + UVA +\u00a0VISIBLE + INFRARROJO<\/strong><\/div>\n<p>&nbsp;<\/p>\n<h5>\u00bfC\u00f3mo act\u00faa?<\/h5>\n<p>Nos proporciona una protecci\u00f3n dermatol\u00f3gica muy alta que nos protege frente a todo tipo de rayos solares, gracias a la nueva combinaci\u00f3n de filtros, adem\u00e1s respeta al medio marino<\/p>\n<p>Su textura ligera es especialmente indicada para <strong>pieles normales a mixtas, <\/strong>tiene una textura aterciopelada que se funde en la piel para hidratarla generosa<strong>mente.<\/strong>\u00a0Penetra en la piel al instante, dejando un acabado no graso ni pegajoso.\u00a0Resistente al agua, a la transpiraci\u00f3n, al roce.<\/p>\n<p>Respeta el medio marino. Ha superado las pruebas de biodegradabilidad basadas en el est\u00e1ndar 301F de la OCDE<\/p>\n<p>&nbsp;<\/p>\n<h5>Beneficios:<\/h5>\n<p>\u2022 Piel m\u00e1s hidratada<br \/>\n\u2022 Textura era ligera con una penetraci\u00f3n r\u00e1pida<br \/>\n\u2022 Piel m\u00e1s suave y flexible<br \/>\n\u2022 Reduce la resequedad<\/p>\n<p>&nbsp;<\/p>\n<\/div>\n<\/div>\n<h5>Modo de Uso:<\/h5>\n<p style=\"font-weight: 300;\">Aplica tu <a href=\"https:\/\/es.labo-svr.com\/products\/sun-secure-fluide-spf50-1\">Sun Secure Fluide<\/a> generosamente y uniformemente antes de la exposici\u00f3n al sol. Repite la aplicaci\u00f3n con frecuencia para mantener la protecci\u00f3n, especialmente despu\u00e9s de transpirar en exceso, nadar o secarse con la toalla.<\/p>\n<p style=\"font-weight: 300;\">Y recuerda reciclar una vez terminado el producto:<br \/>\n\u2022 El tubo es 100% reciclable<\/p>\n<p style=\"text-align: center;\">\u00a1Prueba tambi\u00e9n con los diferentes tipos de <a href=\"https:\/\/iselamendez.mx\/farmacia\/categoria-producto\/funcion\/protector-solar\/\">protectores solares<\/a> que manejamos en la tienda!<\/p>\n<p>&nbsp;<\/p>\n","protected":false},"excerpt":{"rendered":"<p>Salud es belleza<\/p>\n","protected":false},"featured_media":60377,"comment_status":"open","ping_status":"closed","template":"","meta":[],"product_brand":[474],"product_cat":[161,486,83,79,590,32],"product_tag":[368],"class_list":{"0":"post-5958","1":"product","2":"type-product","3":"status-publish","4":"has-post-thumbnail","6":"product_brand-svr","7":"product_cat-crema-facial-tipo-de-producto","8":"product_cat-promociones-2026","9":"product_cat-protector-solar","10":"product_cat-rostro","11":"product_cat-semana-santa","12":"product_cat-svr","13":"product_tag-svr","15":"first","16":"instock","17":"shipping-taxable","18":"purchasable","19":"product-type-simple"},"aioseo_notices":[],"_links":{"self":[{"href":"https:\/\/iselamendez.mx\/farmacia\/wp-json\/wp\/v2\/product\/5958","targetHints":{"allow":["GET"]}}],"collection":[{"href":"https:\/\/iselamendez.mx\/farmacia\/wp-json\/wp\/v2\/product"}],"about":[{"href":"https:\/\/iselamendez.mx\/farmacia\/wp-json\/wp\/v2\/types\/product"}],"replies":[{"embeddable":true,"href":"https:\/\/iselamendez.mx\/farmacia\/wp-json\/wp\/v2\/comments?post=5958"}],"wp:featuredmedia":[{"embeddable":true,"href":"https:\/\/iselamendez.mx\/farmacia\/wp-json\/wp\/v2\/media\/60377"}],"wp:attachment":[{"href":"https:\/\/iselamendez.mx\/farmacia\/wp-json\/wp\/v2\/media?parent=5958"}],"wp:term":[{"taxonomy":"product_brand","embeddable":true,"href":"https:\/\/iselamendez.mx\/farmacia\/wp-json\/wp\/v2\/product_brand?post=5958"},{"taxonomy":"product_cat","embeddable":true,"href":"https:\/\/iselamendez.mx\/farmacia\/wp-json\/wp\/v2\/product_cat?post=5958"},{"taxonomy":"product_tag","embeddable":true,"href":"https:\/\/iselamendez.mx\/farmacia\/wp-json\/wp\/v2\/product_tag?post=5958"}],"curies":[{"name":"wp","href":"https:\/\/api.w.org\/{rel}","templated":true}]}}