{"id":59581,"date":"2025-08-08T14:29:04","date_gmt":"2025-08-08T20:29:04","guid":{"rendered":"https:\/\/iselamendez.mx\/farmacia\/?post_type=product&#038;p=59581"},"modified":"2026-04-01T03:24:03","modified_gmt":"2026-04-01T09:24:03","slug":"isdin-fotoprotector-fusion-water-magic-glow-spf30-50ml","status":"publish","type":"product","link":"https:\/\/iselamendez.mx\/farmacia\/tienda\/tipo-de-producto\/crema-facial-tipo-de-producto\/isdin-fotoprotector-fusion-water-magic-glow-spf30-50ml\/","title":{"rendered":"ISDIN Fotoprotector Fusion Water Magic Glow SPF30 50ml"},"content":{"rendered":"<h2><strong>ISDIN Fotoprotector Fusion Water Magic Glow SPF30 50ml<\/strong><\/h2>\n<p>&nbsp;<\/p>\n<p>Protector solar facial de textura ultraligera y fase externa acuosa con efecto glow<\/p>\n<p class=\"sc-ePycix iTbTLQ\" data-testid=\"paragraphElement\">Protege tu rostro con Fusion Water MAGIC GLOW SPF 30, el fotoprotector facial ultraligero de absorci\u00f3n inmediata que se funde con la piel. Prolonga el bronceado natural y aporta luminosidad y efecto glow.<\/p>\n<div class=\"sc-jgqQmc gkqoIr\" aria-hidden=\"true\" data-horizontal=\"false\" data-responsive=\"true\" data-testid=\"spacerElement\"><\/div>\n<div data-testid=\"test-attributes-list\">\n<ul class=\"sc-dMeoHD lnSfBb\" data-testid=\"resourceListElement\">\n<li>\n<div class=\"sc-lcFgVe cFitHz\" role=\"\" data-testid=\"resourceListItemElement\">\n<div class=\"sc-fzCEhR dYZDhG sc-drRqme bIvqmC\" data-testid=\"flexElement\">\n<div class=\"sc-fzCEhR hEdtJS sc-benxkF dlKULa\" data-testid=\"flexElement\">\n<p class=\"sc-ePycix kgxhug sc-PwTig fJrAix\" data-testid=\"paragraphElement\">50 ml<\/p>\n<\/div>\n<\/div>\n<\/div>\n<\/li>\n<li>\n<div class=\"sc-lcFgVe cFitHz\" role=\"\" data-testid=\"resourceListItemElement\">\n<div class=\"sc-fzCEhR dYZDhG sc-drRqme bIvqmC\" data-testid=\"flexElement\">\n<div class=\"sc-fzCEhR hEdtJS sc-benxkF dlKULa\" data-testid=\"flexElement\">\n<p class=\"sc-ePycix kgxhug sc-PwTig fJrAix\" data-testid=\"paragraphElement\">SPF 30<\/p>\n<\/div>\n<\/div>\n<\/div>\n<\/li>\n<li>\n<div class=\"sc-lcFgVe cFitHz\" role=\"\" data-testid=\"resourceListItemElement\">\n<div class=\"sc-fzCEhR dYZDhG sc-drRqme bIvqmC\" data-testid=\"flexElement\">\n<div class=\"sc-fzCEhR hEdtJS sc-benxkF dlKULa\" data-testid=\"flexElement\">\n<p class=\"sc-ePycix kgxhug sc-PwTig fJrAix\" data-testid=\"paragraphElement\">Absorci\u00f3n inmediata, no deja residuo graso, no comedog\u00e9nico, mineral oil free, oil control, testado dermatol\u00f3gicamente, sin color: se adapta a cualquier fototipo, hipoalerg\u00e9nico: formulado para minimizar el riesgo de alergia.<\/p>\n<\/div>\n<\/div>\n<\/div>\n<\/li>\n<li>\n<div class=\"sc-lcFgVe cFitHz\" role=\"\" data-testid=\"resourceListItemElement\">\n<div class=\"sc-fzCEhR dYZDhG sc-drRqme bIvqmC\" data-testid=\"flexElement\">\n<div class=\"sc-fzCEhR hEdtJS sc-benxkF dlKULa\" data-testid=\"flexElement\">\n<p class=\"sc-ePycix kgxhug sc-PwTig fJrAix\" data-testid=\"paragraphElement\">Protecci\u00f3n solar.<\/p>\n<\/div>\n<\/div>\n<\/div>\n<\/li>\n<li>\n<div class=\"sc-lcFgVe cFitHz\" role=\"\" data-testid=\"resourceListItemElement\">\n<div class=\"sc-fzCEhR dYZDhG sc-drRqme bIvqmC\" data-testid=\"flexElement\">\n<div class=\"sc-fzCEhR hEdtJS sc-benxkF dlKULa\" data-testid=\"flexElement\">\n<div class=\"sc-fzCEhR bxYJqV\" data-testid=\"flexElement\">\n<p class=\"sc-ePycix hORZRq\" data-testid=\"paragraphElement\">Golden Glow Active, Natural Tan Booster, vitamina E, pantenol.<\/p>\n<\/div>\n<\/div>\n<\/div>\n<\/div>\n<p data-testid=\"paragraphElement\">\n<\/li>\n<\/ul>\n<\/div>\n<p><strong>BENEFICIOS<\/strong><br \/>\n<strong>Fotoprotectores 5 Star Daily Protection<\/strong><br \/>\nLos fotoprotectores 5 Star Daily Protection de uso diario aportan una alta protecci\u00f3n UV testada en condiciones reales de alta radiaci\u00f3n solar. No irritan los ojos, son oil control y tienen una alta tolerabilidad en todo tipo de piel. Se enmarcan, adem\u00e1s, en el compromiso ISDIN con proyectos para el cuidado de mares y oc\u00e9anos.<\/p>\n<p><strong>Alta protecci\u00f3n con acci\u00f3n antioxidante<\/strong><br \/>\nFusion Water MAGIC GLOW SPF 30 proporciona una alta protecci\u00f3n y acci\u00f3n antioxidante frente a los rayos UVB\/UVA y la luz azul.<\/p>\n<p><strong>Potencia la luminosidad natural de la piel<\/strong><br \/>\nLa f\u00f3rmula de Fusion Water MAGIC GLOW SPF 30 contiene ingredientes que ayudan a incrementar el bronceado y la luminosidad natural de la piel, proporcionando efecto glow y buena cara.<\/p>\n","protected":false},"excerpt":{"rendered":"<p>ISDIN Fotoprotector Fusion Water Magic Glow SPF30 50ml &nbsp; Protector solar facial de textura ultraligera y fase externa acuosa con efecto glow Protege tu rostro con Fusion Water MAGIC GLOW SPF 30, el fotoprotector facial ultraligero de absorci\u00f3n inmediata que [&hellip;]<\/p>\n","protected":false},"featured_media":61083,"comment_status":"open","ping_status":"closed","template":"","meta":[],"product_brand":[436],"product_cat":[203,161,519,45,83,79,590],"product_tag":[],"class_list":{"0":"post-59581","1":"product","2":"type-product","3":"status-publish","4":"has-post-thumbnail","6":"product_brand-isdin","7":"product_cat-antioxidante","8":"product_cat-crema-facial-tipo-de-producto","9":"product_cat-invierno","10":"product_cat-isdin","11":"product_cat-protector-solar","12":"product_cat-rostro","13":"product_cat-semana-santa","15":"first","16":"instock","17":"shipping-taxable","18":"purchasable","19":"product-type-simple"},"aioseo_notices":[],"_links":{"self":[{"href":"https:\/\/iselamendez.mx\/farmacia\/wp-json\/wp\/v2\/product\/59581","targetHints":{"allow":["GET"]}}],"collection":[{"href":"https:\/\/iselamendez.mx\/farmacia\/wp-json\/wp\/v2\/product"}],"about":[{"href":"https:\/\/iselamendez.mx\/farmacia\/wp-json\/wp\/v2\/types\/product"}],"replies":[{"embeddable":true,"href":"https:\/\/iselamendez.mx\/farmacia\/wp-json\/wp\/v2\/comments?post=59581"}],"wp:featuredmedia":[{"embeddable":true,"href":"https:\/\/iselamendez.mx\/farmacia\/wp-json\/wp\/v2\/media\/61083"}],"wp:attachment":[{"href":"https:\/\/iselamendez.mx\/farmacia\/wp-json\/wp\/v2\/media?parent=59581"}],"wp:term":[{"taxonomy":"product_brand","embeddable":true,"href":"https:\/\/iselamendez.mx\/farmacia\/wp-json\/wp\/v2\/product_brand?post=59581"},{"taxonomy":"product_cat","embeddable":true,"href":"https:\/\/iselamendez.mx\/farmacia\/wp-json\/wp\/v2\/product_cat?post=59581"},{"taxonomy":"product_tag","embeddable":true,"href":"https:\/\/iselamendez.mx\/farmacia\/wp-json\/wp\/v2\/product_tag?post=59581"}],"curies":[{"name":"wp","href":"https:\/\/api.w.org\/{rel}","templated":true}]}}