{"id":5962,"date":"2020-09-07T19:31:50","date_gmt":"2020-09-08T00:31:50","guid":{"rendered":"https:\/\/iselamendez.mx\/farmacia\/producto\/sin%20categor\u00eda\/topialyse-baume-lavant\/"},"modified":"2026-04-23T00:00:48","modified_gmt":"2026-04-23T06:00:48","slug":"svr-topialyse-baume-lavant-400ml","status":"publish","type":"product","link":"https:\/\/iselamendez.mx\/farmacia\/tienda\/funcion\/tratamiento\/piel-sensible\/svr-topialyse-baume-lavant-400ml\/","title":{"rendered":"SVR Topialyse Baume Lavant 400ml"},"content":{"rendered":"<p><a href=\"https:\/\/es.labo-svr.com\/products\/topialyse-baume-lavant\">SVR Topialyse Baume Lavant 400ml <\/a><\/p>\n<h5>B\u00e1lsamo limpiador que alivia la sequedad y el picor severo &#8211; pieles muy secas a at\u00f3picas.<\/h5>\n<p>&nbsp;<\/p>\n<h5>\u00bfC\u00f3mo act\u00faa?<\/h5>\n<p>Para pieles muy secas con tendencia at\u00f3pica. Desde el nacimiento. Cuerpo, rostro, higiene \u00edntima. No pica los ojos.<\/p>\n<p>B\u00e1lsamo limpiador sin perfume ni sulfatos para pieles muy secas con tendencia at\u00f3pica.<\/p>\n<p>Alivia la sensaci\u00f3n de picor. Al ser redipilizante restaura la funci\u00f3n barrera de la piel. Su textura bals\u00e1mica cremosa y rica proporciona verdaderos momentos de suavidad a estas pieles fr\u00e1giles.\u00a0 Al salir de la ba\u00f1era\/ducha, la piel se siente m\u00e1s c\u00f3moda.<\/p>\n<ul>\n<li>Mantiene la hidrataci\u00f3n durante 24 h<\/li>\n<li>Excelente\u00a0en pieles muy secas con tendencia at\u00f3pica<\/li>\n<li>Efecto anti-picor 24 h<\/li>\n<li>Calma inmediatamente y proporciona un confort duradero<\/li>\n<\/ul>\n<p>&nbsp;<\/p>\n<p>La barrera cut\u00e1nea de las pieles secas se ve alterada. Utilizar el b\u00e1lsamo limpiador adecuado es esencial y constituye el primer paso del tratamiento, presenta una f\u00f3rmula superconcentrada en principios activos dermatol\u00f3gicos y de muy alta tolerancia. Contiene:<\/p>\n<ul>\n<li>Aceite de algod\u00f3n, Aceite de coco: fuentes de omega 3, 6 y 9: relipidantes y preservan la barrera cut\u00e1nea. Hidrataci\u00f3n 24 h**.<\/li>\n<li>\u00a0Niacinamida: calma las irritaciones.<\/li>\n<li>Az\u00facar prebi\u00f3tico: reequilibra la flora cut\u00e1nea.<\/li>\n<\/ul>\n<p><strong>Probado en pieles sensibles bajo control dermatol\u00f3gico, pedi\u00e1trico, oftalmol\u00f3gico y ginecol\u00f3gico. Hipoalerg\u00e9nico.<\/strong><\/p>\n<h5><\/h5>\n<h5>Modo de Uso:<\/h5>\n<p>Aplica tu <a href=\"https:\/\/es.labo-svr.com\/products\/topialyse-baume-lavant\">Baume Lavant<\/a> sobre la piel h\u00fameda, hacer espuma, aclarar y secar suavemente sin frotar. <strong>Uso diario.<\/strong><\/p>\n<p>Cuerpo, rostro, higiene \u00edntima.<\/p>\n<p>Apto para el cuerpo del beb\u00e9, no pica los ojos.<\/p>\n<p>Te recomendamos nuestros productos para pieles sensibles de\u00a0<a href=\"https:\/\/iselamendez.mx\/farmacia\/?s=topialys\">SVR Topialyse<\/a> que dar\u00e1 a tu piel sus beneficios sin irritaci\u00f3n.<\/p>\n<p>&nbsp;<\/p>\n<p>Tienda en l\u00ednea <a href=\"https:\/\/iselamendez.mx\/\">Isela M\u00e9ndez<\/a> tenemos los mejores productos de <strong>SVR<\/strong> consulta algunos de nuestros dermat\u00f3logos para una mejor autoevaluaci\u00f3n.<\/p>\n<p>&nbsp;<\/p>\n<p>&nbsp;<\/p>\n","protected":false},"excerpt":{"rendered":"<p>Salud es belleza<\/p>\n<h5><\/h5>\n","protected":false},"featured_media":17622,"comment_status":"open","ping_status":"closed","template":"","meta":[],"product_brand":[474],"product_cat":[80,165,114,291,113,486,79,32],"product_tag":[368],"class_list":{"0":"post-5962","1":"product","2":"type-product","3":"status-publish","4":"has-post-thumbnail","6":"product_brand-svr","7":"product_cat-cuerpo","8":"product_cat-gel-de-ducha-tipo-de-producto","9":"product_cat-limpieza","10":"product_cat-limpieza-facial","11":"product_cat-piel-sensible","12":"product_cat-promociones-2026","13":"product_cat-rostro","14":"product_cat-svr","15":"product_tag-svr","17":"first","18":"instock","19":"shipping-taxable","20":"purchasable","21":"product-type-simple"},"aioseo_notices":[],"_links":{"self":[{"href":"https:\/\/iselamendez.mx\/farmacia\/wp-json\/wp\/v2\/product\/5962","targetHints":{"allow":["GET"]}}],"collection":[{"href":"https:\/\/iselamendez.mx\/farmacia\/wp-json\/wp\/v2\/product"}],"about":[{"href":"https:\/\/iselamendez.mx\/farmacia\/wp-json\/wp\/v2\/types\/product"}],"replies":[{"embeddable":true,"href":"https:\/\/iselamendez.mx\/farmacia\/wp-json\/wp\/v2\/comments?post=5962"}],"wp:featuredmedia":[{"embeddable":true,"href":"https:\/\/iselamendez.mx\/farmacia\/wp-json\/wp\/v2\/media\/17622"}],"wp:attachment":[{"href":"https:\/\/iselamendez.mx\/farmacia\/wp-json\/wp\/v2\/media?parent=5962"}],"wp:term":[{"taxonomy":"product_brand","embeddable":true,"href":"https:\/\/iselamendez.mx\/farmacia\/wp-json\/wp\/v2\/product_brand?post=5962"},{"taxonomy":"product_cat","embeddable":true,"href":"https:\/\/iselamendez.mx\/farmacia\/wp-json\/wp\/v2\/product_cat?post=5962"},{"taxonomy":"product_tag","embeddable":true,"href":"https:\/\/iselamendez.mx\/farmacia\/wp-json\/wp\/v2\/product_tag?post=5962"}],"curies":[{"name":"wp","href":"https:\/\/api.w.org\/{rel}","templated":true}]}}