{"id":5971,"date":"2020-09-07T19:31:53","date_gmt":"2020-09-08T00:31:53","guid":{"rendered":"https:\/\/iselamendez.mx\/farmacia\/producto\/sin%20categor\u00eda\/topialyse-levres\/"},"modified":"2026-04-23T00:00:49","modified_gmt":"2026-04-23T06:00:49","slug":"svr-topialyse-levres-balsamo","status":"publish","type":"product","link":"https:\/\/iselamendez.mx\/farmacia\/tienda\/funcion\/tratamiento\/piel-sensible\/svr-topialyse-levres-balsamo\/","title":{"rendered":"SVR Topialyse Levres Balsamo 4g"},"content":{"rendered":"<h5>SVR Topialyse Levres Balsamo 4g<\/h5>\n<h5>B\u00e1lsamo dise\u00f1ado especialmente para proteger la piel con tendencia a irritarse<\/h5>\n<p>&nbsp;<\/p>\n<p>Este b\u00e1lsamo es un tratamiento de doble acci\u00f3n que nutre y repara los labios sensibles, agrietados, da\u00f1ados y resquebrajados. As\u00ed es que la su f\u00f3rmula, enriquecida con omega 3, 6 y 9 protege de forma duradera los labios de las agresiones externas y los mantiene hidratados durante 8 horas con una Textura invisible y no pegajosa.<\/p>\n<h5><\/h5>\n<h5>\u00bfC\u00f3mo act\u00faa?<strong><br \/>\n<\/strong><\/h5>\n<p>Alivia los labios da\u00f1ados, los deja suaves y nutridos.<\/p>\n<p>Tiene una f\u00f3rmula super concentrada en principios activos dermatol\u00f3gicos y de muy alta tolerancia: Contiene Omega 3, 6 y 9: reestructuran y restauran la barrera cut\u00e1nea. As\u00ed mismo cera de abejas mas aceite de jojoba que nutre intensamente. por ultimo el Derivado de la vitamina E con su acci\u00f3n antioxidante.<\/p>\n<p>&nbsp;<\/p>\n<p><strong>Consejos:<\/strong> Los labios, boca y ojos secos son el principal signo de que sufres de deshidrataci\u00f3n. Para evitar este problema puedes beber entre 12 a 8 vasos con agua diarios, la deshidrataci\u00f3n altera el equilibrio natural de los minerales en tu cuerpo provocando estragos en tu piel.<\/p>\n<p>&nbsp;<\/p>\n<h5>Modo de Uso:<\/h5>\n<p>Aplicar tu <strong>Topialyse Levres<\/strong> las veces que sientas necesario en el transcurso del d\u00eda.\u00a0 Para un cuidado completo te recomendamos nuestra crema <a href=\"https:\/\/iselamendez.mx\/farmacia\/tienda\/marcas\/svr\/topialyse-creme-emolliente-creme-2\/\">Topialyse<\/a> para cuerpo y rostro.<\/p>\n<p>Tienda en l\u00ednea <a href=\"https:\/\/iselamendez.mx\/\">Isela M\u00e9ndez<\/a> tenemos los mejores productos de <strong>SVR<\/strong> consulta algunos de nuestros dermat\u00f3logos para una mejor autoevaluaci\u00f3n.<\/p>\n<p>&nbsp;<\/p>\n","protected":false},"excerpt":{"rendered":"<p>Salud es belleza<\/p>\n","protected":false},"featured_media":63518,"comment_status":"open","ping_status":"closed","template":"","meta":[],"product_brand":[474],"product_cat":[97,519,137,113,486,32],"product_tag":[368],"class_list":{"0":"post-5971","1":"product","2":"type-product","3":"status-publish","4":"has-post-thumbnail","6":"product_brand-svr","7":"product_cat-balsamo-de-labios","8":"product_cat-invierno","9":"product_cat-labios","10":"product_cat-piel-sensible","11":"product_cat-promociones-2026","12":"product_cat-svr","13":"product_tag-svr","15":"first","16":"instock","17":"shipping-taxable","18":"purchasable","19":"product-type-simple"},"aioseo_notices":[],"_links":{"self":[{"href":"https:\/\/iselamendez.mx\/farmacia\/wp-json\/wp\/v2\/product\/5971","targetHints":{"allow":["GET"]}}],"collection":[{"href":"https:\/\/iselamendez.mx\/farmacia\/wp-json\/wp\/v2\/product"}],"about":[{"href":"https:\/\/iselamendez.mx\/farmacia\/wp-json\/wp\/v2\/types\/product"}],"replies":[{"embeddable":true,"href":"https:\/\/iselamendez.mx\/farmacia\/wp-json\/wp\/v2\/comments?post=5971"}],"wp:featuredmedia":[{"embeddable":true,"href":"https:\/\/iselamendez.mx\/farmacia\/wp-json\/wp\/v2\/media\/63518"}],"wp:attachment":[{"href":"https:\/\/iselamendez.mx\/farmacia\/wp-json\/wp\/v2\/media?parent=5971"}],"wp:term":[{"taxonomy":"product_brand","embeddable":true,"href":"https:\/\/iselamendez.mx\/farmacia\/wp-json\/wp\/v2\/product_brand?post=5971"},{"taxonomy":"product_cat","embeddable":true,"href":"https:\/\/iselamendez.mx\/farmacia\/wp-json\/wp\/v2\/product_cat?post=5971"},{"taxonomy":"product_tag","embeddable":true,"href":"https:\/\/iselamendez.mx\/farmacia\/wp-json\/wp\/v2\/product_tag?post=5971"}],"curies":[{"name":"wp","href":"https:\/\/api.w.org\/{rel}","templated":true}]}}