{"id":5979,"date":"2020-09-07T19:31:53","date_gmt":"2020-09-08T00:31:53","guid":{"rendered":"https:\/\/iselamendez.mx\/farmacia\/producto\/sin%20categor\u00eda\/xerial-30-creme-pieds\/"},"modified":"2026-04-15T10:38:09","modified_gmt":"2026-04-15T16:38:09","slug":"svr-xerial-30-creme-pieds","status":"publish","type":"product","link":"https:\/\/iselamendez.mx\/farmacia\/tienda\/zona-del-cuerpo\/pies\/svr-xerial-30-creme-pieds\/","title":{"rendered":"SVR Xerial 30 Creme Pieds 50ml"},"content":{"rendered":"<p><a href=\"https:\/\/es.labo-svr.com\/products\/xerial-30-creme-pieds\">SVR Serial 30 Creme Pieds 50ml<\/a><\/p>\n<h5>Nutri-reparadora hidratante 24 h prevenci\u00f3n de las callosidades<\/h5>\n<p>&nbsp;<\/p>\n<h5>\u00bfC\u00f3mo act\u00faa?<\/h5>\n<p>Para pies secos y da\u00f1ados.<\/p>\n<p>Tiene tecnolog\u00eda Urea Pura que previene la aparici\u00f3n de callosidades a la vez que nutre y suaviza la piel de los pies muy secos y da\u00f1ados.<\/p>\n<p>favorece la descamaci\u00f3n natural de la epidermis, realizando una exfoliaci\u00f3n hidratante. La actuaci\u00f3n beneficiosa mejora la llamada funci\u00f3n barrera porque act\u00faa en los queratinocitos, estimulando la s\u00edntesis de prote\u00ednas estructurales. Tambi\u00e9n; activa el sistema inmune de la piel, estimulando la producci\u00f3n de p\u00e9ptidos antimicrobianos. Por ultimo mejora la flexibilidad, porque se extiende m\u00e1s all\u00e1 de la epidermis y llega a los fibroblastos, estimulando la s\u00edntesis del col\u00e1geno en la dermis.<\/p>\n<p>&nbsp;<\/p>\n<h5>Modo de uso:<\/h5>\n<p>Aplica tu <a href=\"https:\/\/es.labo-svr.com\/products\/xerial-30-creme-pieds\">\u00a0Creme Pieds<\/a> sobre la piel limpia en la zona de los pies sin retirarla. Se recomienda una exfoliaci\u00f3n total de la piel para mejorar su suavidad. prueba con <a href=\"https:\/\/iselamendez.mx\/farmacia\/tienda\/marcas\/filorga\/scrub-peel-150-ml\/\">Scrub Peel<\/a>.<\/p>\n<p>Tienda en l\u00ednea <a href=\"https:\/\/iselamendez.mx\/\">Isela M\u00e9ndez<\/a> tenemos los mejores productos de <strong>SVR<\/strong> consulta algunos de nuestros dermat\u00f3logos para una mejor autoevaluaci\u00f3n.<\/p>\n<p>&nbsp;<\/p>\n","protected":false},"excerpt":{"rendered":"<p>Salud es belleza<\/p>\n","protected":false},"featured_media":60391,"comment_status":"open","ping_status":"closed","template":"","meta":[],"product_brand":[474],"product_cat":[204,111,486,32],"product_tag":[368],"class_list":{"0":"post-5979","1":"product","2":"type-product","3":"status-publish","4":"has-post-thumbnail","6":"product_brand-svr","7":"product_cat-crema-de-pies","8":"product_cat-pies","9":"product_cat-promociones-2026","10":"product_cat-svr","11":"product_tag-svr","13":"first","14":"instock","15":"shipping-taxable","16":"purchasable","17":"product-type-simple"},"aioseo_notices":[],"_links":{"self":[{"href":"https:\/\/iselamendez.mx\/farmacia\/wp-json\/wp\/v2\/product\/5979","targetHints":{"allow":["GET"]}}],"collection":[{"href":"https:\/\/iselamendez.mx\/farmacia\/wp-json\/wp\/v2\/product"}],"about":[{"href":"https:\/\/iselamendez.mx\/farmacia\/wp-json\/wp\/v2\/types\/product"}],"replies":[{"embeddable":true,"href":"https:\/\/iselamendez.mx\/farmacia\/wp-json\/wp\/v2\/comments?post=5979"}],"wp:featuredmedia":[{"embeddable":true,"href":"https:\/\/iselamendez.mx\/farmacia\/wp-json\/wp\/v2\/media\/60391"}],"wp:attachment":[{"href":"https:\/\/iselamendez.mx\/farmacia\/wp-json\/wp\/v2\/media?parent=5979"}],"wp:term":[{"taxonomy":"product_brand","embeddable":true,"href":"https:\/\/iselamendez.mx\/farmacia\/wp-json\/wp\/v2\/product_brand?post=5979"},{"taxonomy":"product_cat","embeddable":true,"href":"https:\/\/iselamendez.mx\/farmacia\/wp-json\/wp\/v2\/product_cat?post=5979"},{"taxonomy":"product_tag","embeddable":true,"href":"https:\/\/iselamendez.mx\/farmacia\/wp-json\/wp\/v2\/product_tag?post=5979"}],"curies":[{"name":"wp","href":"https:\/\/api.w.org\/{rel}","templated":true}]}}