{"id":60034,"date":"2025-08-16T13:30:25","date_gmt":"2025-08-16T19:30:25","guid":{"rendered":"https:\/\/iselamendez.mx\/farmacia\/?post_type=product&#038;p=60034"},"modified":"2026-04-13T10:32:01","modified_gmt":"2026-04-13T16:32:01","slug":"svr-sun-secure-mousse-autobronzante-tan-150ml","status":"publish","type":"product","link":"https:\/\/iselamendez.mx\/farmacia\/tienda\/funcion\/tratamiento\/bronceado\/svr-sun-secure-mousse-autobronzante-tan-150ml\/","title":{"rendered":"SVR Sun Secure Mousse Autobronzante Tan 150ml"},"content":{"rendered":"<p>Una bonita tez bronceada todo el a\u00f1o para todas las pieles sensibles que no pueden o no quieren exponerse al sol: SUN SECURE Mousse Autobronzante y su textura a\u00e9rea proporcionan un bronceado natural y gradual, visible desde la primera aplicaci\u00f3n y de r\u00e1pida absorci\u00f3n, que deja la piel suave, agradable e hidratada de forma duradera.<\/p>\n<p>&nbsp;<\/p>\n<p><strong>FORMULADO PARA<\/strong><br \/>\nTodas las pieles sensibles. Cara y cuerpo.<br \/>\nDermatol\u00f3gicamente probado, sin comprometer su uso placentero.<\/p>\n<p><strong>ADOLESCENTES, ADULTOS<\/strong><br \/>\nAdecuado para mujeres embarazadas y en periodo de lactancia.<\/p>\n<p><strong>DISRUPTORES ENDOCRINOS PROBADOS<\/strong><br \/>\nProbado en mecanismos endocrinos estrog\u00e9nicos, androg\u00e9nicos y tiroideos. Pruebas realizadas por un laboratorio independiente con experiencia en trastornos endocrinos.<\/p>\n<div class=\"has-more cursor-pointer accordions__item-title__wrapper accordion-shared-12 is-expanded\" data-check-class=\"\" data-uniq=\"86\" data-toggle-target=\"#a-86&amp;this\" data-toggle-classname=\"is-expanded\" data-remove-target=\".accordion-shared-12:not([data-uniq='86'])\" data-remove-classname=\"is-expanded\">\n<div class=\"accordions__item-title\">\n<div class=\"prose-responsive max-w-full prose-prevent-my\">\n<h5>CONSEJOS DE USO<\/h5>\n<\/div>\n<\/div>\n<div class=\"accordions__item-title-icon__wrapper\"><\/div>\n<\/div>\n<div id=\"a-86\" class=\"content accordion-shared-12 is-expanded\" data-check-class=\"\" data-uniq=\"86\">\n<div class=\"accordions__item-content\">\n<div class=\"pt-4 [&amp;_*]:lg:text-[18px] text-alternative-base\">\n<div class=\"prose-responsive max-w-full \">\n<p><strong>APLICAR UNIFORMEMENTE<\/strong>.<br \/>\nAplicar sobre la piel limpia y seca del rostro y el cuerpo todos los d\u00edas hasta conseguir el bronceado deseado y, a continuaci\u00f3n, 2-3 veces por semana para el mantenimiento. Lavar bien las manos despu\u00e9s de cada aplicaci\u00f3n.<br \/>\nEvita el contacto con los ojos.<\/p>\n<p><strong>RESULTADO \u00d3PTIMO<\/strong>.<br \/>\nExfoliar cuidadosamente la piel 24 horas antes de aplicar SUN SECURE Mousse Autobronzante.<\/p>\n<p><strong>NO PROTEGE DEL SOL<\/strong><br \/>\nSi te expones al sol, apl\u00edcate una protecci\u00f3n solar adecuada.<\/p>\n<p><strong>RESULTADOS<\/strong><\/p>\n<ul>\n<li>F\u00e1cil de usar en un 90 %<\/li>\n<li>Efecto bronceador visible desde la primera aplicaci\u00f3n en un 81 %<\/li>\n<li>Efecto bronceado, natural y gradual en un 81 %<\/li>\n<li>El 81 % encuentra el producto adecuado para su tono de pie<\/li>\n<li>78 % de mayor hidrataci\u00f3n 8 horas despu\u00e9s de la aplicaci\u00f3n<\/li>\n<\/ul>\n<p><strong>INGREDIENTES<\/strong><\/p>\n<p><strong>DHA<\/strong><br \/>\nDe origen natural, proporciona un bronceado natural, gradual y uniforme para una tez luminosa y un brillo saludable.<\/p>\n<p><strong>ACUAPORINAS<\/strong><br \/>\nNaturalmente presentes en el organismo, refuerzan la hidrataci\u00f3n y mejoran la capacidad hidratante de la glicerina.<\/p>\n<p><strong>EXTRACTO DE BERRO Y VITAMINA E<\/strong><br \/>\nAct\u00faa como un escudo para proteger las c\u00e9lulas de la piel de los radicales libres.<\/p>\n<\/div>\n<\/div>\n<\/div>\n<\/div>\n","protected":false},"excerpt":{"rendered":"<p>Una bonita tez bronceada todo el a\u00f1o para todas las pieles sensibles que no pueden o no quieren exponerse al sol: SUN SECURE Mousse Autobronzante y su textura a\u00e9rea proporcionan un bronceado natural y gradual, visible desde la primera aplicaci\u00f3n [&hellip;]<\/p>\n","protected":false},"featured_media":61053,"comment_status":"open","ping_status":"closed","template":"","meta":[],"product_brand":[474],"product_cat":[488,80,157,519,487,486,79,32],"product_tag":[],"class_list":{"0":"post-60034","1":"product","2":"type-product","3":"status-publish","4":"has-post-thumbnail","6":"product_brand-svr","7":"product_cat-bronceado","8":"product_cat-cuerpo","9":"product_cat-hidratacion","10":"product_cat-invierno","11":"product_cat-mousse","12":"product_cat-promociones-2026","13":"product_cat-rostro","14":"product_cat-svr","16":"first","17":"instock","18":"shipping-taxable","19":"purchasable","20":"product-type-simple"},"aioseo_notices":[],"_links":{"self":[{"href":"https:\/\/iselamendez.mx\/farmacia\/wp-json\/wp\/v2\/product\/60034","targetHints":{"allow":["GET"]}}],"collection":[{"href":"https:\/\/iselamendez.mx\/farmacia\/wp-json\/wp\/v2\/product"}],"about":[{"href":"https:\/\/iselamendez.mx\/farmacia\/wp-json\/wp\/v2\/types\/product"}],"replies":[{"embeddable":true,"href":"https:\/\/iselamendez.mx\/farmacia\/wp-json\/wp\/v2\/comments?post=60034"}],"wp:featuredmedia":[{"embeddable":true,"href":"https:\/\/iselamendez.mx\/farmacia\/wp-json\/wp\/v2\/media\/61053"}],"wp:attachment":[{"href":"https:\/\/iselamendez.mx\/farmacia\/wp-json\/wp\/v2\/media?parent=60034"}],"wp:term":[{"taxonomy":"product_brand","embeddable":true,"href":"https:\/\/iselamendez.mx\/farmacia\/wp-json\/wp\/v2\/product_brand?post=60034"},{"taxonomy":"product_cat","embeddable":true,"href":"https:\/\/iselamendez.mx\/farmacia\/wp-json\/wp\/v2\/product_cat?post=60034"},{"taxonomy":"product_tag","embeddable":true,"href":"https:\/\/iselamendez.mx\/farmacia\/wp-json\/wp\/v2\/product_tag?post=60034"}],"curies":[{"name":"wp","href":"https:\/\/api.w.org\/{rel}","templated":true}]}}