{"id":60744,"date":"2025-08-27T12:24:46","date_gmt":"2025-08-27T18:24:46","guid":{"rendered":"https:\/\/iselamendez.mx\/farmacia\/?post_type=product&#038;p=60744"},"modified":"2026-04-15T10:42:57","modified_gmt":"2026-04-15T16:42:57","slug":"life-extension-nad-cell-regenerator-300mg-30-capsulas","status":"publish","type":"product","link":"https:\/\/iselamendez.mx\/farmacia\/tienda\/funcion\/tratamiento\/suplementos-alimenticios\/life-extension-nad-cell-regenerator-300mg-30-capsulas\/","title":{"rendered":"LIFE Extension NAD+ Cell Regenerator 300mg 30 c\u00e1psulas"},"content":{"rendered":"<h2><strong>LIFE Extension NAD+ Cell Regenerator 300mg 30 c\u00e1psulas<\/strong><\/h2>\n<p>El NAD+ es una coenzima celular presente en todas las c\u00e9lulas de nuestro cuerpo. El NAD+ es necesario para la creaci\u00f3n de trifosfato de adenosina (ATP), el compuesto que el cuerpo utiliza como combustible. NAD+ Cell Regenerator\u2122 ayuda a mantener niveles saludables de NAD+ con 300 mg de NIAGEN\u00ae, la primera forma comercialmente disponible de rib\u00f3sido de nicotinamida, para combatir la fatiga general a nivel celular.<\/p>\n<p>NIAGEN\u00ae ayuda a estimular la producci\u00f3n corporal de dinucle\u00f3tido de nicotinamida y adenina (o NAD+).<br \/>\nBeneficios de NAD+ Cell Regenerator\u2122<br \/>\nContiene una forma cl\u00ednicamente estudiada de rib\u00f3sido de nicotinamida para favorecer la energ\u00eda.<br \/>\nContribuye a mantener niveles saludables de la coenzima NAD+.<br \/>\nEl NAD+ se utiliza para la producci\u00f3n de energ\u00eda celular.<\/p>\n","protected":false},"excerpt":{"rendered":"<p>LIFE Extension NAD+ Cell Regenerator 300mg 30 c\u00e1psulas El NAD+ es una coenzima celular presente en todas las c\u00e9lulas de nuestro cuerpo. El NAD+ es necesario para la creaci\u00f3n de trifosfato de adenosina (ATP), el compuesto que el cuerpo utiliza [&hellip;]<\/p>\n","protected":false},"featured_media":61097,"comment_status":"open","ping_status":"closed","template":"","meta":[],"product_brand":[442],"product_cat":[128,217,158,135],"product_tag":[],"class_list":{"0":"post-60744","1":"product","2":"type-product","3":"status-publish","4":"has-post-thumbnail","6":"product_brand-life-extension","7":"product_cat-capsulas","8":"product_cat-life-extension","9":"product_cat-suplementos-alimenticios","10":"product_cat-via-oral","12":"first","13":"outofstock","14":"shipping-taxable","15":"purchasable","16":"product-type-simple"},"aioseo_notices":[],"_links":{"self":[{"href":"https:\/\/iselamendez.mx\/farmacia\/wp-json\/wp\/v2\/product\/60744","targetHints":{"allow":["GET"]}}],"collection":[{"href":"https:\/\/iselamendez.mx\/farmacia\/wp-json\/wp\/v2\/product"}],"about":[{"href":"https:\/\/iselamendez.mx\/farmacia\/wp-json\/wp\/v2\/types\/product"}],"replies":[{"embeddable":true,"href":"https:\/\/iselamendez.mx\/farmacia\/wp-json\/wp\/v2\/comments?post=60744"}],"wp:featuredmedia":[{"embeddable":true,"href":"https:\/\/iselamendez.mx\/farmacia\/wp-json\/wp\/v2\/media\/61097"}],"wp:attachment":[{"href":"https:\/\/iselamendez.mx\/farmacia\/wp-json\/wp\/v2\/media?parent=60744"}],"wp:term":[{"taxonomy":"product_brand","embeddable":true,"href":"https:\/\/iselamendez.mx\/farmacia\/wp-json\/wp\/v2\/product_brand?post=60744"},{"taxonomy":"product_cat","embeddable":true,"href":"https:\/\/iselamendez.mx\/farmacia\/wp-json\/wp\/v2\/product_cat?post=60744"},{"taxonomy":"product_tag","embeddable":true,"href":"https:\/\/iselamendez.mx\/farmacia\/wp-json\/wp\/v2\/product_tag?post=60744"}],"curies":[{"name":"wp","href":"https:\/\/api.w.org\/{rel}","templated":true}]}}