{"id":61680,"date":"2025-09-09T17:45:16","date_gmt":"2025-09-09T23:45:16","guid":{"rendered":"https:\/\/iselamendez.mx\/farmacia\/?post_type=product&#038;p=61680"},"modified":"2026-04-21T23:06:19","modified_gmt":"2026-04-22T05:06:19","slug":"filorga-ncef-revitalize-eyes-15ml","status":"publish","type":"product","link":"https:\/\/iselamendez.mx\/farmacia\/tienda\/funcion\/tratamiento\/efecto-lifting\/filorga-ncef-revitalize-eyes-15ml\/","title":{"rendered":"Filorga NCEF Revitalize Eyes 15mL"},"content":{"rendered":"<h2 data-start=\"240\" data-end=\"271\">Detalles y Especificaciones<\/h2>\n<h3 data-start=\"273\" data-end=\"297\">1. Qu\u00e9 es y qu\u00e9 hace<\/h3>\n<ul data-start=\"298\" data-end=\"1031\">\n<li data-start=\"298\" data-end=\"493\">\n<p data-start=\"300\" data-end=\"493\">Es una crema-s\u00e9rum para el contorno de ojos con acci\u00f3n <strong data-start=\"355\" data-end=\"374\">multicorrectora<\/strong>: combate arrugas, flacidez, falta de luminosidad, ojeras y bolsas bajo los ojos<\/p>\n<\/li>\n<li data-start=\"494\" data-end=\"773\">\n<p data-start=\"496\" data-end=\"773\">Inspirada en <strong data-start=\"509\" data-end=\"529\">meso-inyecciones<\/strong>, utiliza el complejo <strong data-start=\"551\" data-end=\"559\">NCEF<\/strong>, un coctel de 50 ingredientes (amino\u00e1cidos, vitaminas, coenzimas, minerales y antioxidantes) formulado a concentraciones similares a las de tratamientos est\u00e9ticos inyectables<\/p>\n<\/li>\n<li data-start=\"774\" data-end=\"1031\">\n<p data-start=\"776\" data-end=\"1031\">Adem\u00e1s del NCEF, contiene cinco activos clave: <strong data-start=\"823\" data-end=\"844\">\u00e1cido hialur\u00f3nico<\/strong>, <strong data-start=\"846\" data-end=\"858\">col\u00e1geno<\/strong>, <strong data-start=\"860\" data-end=\"874\">vitamina\u202fC<\/strong>, <strong data-start=\"876\" data-end=\"886\">escina<\/strong> y <strong data-start=\"889\" data-end=\"900\">cafe\u00edna<\/strong>, los cuales son entregados profundamente en la piel gracias a la tecnolog\u00eda <em data-start=\"977\" data-end=\"992\">Genius\u2011Vector<\/em><\/p>\n<\/li>\n<\/ul>\n<h3 data-start=\"1033\" data-end=\"1071\">2. Textura y experiencia sensorial<\/h3>\n<ul data-start=\"1072\" data-end=\"1244\">\n<li data-start=\"1072\" data-end=\"1244\">\n<p data-start=\"1074\" data-end=\"1244\">Tiene una textura fresca, crema-gel, sedosa y aterciopelada que se absorbe r\u00e1pidamente y proporciona un efecto iluminador inmediato<\/p>\n<\/li>\n<\/ul>\n<h3 data-start=\"1246\" data-end=\"1272\">3. Resultados cl\u00ednicos<\/h3>\n<ul data-start=\"1273\" data-end=\"1748\">\n<li data-start=\"1273\" data-end=\"1531\">\n<p data-start=\"1275\" data-end=\"1531\">Evaluaciones de usuarias muestran mejoras visibles tras <strong data-start=\"1331\" data-end=\"1341\">7 d\u00edas<\/strong> y resultados m\u00e1s notorios a los <strong data-start=\"1374\" data-end=\"1385\">28 d\u00edas<\/strong> de uso \u2014con un 82\u202f% observando una mejor calidad de piel, un 71\u202f% notando arrugas alisadas y mayor firmeza<\/p>\n<\/li>\n<li data-start=\"1532\" data-end=\"1748\">\n<p data-start=\"1534\" data-end=\"1748\">Otro an\u00e1lisis reporta mejoras num\u00e9ricas: firmeza y calidad de la piel +82\u202f%, arrugas \u201376\u202f%, luminosidad +38\u202f%, reducci\u00f3n de c\u00edrculos azules \u201350\u202f%, marrones \u201347\u202f% y rojos \u201383\u202f%<\/p>\n<\/li>\n<\/ul>\n<hr data-start=\"1750\" data-end=\"1753\" \/>\n<h2 data-start=\"1755\" data-end=\"1777\">Ingredientes clave<\/h2>\n<ul data-start=\"1779\" data-end=\"2463\">\n<li data-start=\"1779\" data-end=\"1869\">\n<p data-start=\"1781\" data-end=\"1869\"><strong data-start=\"1781\" data-end=\"1789\">NCEF<\/strong>: complejo patentado de Filorga que combina m\u00faltiples nutrientes revitalizantes.<\/p>\n<\/li>\n<li data-start=\"1870\" data-end=\"2014\">\n<p data-start=\"1872\" data-end=\"2014\"><strong data-start=\"1872\" data-end=\"1893\">\u00c1cido hialur\u00f3nico<\/strong> (en microesferas multilaminares): aporta hidrataci\u00f3n y efecto relleno al contorno<\/p>\n<\/li>\n<li data-start=\"2015\" data-end=\"2127\">\n<p data-start=\"2017\" data-end=\"2127\"><strong data-start=\"2017\" data-end=\"2029\">Col\u00e1geno<\/strong> (tambi\u00e9n encapsulado): ayuda a recuperar volumen y firmeza<\/p>\n<\/li>\n<li data-start=\"2128\" data-end=\"2232\">\n<p data-start=\"2130\" data-end=\"2232\"><strong data-start=\"2130\" data-end=\"2144\">Vitamina\u202fC<\/strong> (encapsulada): potente antioxidante e iluminador<\/p>\n<\/li>\n<li data-start=\"2233\" data-end=\"2337\">\n<p data-start=\"2235\" data-end=\"2337\"><strong data-start=\"2235\" data-end=\"2245\">Escina<\/strong> (extracto de casta\u00f1o de Indias): reduce la hinchaz\u00f3n<\/p>\n<\/li>\n<li data-start=\"2338\" data-end=\"2463\">\n<p data-start=\"2340\" data-end=\"2463\"><strong data-start=\"2340\" data-end=\"2351\">Cafe\u00edna<\/strong> (vectorizada): estimula la microcirculaci\u00f3n, minimiza bolsas y arrugas<\/p>\n<\/li>\n<\/ul>\n<hr data-start=\"2465\" data-end=\"2468\" \/>\n<h2 data-start=\"2470\" data-end=\"2496\">Recomendaciones de uso<\/h2>\n<h3 data-start=\"2498\" data-end=\"2527\">Instrucciones generales:<\/h3>\n<ul data-start=\"2528\" data-end=\"3119\">\n<li data-start=\"2528\" data-end=\"2584\">\n<p data-start=\"2530\" data-end=\"2584\">Se utiliza <strong data-start=\"2541\" data-end=\"2561\">ma\u00f1ana y\/o noche<\/strong>, tras limpiar la piel.<\/p>\n<\/li>\n<li data-start=\"2585\" data-end=\"2753\">\n<p data-start=\"2587\" data-end=\"2753\">Aplica <strong data-start=\"2594\" data-end=\"2642\">una cantidad del tama\u00f1o de un grano de arroz<\/strong> alrededor de todo el contorno de ojos, incluyendo p\u00e1rpados superiores<\/p>\n<\/li>\n<li data-start=\"2754\" data-end=\"2923\">\n<p data-start=\"2756\" data-end=\"2923\">La t\u00e9cnica recomendada: aplicar con ligeros toques desde el <strong data-start=\"2816\" data-end=\"2845\">\u00e1ngulo interno al externo<\/strong>, promoviendo circulaci\u00f3n y absorci\u00f3n<\/p>\n<\/li>\n<li data-start=\"2924\" data-end=\"3119\">\n<p data-start=\"2926\" data-end=\"3119\">Otro m\u00e9todo: masajear suavemente con la yema del dedo \u00edndice e incluir puntos clave para estimular microcirculaci\u00f3n (interior del ojo, ojeras, exterior)<\/p>\n<\/li>\n<\/ul>\n","protected":false},"excerpt":{"rendered":"<p>Detalles y Especificaciones 1. Qu\u00e9 es y qu\u00e9 hace Es una crema-s\u00e9rum para el contorno de ojos con acci\u00f3n multicorrectora: combate arrugas, flacidez, falta de luminosidad, ojeras y bolsas bajo los ojos Inspirada en meso-inyecciones, utiliza el complejo NCEF, un [&hellip;]<\/p>\n","protected":false},"featured_media":62641,"comment_status":"open","ping_status":"closed","template":"","meta":[],"product_brand":[423],"product_cat":[203,73,162,160,49,519,486,200],"product_tag":[],"class_list":{"0":"post-61680","1":"product","2":"type-product","3":"status-publish","4":"has-post-thumbnail","6":"product_brand-filorga","7":"product_cat-antioxidante","8":"product_cat-contorno-de-ojos","9":"product_cat-crema-contorno-de-ojos-tipo-de-producto","10":"product_cat-efecto-lifting","11":"product_cat-filorga","12":"product_cat-invierno","13":"product_cat-promociones-2026","14":"product_cat-reafirmante","16":"first","17":"instock","18":"shipping-taxable","19":"purchasable","20":"product-type-simple"},"aioseo_notices":[],"_links":{"self":[{"href":"https:\/\/iselamendez.mx\/farmacia\/wp-json\/wp\/v2\/product\/61680","targetHints":{"allow":["GET"]}}],"collection":[{"href":"https:\/\/iselamendez.mx\/farmacia\/wp-json\/wp\/v2\/product"}],"about":[{"href":"https:\/\/iselamendez.mx\/farmacia\/wp-json\/wp\/v2\/types\/product"}],"replies":[{"embeddable":true,"href":"https:\/\/iselamendez.mx\/farmacia\/wp-json\/wp\/v2\/comments?post=61680"}],"wp:featuredmedia":[{"embeddable":true,"href":"https:\/\/iselamendez.mx\/farmacia\/wp-json\/wp\/v2\/media\/62641"}],"wp:attachment":[{"href":"https:\/\/iselamendez.mx\/farmacia\/wp-json\/wp\/v2\/media?parent=61680"}],"wp:term":[{"taxonomy":"product_brand","embeddable":true,"href":"https:\/\/iselamendez.mx\/farmacia\/wp-json\/wp\/v2\/product_brand?post=61680"},{"taxonomy":"product_cat","embeddable":true,"href":"https:\/\/iselamendez.mx\/farmacia\/wp-json\/wp\/v2\/product_cat?post=61680"},{"taxonomy":"product_tag","embeddable":true,"href":"https:\/\/iselamendez.mx\/farmacia\/wp-json\/wp\/v2\/product_tag?post=61680"}],"curies":[{"name":"wp","href":"https:\/\/api.w.org\/{rel}","templated":true}]}}